
{"id":16174,"date":"2016-03-09T06:45:35","date_gmt":"2016-03-09T06:45:35","guid":{"rendered":"https:\/\/demo2.chethemes.com\/electro\/?page_id=2513"},"modified":"2025-11-19T15:34:04","modified_gmt":"2025-11-19T14:34:04","slug":"contact","status":"publish","type":"page","link":"https:\/\/stonehouse.se\/en\/contact\/","title":{"rendered":"Contact"},"content":{"rendered":"<div class=\"wpb-content-wrapper\"><div class=\"vc_row wpb_row vc_row-fluid vc_custom_1457506356430\"><div class=\"wpb_column vc_column_container vc_col-sm-8\"><div class=\"vc_column-inner\"><div class=\"wpb_wrapper\">\n\t<div class=\"wpb_text_column wpb_content_element vc_custom_1763562833159\" >\n\t\t<div class=\"wpb_wrapper\">\n\t\t\t<h2 style=\"text-align: left;\"><strong>Contact us<\/strong><\/h2>\n<table>\n<tbody>\n<tr>\n<td style=\"text-align: left;\" valign=\"top\" width=\"50%\">V\u00e4lkommen att kontakta oss via nedanst\u00e5ende uppgifter, vi svarar alltid p\u00e5 e-post inom max 24 timmar.<\/p>\n<p>Tel: +46 31 385 42 00<br \/>\nE-post:\u00a0<a href=\"mailto:stonehouse@stonehouse.se\">stonehouse@stonehouse.se<\/a><br \/>\nOrganisationsnummer: 556757-6052<\/td>\n<\/tr>\n<\/tbody>\n<\/table>\n<div><span style=\"color: #ffffff;\">&#8211;<\/span><\/div>\n<div><\/div>\n<div>\n<table>\n<tbody>\n<tr>\n<td width=\"302\">\n<h2 style=\"text-align: center;\"><strong><span style=\"text-decoration: underline;\"><img decoding=\"async\" class=\"size-full wp-image-79192\" src=\"https:\/\/stonehouse.se\/wp-content\/uploads\/2024\/11\/alexander-sjoberg-alingsas.png\" alt=\"\" width=\"150\" height=\"150\" title=\"\" srcset=\"https:\/\/stonehouse.se\/wp-content\/uploads\/2024\/11\/alexander-sjoberg-alingsas.png 150w, https:\/\/stonehouse.se\/wp-content\/uploads\/2024\/11\/alexander-sjoberg-alingsas-60x60.png 60w, https:\/\/stonehouse.se\/wp-content\/uploads\/2024\/11\/alexander-sjoberg-alingsas-64x64.png 64w, https:\/\/stonehouse.se\/wp-content\/uploads\/2024\/11\/alexander-sjoberg-alingsas-12x12.png 12w\" sizes=\"(max-width: 150px) 100vw, 150px\" \/><\/span><\/strong><\/h2>\n<h2 style=\"text-align: center;\"><strong>F\u00f6rs\u00e4ljning<\/strong><\/h2>\n<p style=\"text-align: center;\"><strong>Alexander Sj\u00f6berg<\/strong><br \/>\n<a href=\"mailto:alexander.sjoberg@stonehouse.se?subject=Hej%20Alexander%2C%20\">alexander.sjoberg@stonehouse.se<\/a><br \/>\n<strong>Tel<\/strong>: 0736 990545<\/p>\n<p style=\"text-align: center;\">\n<\/td>\n<td width=\"302\">\n<h2 style=\"text-align: center;\"><span style=\"text-decoration: underline;\"><strong><img decoding=\"async\" class=\"size-full wp-image-79190 aligncenter\" src=\"https:\/\/stonehouse.se\/wp-content\/uploads\/2024\/11\/william-sjoberg-alingsas.png\" alt=\"\" width=\"150\" height=\"150\" title=\"\" srcset=\"https:\/\/stonehouse.se\/wp-content\/uploads\/2024\/11\/william-sjoberg-alingsas.png 150w, https:\/\/stonehouse.se\/wp-content\/uploads\/2024\/11\/william-sjoberg-alingsas-60x60.png 60w, https:\/\/stonehouse.se\/wp-content\/uploads\/2024\/11\/william-sjoberg-alingsas-64x64.png 64w, https:\/\/stonehouse.se\/wp-content\/uploads\/2024\/11\/william-sjoberg-alingsas-12x12.png 12w\" sizes=\"(max-width: 150px) 100vw, 150px\" \/><br \/>\n<\/strong><\/span><strong>S\u00e4lj \/ Utveckling<\/strong><\/h2>\n<p style=\"text-align: center;\"><strong>William Sj\u00f6berg<\/strong><br \/>\n<a href=\"mailto:william.sjoberg@stonehouse.se?subject=Hej%20William%2C%20\">william.sjoberg@stonehouse.se<\/a><br \/>\n<strong>Tel<\/strong>: 0728 985065<\/p>\n<p style=\"text-align: center;\">\n<\/td>\n<\/tr>\n<\/tbody>\n<\/table>\n<\/div>\n<p>&nbsp;<\/p>\n<p style=\"text-align: center;\">Ekonomi och Fakturafr\u00e5gor: <strong>ekonomi@stonehouse.se<\/strong><\/p>\n<p style=\"text-align: center;\">\u00d6vriga \u00e4renden:\u00a0 <strong>stonehouse@stonehouse.se<\/strong><\/p>\n<p style=\"text-align: center;\">Vi svarar och hanterar dina fr\u00e5gor omg\u00e5ende!<\/p>\n\n\t\t<\/div>\n\t<\/div>\n<\/div><\/div><\/div><div class=\"store-info store-info-v2 wpb_column vc_column_container vc_col-sm-4\"><div class=\"vc_column-inner\"><div class=\"wpb_wrapper\">\n\t<div class=\"wpb_text_column wpb_content_element inner-left-xs\" >\n\t\t<div class=\"wpb_wrapper\">\n\t\t\t<h2 class=\"contact-page-title\">V\u00e5r Adress<\/h2>\n<p>Stonehouse Security AB<br \/>\nc\/o Axxona<br \/>\n\u00c4ngsvaktaregatan 29<br \/>\n441 38 Alings\u00e5s<\/p>\n<h3><u><strong>Delivery adress &#8211; Leveransadress paket:<\/strong><\/u><\/h3>\n<p><strong>Company:<\/strong> Stonehouse Security AB<br \/>\n<strong>Gata\/Street<\/strong>: \u00c4ngsvaktaregatan 29<br \/>\n<strong>Postnummer\/ZIP Code<\/strong>: 441 38<br \/>\n<strong>City:<\/strong>\u00a0Alings\u00e5s<br \/>\n<strong>L\u00e4n\/Province<\/strong>: Vastra Gotaland<br \/>\n<strong>Country<\/strong>: Sweden<br \/>\n<strong>Contact<\/strong>: Alexander Sjoberg +46736990545<br \/>\n<strong>VAT nummer<\/strong>: SE556757605201<\/p>\n<p><strong>Eori Toll: <\/strong>\u00a0SE5567576052<br \/>\n<strong>VOEC (NO)<\/strong>: 3023621<\/p>\n<h3><u><strong>\u00d6ppettider p\u00e5 v\u00e5rt lager d\u00e4r du ocks\u00e5 kan h\u00e4mta material:<\/strong><\/u><\/h3>\n<p>M\u00e5ndag &#8211; torsdag: kl. 8.00 &#8211; 16.00<br \/>\nFredag: kl. 8.00 &#8211; 14.30<\/p>\n<p>Var v\u00e4nlig ring innan: 031 &#8211; 385 42 00 alternativt 0736-990545\u00a0 \/ 0728-985065<\/p>\n\n\t\t<\/div>\n\t<\/div>\n<div class=\"wpb_gmaps_widget wpb_content_element vc_custom_1663228688780 inner-left-xs\"><div class=\"wpb_wrapper\"><div class=\"wpb_map_wraper\"><iframe src=\"https:\/\/www.google.com\/maps\/embed?pb=!1m18!1m12!1m3!1d2117.5901982499704!2d12.556928251822724!3d57.943956228261925!2m3!1f0!2f0!3f0!3m2!1i1024!2i768!4f13.1!3m3!1m2!1s0x46454d6b4fb7a5e7%3A0x2f878c13a2022c3f!2s%C3%84ngsvaktaregatan%2029%2C%20441%2038%20Alings%C3%A5s!5e0!3m2!1ssv!2sse!4v1663228665788!5m2!1ssv!2sse\" width=\"600\" height=\"288\" style=\"border:0;\" allowfullscreen=\"\" loading=\"lazy\" referrerpolicy=\"no-referrer-when-downgrade\"><\/iframe><\/div><\/div><\/div><\/div><\/div><\/div><\/div>\n<\/div>","protected":false},"excerpt":{"rendered":"Kontakta oss V\u00e4lkommen att kontakta oss via nedanst\u00e5ende uppgifter, vi svarar alltid p\u00e5 e-post inom max 24 timmar. Tel: +46","protected":false},"author":488,"featured_media":0,"parent":0,"menu_order":0,"comment_status":"closed","ping_status":"closed","template":"","meta":{"_acf_changed":false,"footnotes":""},"class_list":["post-16174","page","type-page","status-publish","hentry"],"acf":[],"_links":{"self":[{"href":"https:\/\/stonehouse.se\/en\/wp-json\/wp\/v2\/pages\/16174","targetHints":{"allow":["GET"]}}],"collection":[{"href":"https:\/\/stonehouse.se\/en\/wp-json\/wp\/v2\/pages"}],"about":[{"href":"https:\/\/stonehouse.se\/en\/wp-json\/wp\/v2\/types\/page"}],"author":[{"embeddable":true,"href":"https:\/\/stonehouse.se\/en\/wp-json\/wp\/v2\/users\/488"}],"replies":[{"embeddable":true,"href":"https:\/\/stonehouse.se\/en\/wp-json\/wp\/v2\/comments?post=16174"}],"version-history":[{"count":17,"href":"https:\/\/stonehouse.se\/en\/wp-json\/wp\/v2\/pages\/16174\/revisions"}],"predecessor-version":[{"id":94100,"href":"https:\/\/stonehouse.se\/en\/wp-json\/wp\/v2\/pages\/16174\/revisions\/94100"}],"wp:attachment":[{"href":"https:\/\/stonehouse.se\/en\/wp-json\/wp\/v2\/media?parent=16174"}],"curies":[{"name":"wp","href":"https:\/\/api.w.org\/{rel}","templated":true}]}}