
{"id":23916,"date":"2022-09-13T18:00:04","date_gmt":"2022-09-13T16:00:04","guid":{"rendered":"https:\/\/stonehouse.se\/my-account\/"},"modified":"2026-03-25T13:45:13","modified_gmt":"2026-03-25T12:45:13","slug":"mitt-konto","status":"publish","type":"page","link":"https:\/\/stonehouse.se\/en\/mitt-konto\/","title":{"rendered":"Mitt konto"},"content":{"rendered":"<div class=\"wpb-content-wrapper\"><div class=\"vc_row wpb_row vc_row-fluid\"><div class=\"wpb_column vc_column_container vc_col-sm-8\"><div class=\"vc_column-inner\"><div class=\"wpb_wrapper\">\n\t<div class=\"wpb_text_column wpb_content_element\" >\n\t\t<div class=\"wpb_wrapper\">\n\t\t\t    <div style=\"padding: 1em; border: 1px solid #ddd; background-color: #f9f9f9; font-family: sans-serif; line-height: 1.6;\">\n        <h2 style=\"margin-top: 0;\">V\u00e4lkommen till Stonehouse Webshop<\/h2>\n        <p>Vi samlar allt under ett tak \u2013 med \u00f6ver <strong>150&nbsp;000 RFID-produkter i lager<\/strong> levererar vi snabbt och effektivt till branschens yrkesverksamma. Som inloggad kund f\u00e5r du tillg\u00e5ng till <strong>unika produkter<\/strong> och ett best\u00e4llningsfl\u00f6de som tar <strong>mindre \u00e4n 1 minut<\/strong>.<\/p>\n\n        <hr style=\"margin: 1.5em 0; border: none; border-top: 1px solid #ccc;\">\n\n        <h3>Beh\u00f6ver du bli kund?<\/h3>\n        <p>\n            Stonehouse \u00e4r en <strong>B2B-distribut\u00f6r<\/strong> och vi s\u00e4ljer endast till registrerade f\u00f6retag i s\u00e4kerhetsbranschen \u2013 till exempel l\u00e5ssmeder, s\u00e4kerhetsinstallat\u00f6rer, elinstallat\u00f6rer samt integrat\u00f6rer av RFID-l\u00f6sningar f\u00f6r accesskontroll.\n        <\/p>\n\t\t<p> \ud83d\udc49 <strong><a href=\"https:\/\/stonehouse.se\/bli-kund\/\" target=\"_blank\" rel=\"noopener\">Ans\u00f6k om konto h\u00e4r<\/a><\/strong><br> <\/p>\n    <\/div>\n    \n\n\t\t<\/div>\n\t<\/div>\n<\/div><\/div><\/div><div class=\"wpb_column vc_column_container vc_col-sm-4\"><div class=\"vc_column-inner\"><div class=\"wpb_wrapper\">\n\t<div class=\"wpb_text_column wpb_content_element\" >\n\t\t<div class=\"wpb_wrapper\">\n\t\t\t    <div style=\"padding: 1em; border: 1px solid #ddd; background-color: #f0f4f8; font-family: sans-serif; line-height: 1.6;\">\n        <h3>Registrera dig idag och f\u00e5 tillg\u00e5ng till:<\/h3>\n        <ul style=\"margin-left: 1.2em;\">\n            <li>\u2714 Gener\u00f6sa yrkesrabatter och snabb utcheckning<\/li>\n            <li>\u2714 Enkel sp\u00e5rning av dina best\u00e4llningar<\/li>\n            <li>\u2714 Full historik \u00f6ver alla dina ink\u00f6p<\/li>\n            <li>\u2714 Kundunikt lager med dina anpassade produkter<\/li>\n            <li>\u2714 Egen design p\u00e5 taggar & RFID-l\u00f6sningar<\/li>\n            <li>\u2714 M\u00f6jlighet till egen prislista och dropshipping direkt fr\u00e5n v\u00e5r butik<\/li>\n        <\/ul>\n        <p>\n            \ud83d\udc49 <strong><a href=\"https:\/\/stonehouse.se\/bli-kund\/\" target=\"_blank\" rel=\"noopener\">Ans\u00f6k om konto h\u00e4r<\/a><\/strong><br>\n            \ud83d\udce7 Eller kontakta oss p\u00e5 <a href=\"mailto:stonehouse@stonehouse.se\">stonehouse@stonehouse.se<\/a>\n\t\t\t<br><em>Vi svarar inom 1 arbetsdag.<\/em>\n        <\/p>\n    <\/div>\n    \n\n\t\t<\/div>\n\t<\/div>\n<\/div><\/div><\/div><\/div><div class=\"vc_row wpb_row vc_row-fluid\"><div class=\"wpb_column vc_column_container vc_col-sm-12\"><div class=\"vc_column-inner\"><div class=\"wpb_wrapper\"><div class=\"woocommerce\"><\/div><\/div><\/div><\/div><\/div><div class=\"vc_row wpb_row vc_row-fluid\"><div class=\"wpb_column vc_column_container vc_col-sm-12\"><div class=\"vc_column-inner\"><div class=\"wpb_wrapper\">\t\t\t<section class=\"section-products-carousel\" >\n\n\t\t\t\t\n\t\t\t\t<header>\n\n\t\t\t\t\t<h2 class=\"h1\">Nytt i sortiment<\/h2>\n\n\t\t\t\t\t\t\t\t\t<div class=\"owl-nav\">\n\t\t\t\t\t\t\t\t\t\t\t\t<a href=\"#products-carousel-prev\" data-target=\"#products-carousel-69d838df61785\" class=\"slider-prev\"><i class=\"fa fa-angle-left\"><\/i><\/a>\n\t\t\t\t\t\t<a href=\"#products-carousel-next\" data-target=\"#products-carousel-69d838df61785\" class=\"slider-next\"><i class=\"fa fa-angle-right\"><\/i><\/a>\n\t\t\t\t\t\t\t\t\t\t\t<\/div>\n\t\t\t\t\n\t\t\t\t<\/header>\n\n\t\t\t\t\n\t\t\t\t<div id=\"products-carousel-69d838df61785\" data-ride=\"owl-carousel\" data-replace-active-class=\"true\" data-carousel-selector=\".products-carousel\" data-carousel-options=\"{&quot;items&quot;:4,&quot;nav&quot;:&quot;true&quot;,&quot;slideSpeed&quot;:300,&quot;dots&quot;:&quot;true&quot;,&quot;rtl&quot;:false,&quot;paginationSpeed&quot;:400,&quot;navText&quot;:[&quot;&quot;,&quot;&quot;],&quot;margin&quot;:0,&quot;touchDrag&quot;:false,&quot;responsive&quot;:{&quot;0&quot;:{&quot;items&quot;:2},&quot;480&quot;:{&quot;items&quot;:2},&quot;768&quot;:{&quot;items&quot;:2},&quot;992&quot;:{&quot;items&quot;:3},&quot;1200&quot;:{&quot;items&quot;:5},&quot;1430&quot;:{&quot;items&quot;:4},&quot;1480&quot;:{&quot;items&quot;:&quot;6&quot;}},&quot;autoplay&quot;:false}\">\n\t\t\t\t<div class=\"woocommerce columns-4 \"><\/div>\t\t\t\t<\/div>\n\t\t\t<\/section>\n\t\t<\/div><\/div><\/div><\/div>\n<\/div>","protected":false},"excerpt":{"rendered":"V\u00e4lkommen till Stonehouse Webshop Vi samlar allt under ett tak \u2013 med \u00f6ver 150&nbsp;000 RFID-produkter i lager levererar vi snabbt","protected":false},"author":1,"featured_media":0,"parent":0,"menu_order":0,"comment_status":"closed","ping_status":"closed","template":"","meta":{"_acf_changed":false,"footnotes":""},"class_list":["post-23916","page","type-page","status-publish","hentry"],"acf":[],"_links":{"self":[{"href":"https:\/\/stonehouse.se\/en\/wp-json\/wp\/v2\/pages\/23916","targetHints":{"allow":["GET"]}}],"collection":[{"href":"https:\/\/stonehouse.se\/en\/wp-json\/wp\/v2\/pages"}],"about":[{"href":"https:\/\/stonehouse.se\/en\/wp-json\/wp\/v2\/types\/page"}],"author":[{"embeddable":true,"href":"https:\/\/stonehouse.se\/en\/wp-json\/wp\/v2\/users\/1"}],"replies":[{"embeddable":true,"href":"https:\/\/stonehouse.se\/en\/wp-json\/wp\/v2\/comments?post=23916"}],"version-history":[{"count":3,"href":"https:\/\/stonehouse.se\/en\/wp-json\/wp\/v2\/pages\/23916\/revisions"}],"predecessor-version":[{"id":94993,"href":"https:\/\/stonehouse.se\/en\/wp-json\/wp\/v2\/pages\/23916\/revisions\/94993"}],"wp:attachment":[{"href":"https:\/\/stonehouse.se\/en\/wp-json\/wp\/v2\/media?parent=23916"}],"curies":[{"name":"wp","href":"https:\/\/api.w.org\/{rel}","templated":true}]}}