
{"id":67692,"date":"2024-01-23T14:51:28","date_gmt":"2024-01-23T13:51:28","guid":{"rendered":"https:\/\/stonehouse.se\/?page_id=67692"},"modified":"2024-07-01T17:22:43","modified_gmt":"2024-07-01T15:22:43","slug":"stonehouse-ackrediterade-for-rco-desfire-application-id-raid","status":"publish","type":"page","link":"https:\/\/stonehouse.se\/en\/stonehouse-ackrediterade-for-rco-desfire-application-id-raid\/","title":{"rendered":"Stonehouse accredited for RCO DESFire Application ID (RAID)"},"content":{"rendered":"<h1><strong>Stonehouse achieves certification for advanced technology in access control systems<\/strong><\/h1>\n<p><strong><em>Ett Stort Steg Fram\u00e5t f\u00f6r S\u00e4kerhet och Tillf\u00f6rlitlighet<\/em><\/strong><\/p>\n<p>Stonehouse, en ledande akt\u00f6r inom s\u00e4kerhetsteknologi, \u00e4r glada att meddela att vi nu har erh\u00e5llit certifiering f\u00f6r RCO DESFire Application ID (RAID). Denna certifiering markerar v\u00e5rt \u00e5tagande att erbjuda toppmoderna s\u00e4kerhetsl\u00f6sningar f\u00f6r passerkontroller.<\/p>\n<h2><a href=\"https:\/\/www.rco.se\/lastekniker\/vanliga-fragor-om-lastekniker\/godkanda-kortutgivare-mifare-desfire-ev2\" target=\"_blank\" rel=\"noopener\"><strong><img decoding=\"async\" title=\"Stonehouse accredited for RCO DESFire Application ID (RAID)\" class=\"alignnone size-full wp-image-68111\" src=\"https:\/\/stonehouse.se\/wp-content\/uploads\/2024\/02\/stonehouse-rco-leverantor.png\" alt=\"\" width=\"300\" height=\"117\" srcset=\"https:\/\/stonehouse.se\/wp-content\/uploads\/2024\/02\/stonehouse-rco-leverantor.png 300w, https:\/\/stonehouse.se\/wp-content\/uploads\/2024\/02\/stonehouse-rco-leverantor-64x25.png 64w, https:\/\/stonehouse.se\/wp-content\/uploads\/2024\/02\/stonehouse-rco-leverantor-150x59.png 150w\" sizes=\"(max-width: 300px) 100vw, 300px\" \/><\/strong><\/a><\/h2>\n<h2><strong>Utmaningar med traditionella passerkontrollsystem<\/strong><\/h2>\n<p>Passerkontroller som bygger p\u00e5 enkla och i vissa fall kn\u00e4ckta chip, som EM och Mifare Classic, \u00e4r p\u00e5 l\u00e5ng sikt oh\u00e5llbara. Dessa l\u00f6sningar utg\u00f6r en potentiell s\u00e4kerhetsrisk, och garantin f\u00f6r systemens integritet blir d\u00e4rmed os\u00e4ker. F\u00f6r att m\u00f6ta dagens och framtidens s\u00e4kerhetskrav \u00e4r det n\u00f6dv\u00e4ndigt att h\u00f6ja s\u00e4kerhetsniv\u00e5n, s\u00e4rskilt genom att \u00f6verg\u00e5 till s\u00e4krare chip, l\u00e4sare och programmeringar.<\/p>\n<h3><strong>MifareDESFire EV2 \u2013 En nyckel till h\u00f6g s\u00e4kerhet<\/strong><\/h3>\n<p>Stonehouse v\u00e4ljer att fokusera p\u00e5 MifareDESFire EV2-chip i nyckelbrickor och kort, programmerade p\u00e5 ett s\u00e4kert s\u00e4tt. Denna avancerade teknologi erbjuder en mycket h\u00f6g s\u00e4kerhetsniv\u00e5 och \u00e4r kompatibel med m\u00e5nga etablerade passerkontrollsystem. Vi har sett framg\u00e5ngsrika implementeringar av denna l\u00f6sning under flera \u00e5r, och vi delar v\u00e5r erfarenhet och kunskap f\u00f6r att skapa en smidig och effektiv installationsprocess f\u00f6r v\u00e5ra kunder.<\/p>\n<h4><strong>Certifierade f\u00f6r RAID \u2013 En ny standard f\u00f6r s\u00e4kerhet<\/strong><\/h4>\n<p>Stonehouse har blivit ackrediterade som leverant\u00f6rer av RAID-produkter, vilka \u00e4r kompatibla med RCOs R-CARD M5 system. RAID, baserad p\u00e5 MifareDESFire EV2, f\u00f6ljer RCOs strikta ackrediteringsstandarder. Genom Secure Key Exchange Process (SKEP), s\u00e4kerst\u00e4ller vi en trygg och smidig \u00f6verf\u00f6ring av hemliga nycklar till kunden. Aktivering av RAID i RCO-systemet \u00e4r enkel och kr\u00e4ver endast att kunden anger sin unika RAID-kod vid best\u00e4llning.<\/p>\n<h5><strong>En enkel och s\u00e4ker best\u00e4llningsprocess<\/strong><\/h5>\n<p>F\u00f6r att best\u00e4lla Stonehouses RAID-produkter till R-CARD M5 systemet \u00e4r det enkelt och s\u00e4kert. Kontakta oss och meddela att ni vill ha en RAID. Vi levererar RAID till er enligt SKEP och producerar och levererar era produkter. Vid n\u00e4sta best\u00e4llning anger ni er RAID-kod, vilket garanterar att produkterna \u00e4r skr\u00e4ddarsydda f\u00f6r ert system.<\/p>\n<h6><strong>Om DESFire \u2013 En innovativ s\u00e4kerhetsplattform<\/strong><\/h6>\n<p><em>NXP MIFARE\u00ae DESFire\u00ae-familjen best\u00e5r av olika kontaktl\u00f6sa IC:er.<\/em> Dessa \u00e4r perfekt l\u00e4mpade f\u00f6r l\u00f6sningsutvecklare, systemoperat\u00f6rer och integrat\u00f6rer. Plattformen m\u00f6jligg\u00f6r en extremt p\u00e5litlig, interoperabel och skalbar kontaktl\u00f6s l\u00f6sning f\u00f6r utveckling. Det till\u00e5ter kortl\u00f6sningar f\u00f6r flera applikationer f\u00f6r identitet, \u00e5tkomstkontroll, lojalitet, logisk \u00e5tkomstkontroll och multibetalningsl\u00f6sningar. MIFARE DESFire till\u00e5ter snabb och mycket s\u00e4ker data\u00f6verf\u00f6ring med olika minnesstorlekar och organisation. Stonehouse \u00e4r stolta \u00f6ver att integrera denna innovativa s\u00e4kerhetsplattform i v\u00e5ra l\u00f6sningar f\u00f6r att maximera s\u00e4kerheten f\u00f6r v\u00e5ra kunder.<\/p>\n<p>Ni kan l\u00e4sa \u00e4nnu mer p\u00e5 RCO&#8217;s hemsida <a href=\"https:\/\/www.rco.se\/\" target=\"_blank\" rel=\"noopener\">www.rco.se<\/a><\/p>","protected":false},"excerpt":{"rendered":"<p>Stonehouse uppn\u00e5r certifiering f\u00f6r avancerad teknologi inom passersystem Ett Stort Steg Fram\u00e5t f\u00f6r S\u00e4kerhet och Tillf\u00f6rlitlighet Stonehouse, en ledande akt\u00f6r<\/p>","protected":false},"author":1,"featured_media":0,"parent":0,"menu_order":0,"comment_status":"closed","ping_status":"closed","template":"","meta":{"_acf_changed":false,"footnotes":""},"class_list":["post-67692","page","type-page","status-publish","hentry"],"acf":[],"_links":{"self":[{"href":"https:\/\/stonehouse.se\/en\/wp-json\/wp\/v2\/pages\/67692","targetHints":{"allow":["GET"]}}],"collection":[{"href":"https:\/\/stonehouse.se\/en\/wp-json\/wp\/v2\/pages"}],"about":[{"href":"https:\/\/stonehouse.se\/en\/wp-json\/wp\/v2\/types\/page"}],"author":[{"embeddable":true,"href":"https:\/\/stonehouse.se\/en\/wp-json\/wp\/v2\/users\/1"}],"replies":[{"embeddable":true,"href":"https:\/\/stonehouse.se\/en\/wp-json\/wp\/v2\/comments?post=67692"}],"version-history":[{"count":16,"href":"https:\/\/stonehouse.se\/en\/wp-json\/wp\/v2\/pages\/67692\/revisions"}],"predecessor-version":[{"id":68112,"href":"https:\/\/stonehouse.se\/en\/wp-json\/wp\/v2\/pages\/67692\/revisions\/68112"}],"wp:attachment":[{"href":"https:\/\/stonehouse.se\/en\/wp-json\/wp\/v2\/media?parent=67692"}],"curies":[{"name":"wp","href":"https:\/\/api.w.org\/{rel}","templated":true}]}}