
{"id":86352,"date":"2025-01-23T18:19:17","date_gmt":"2025-01-23T17:19:17","guid":{"rendered":"https:\/\/stonehouse.se\/?page_id=86352"},"modified":"2025-01-23T18:31:30","modified_gmt":"2025-01-23T17:31:30","slug":"bli-kund","status":"publish","type":"page","link":"https:\/\/stonehouse.se\/en\/bli-kund\/","title":{"rendered":"Bli kund"},"content":{"rendered":"<div class=\"wpb-content-wrapper\"><div class=\"vc_row wpb_row vc_row-fluid\"><div class=\"wpb_column vc_column_container vc_col-sm-12\"><div class=\"vc_column-inner\"><div class=\"wpb_wrapper\">\n\t<div class=\"wpb_text_column wpb_content_element\" >\n\t\t<div class=\"wpb_wrapper\">\n\t\t\t<h2 style=\"text-align: left;\"><strong>Bli kund hos Stonehouse Security<\/strong><\/h2>\n<h5 style=\"text-align: left;\"><strong>Vi ser fram emot att v\u00e4lkomna dig som kund! H\u00e4r beskriver vi kort hur processen g\u00e5r till:<\/strong><\/h5>\n\n\t\t<\/div>\n\t<\/div>\n\n\t<div class=\"wpb_text_column wpb_content_element\" >\n\t\t<div class=\"wpb_wrapper\">\n\t\t\t<h4><strong>1. \u00c4r vi r\u00e4tt f\u00f6r dig?<\/strong><\/h4>\n<p>Vi \u00e4r en grossist som endast s\u00e4ljer till registrerade f\u00f6retag inom s\u00e4kerhetsbranschen eller f\u00f6retag som arbetar med RFID och identifikationsl\u00f6sningar. F\u00f6r att bli kund hos oss kr\u00e4vs det att ditt f\u00f6retag \u00e4r aktivt inom n\u00e5gon av dessa omr\u00e5den. Vi genomf\u00f6r alltid en noggrann kontroll av alla ans\u00f6kningar f\u00f6r att s\u00e4kerst\u00e4lla detta.<\/p>\n\n\t\t<\/div>\n\t<\/div>\n\n\t<div class=\"wpb_text_column wpb_content_element\" >\n\t\t<div class=\"wpb_wrapper\">\n\t\t\t<h4><strong>2. Skicka in din ans\u00f6kan<\/strong><\/h4>\n<p>Om du tycker att vi passar f\u00f6r dina behov kan du enkelt ans\u00f6ka om att bli kund genom att skicka ett mejl till oss p\u00e5 <a id=\"menur8iu\" class=\"fui-Link ___1q1shib f2hkw1w f3rmtva f1ewtqcl fyind8e f1k6fduh f1w7gpdv fk6fouc fjoy568 figsok6 f1s184ao f1mk8lai fnbmjn9 f1o700av f13mvf36 f1cmlufx f9n3di6 f1ids18y f1tx3yz7 f1deo86v f1eh06m1 f1iescvh fhgqx19 f1olyrje f1p93eir f1nev41a f1h8hb77 f1lqvz6u f10aw75t fsle3fq f17ae5zn\" title=\"mailto:stonehouse@stonehouse.se\" href=\"mailto:stonehouse@stonehouse.se\" target=\"_blank\" rel=\"noreferrer noopener\" aria-label=\"L\u00e4nk stonehouse@stonehouse.se\"><strong>stonehouse@stonehouse.se<\/strong><\/a>. V\u00e4nligen inkludera f\u00f6ljande information:<\/p>\n<ul>\n<li>F\u00f6retagsnamn<\/li>\n<li>F\u00f6rnamn och efternamn<\/li>\n<li>Telefonnummer<\/li>\n<li>Organisationsnummer<\/li>\n<li>Namn p\u00e5 firmatecknare<\/li>\n<li>Beskriv g\u00e4rna vilket produktsortiment ni \u00e4r mest intresserade av samt g\u00e4rna lite om ert f\u00f6retag.<\/li>\n<\/ul>\n\n\t\t<\/div>\n\t<\/div>\n\n\t<div class=\"wpb_text_column wpb_content_element\" >\n\t\t<div class=\"wpb_wrapper\">\n\t\t\t<h4><strong>3. Vi behandlar din ans\u00f6kan<\/strong><\/h4>\n<p>N\u00e4r vi mottagit din ans\u00f6kan kommer vi att behandla den s\u00e5 snabbt som m\u00f6jligt. Processen inkluderar en kontroll av f\u00f6retagsuppgifter, kreditupplysning och vid behov beg\u00e4r vi kompletterande information.<\/p>\n<p>Vi kontaktar dig inom 1 arbetsdag.<\/p>\n\n\t\t<\/div>\n\t<\/div>\n\n\t<div class=\"wpb_text_column wpb_content_element\" >\n\t\t<div class=\"wpb_wrapper\">\n\t\t\t<h4><strong>4. B\u00f6rja handla<\/strong><\/h4>\n<p>Efter att din ans\u00f6kan har godk\u00e4nts f\u00e5r du inloggningsuppgifter till v\u00e5r webbshop.<\/p>\n<p>H\u00e4r kan du smidigt b\u00f6rja handla och \u00e4ven hantera anv\u00e4ndare inom ditt f\u00f6retag som beh\u00f6ver egna konton.<\/p>\n<p>Dessutom blir du tilldelad en personlig kontaktperson hos oss och har alltid enkel tillg\u00e5ng till v\u00e5r support.<\/p>\n<p>V\u00e4lkommen till Stonehouse Security!<\/p>\n\n\t\t<\/div>\n\t<\/div>\n\n\t<div class=\"wpb_text_column wpb_content_element\" >\n\t\t<div class=\"wpb_wrapper\">\n\t\t\t<h3>Contact us<\/h3>\n<p>F\u00f6r fr\u00e5gor eller ans\u00f6kan, mejla oss p\u00e5:<br \/>\n<a id=\"menur8j0\" class=\"fui-Link ___1q1shib f2hkw1w f3rmtva f1ewtqcl fyind8e f1k6fduh f1w7gpdv fk6fouc fjoy568 figsok6 f1s184ao f1mk8lai fnbmjn9 f1o700av f13mvf36 f1cmlufx f9n3di6 f1ids18y f1tx3yz7 f1deo86v f1eh06m1 f1iescvh fhgqx19 f1olyrje f1p93eir f1nev41a f1h8hb77 f1lqvz6u f10aw75t fsle3fq f17ae5zn\" title=\"mailto:stonehouse@stonehouse.se\" href=\"mailto:stonehouse@stonehouse.se\" target=\"_blank\" rel=\"noreferrer noopener\" aria-label=\"L\u00e4nk stonehouse@stonehouse.se\"><strong>stonehouse@stonehouse.se<\/strong><\/a><\/p>\n<p>Har du redan ett konto och beh\u00f6ver hj\u00e4lp med inloggning? Kontakta oss via telefon p\u00e5 <strong>+46 31 385 42 00<\/strong> eller mejla oss p\u00e5 samma adress.<\/p>\n\n\t\t<\/div>\n\t<\/div>\n<\/div><\/div><\/div><\/div>\n<\/div>","protected":false},"excerpt":{"rendered":"Bli kund hos Stonehouse Security Vi ser fram emot att v\u00e4lkomna dig som kund! H\u00e4r beskriver vi kort hur processen","protected":false},"author":1,"featured_media":0,"parent":0,"menu_order":0,"comment_status":"closed","ping_status":"closed","template":"","meta":{"_acf_changed":false,"footnotes":""},"class_list":["post-86352","page","type-page","status-publish","hentry"],"acf":[],"_links":{"self":[{"href":"https:\/\/stonehouse.se\/en\/wp-json\/wp\/v2\/pages\/86352","targetHints":{"allow":["GET"]}}],"collection":[{"href":"https:\/\/stonehouse.se\/en\/wp-json\/wp\/v2\/pages"}],"about":[{"href":"https:\/\/stonehouse.se\/en\/wp-json\/wp\/v2\/types\/page"}],"author":[{"embeddable":true,"href":"https:\/\/stonehouse.se\/en\/wp-json\/wp\/v2\/users\/1"}],"replies":[{"embeddable":true,"href":"https:\/\/stonehouse.se\/en\/wp-json\/wp\/v2\/comments?post=86352"}],"version-history":[{"count":14,"href":"https:\/\/stonehouse.se\/en\/wp-json\/wp\/v2\/pages\/86352\/revisions"}],"predecessor-version":[{"id":86366,"href":"https:\/\/stonehouse.se\/en\/wp-json\/wp\/v2\/pages\/86352\/revisions\/86366"}],"wp:attachment":[{"href":"https:\/\/stonehouse.se\/en\/wp-json\/wp\/v2\/media?parent=86352"}],"curies":[{"name":"wp","href":"https:\/\/api.w.org\/{rel}","templated":true}]}}