
{"id":24155,"date":"2022-07-14T16:26:04","date_gmt":"2022-07-14T14:26:04","guid":{"rendered":"https:\/\/stonehouse.se\/produkt\/tagg-nyckelbricka-merkurius-mifare1k\/"},"modified":"2026-01-06T20:50:22","modified_gmt":"2026-01-06T19:50:22","slug":"tagg-nyckelbricka-merkurius-mifare1k","status":"publish","type":"product","link":"https:\/\/stonehouse.se\/en\/product\/tagg-nyckelbricka-merkurius-mifare1k\/","title":{"rendered":"Tagg\/Nyckelbricka Merkurius Mifare1k"},"content":{"rendered":"<p>&#8220;Merkurius&#8221; RFID-taggen \u00e4r en smidig och liten tagg med dimensionerna 31x40x4,4 mm. Den \u00e4r tillverkad av h\u00e5rt ABS-material med en snygg yta som l\u00e4mpar sig perfekt f\u00f6r b\u00e5de gravyr och f\u00e4rglogotyper.<\/p>\n<p>Vi str\u00e4var efter snabba leveranser och om taggarna finns i lager kan vi leverera dem inom 1-3 dagar. Om taggarna beh\u00f6ver anpassas unikt efter din best\u00e4llning kommer leveranstiden vara cirka 2 veckor. Vi vill s\u00e4kerst\u00e4lla att varje tagg uppfyller dina specifika behov och krav, och d\u00e4rf\u00f6r tar vi oss tid att skapa en specialanpassad l\u00f6sning f\u00f6r dig.<\/p>\n<p>Kontakta oss idag f\u00f6r att diskutera dina projektid\u00e9er och f\u00e5 en RFID-taggl\u00f6sning som passar dina behov. Med &#8220;Merkurius&#8221; RFID-taggen tar du din s\u00e4kerhet och identifiering till n\u00e4sta niv\u00e5. Best\u00e4ll nu och upplev f\u00f6rdelarna med v\u00e5r p\u00e5litliga produkt som \u00e4r designad f\u00f6r att m\u00f6ta dina specifika \u00f6nskem\u00e5l.<\/p>\n<p>&#8220;Merkurius&#8221; RFID-tagg kan antingen f\u00f6rses med en vit &#8220;ring&#8221; \u00e5 ena sidan f\u00f6r exempelvis logo eller nummer, eller s\u00e5 \u00e4r den helt i samma f\u00e4rg men \u00e4ven h\u00e4r med m\u00f6jlighet till tryck av logo och nummer.<\/p>\n<p>Vi str\u00e4var efter snabba leveranser och om taggarna finns i lager kan vi leverera dem inom 1-3 dagar. Om taggarna beh\u00f6ver anpassas unikt efter din best\u00e4llning kommer leveranstiden vara cirka 2 veckor. Vi vill s\u00e4kerst\u00e4lla att varje tagg uppfyller dina specifika behov och krav, och d\u00e4rf\u00f6r tar vi oss tid att skapa en specialanpassad l\u00f6sning f\u00f6r dig.<\/p>\n<p>Kontakta oss idag f\u00f6r att diskutera dina projektid\u00e9er och f\u00e5 en RFID-taggl\u00f6sning som passar dina behov. Med &#8220;Merkurius&#8221; RFID-taggen tar du din s\u00e4kerhet och identifiering till n\u00e4sta niv\u00e5. Best\u00e4ll nu och upplev f\u00f6rdelarna med v\u00e5r p\u00e5litliga produkt som \u00e4r designad f\u00f6r att m\u00f6ta dina specifika \u00f6nskem\u00e5l.<\/p>\n<p>RFID taggar kan anv\u00e4ndas f\u00f6r:<br \/>\nAccess control system<br \/>\nBes\u00f6kssystem<br \/>\nTv\u00e4ttstugebokning<br \/>\nLarm och s\u00e4kerhet<\/p>\n<p>F\u00f6rdelar med \u201cMerkurius\u201d RFID taggar:<br \/>\nHelt valfri design och fritt korrektur tills du \u00e4r n\u00f6jd<br \/>\nM\u00f6jlighet att gravera standardnummer eller inkludera logotyp<br \/>\nLiten smidig tagg som \u00e4r drifts\u00e4ker och har funnits l\u00e4nge.<br \/>\nStort utbud av chipvarianter f\u00f6r att passa olika behov och alltid lagerf\u00f6rd.<\/p>","protected":false},"excerpt":{"rendered":"<p>&#8220;Merkurius&#8221; RFID-taggen \u00e4r en smidig och liten tagg med dimensionerna 31x40x4,4 mm. Den \u00e4r tillverkad av h\u00e5rt ABS-material med en<\/p>","protected":false},"featured_media":73612,"template":"","meta":{"_acf_changed":false},"product_brand":[],"product_cat":[352],"product_tag":[2304],"class_list":{"0":"post-24155","1":"product","2":"type-product","3":"status-publish","4":"has-post-thumbnail","6":"product_cat-outlet","7":"product_tag-stonehouse-produkt","8":"product_shipping_class-postnord-varubrev","9":"pa_farg-bla","10":"tm-no-options","12":"first","13":"outofstock","14":"sale","15":"featured","16":"taxable","17":"shipping-taxable","18":"product-type-simple"},"acf":[],"_links":{"self":[{"href":"https:\/\/stonehouse.se\/en\/wp-json\/wp\/v2\/product\/24155","targetHints":{"allow":["GET"]}}],"collection":[{"href":"https:\/\/stonehouse.se\/en\/wp-json\/wp\/v2\/product"}],"about":[{"href":"https:\/\/stonehouse.se\/en\/wp-json\/wp\/v2\/types\/product"}],"wp:featuredmedia":[{"embeddable":true,"href":"https:\/\/stonehouse.se\/en\/wp-json\/wp\/v2\/media\/73612"}],"wp:attachment":[{"href":"https:\/\/stonehouse.se\/en\/wp-json\/wp\/v2\/media?parent=24155"}],"wp:term":[{"taxonomy":"product_brand","embeddable":true,"href":"https:\/\/stonehouse.se\/en\/wp-json\/wp\/v2\/product_brand?post=24155"},{"taxonomy":"product_cat","embeddable":true,"href":"https:\/\/stonehouse.se\/en\/wp-json\/wp\/v2\/product_cat?post=24155"},{"taxonomy":"product_tag","embeddable":true,"href":"https:\/\/stonehouse.se\/en\/wp-json\/wp\/v2\/product_tag?post=24155"}],"curies":[{"name":"wp","href":"https:\/\/api.w.org\/{rel}","templated":true}]}}