
{"id":24163,"date":"2022-07-14T16:25:50","date_gmt":"2022-07-14T14:25:50","guid":{"rendered":"https:\/\/stonehouse.se\/produkt\/tagg-nyckelbricka-saturnus-em4200\/"},"modified":"2026-01-06T20:47:46","modified_gmt":"2026-01-06T19:47:46","slug":"tagg-nyckelbricka-saturnus-em4200","status":"publish","type":"product","link":"https:\/\/stonehouse.se\/en\/product\/tagg-nyckelbricka-saturnus-em4200\/","title":{"rendered":"Tagg\/Nyckelbricka Saturnus EM4200"},"content":{"rendered":"<div>\n<p>Saturnus \u00e4r en m\u00e5ngsidig tagg, i ett flexibelt ABS materiel med snygg yta som l\u00e4mpar sig v\u00e4l f\u00f6r b\u00e5de gravyr och f\u00e4rglogo.<\/p>\n<p>Ena sidan \u00e4r vit f\u00f6r ex logo och andra sidan passar bra f\u00f6r gravyr av nummer.<\/p>\n<p>Om du valt tagg med enbart nummer s\u00e5 kan du v\u00e4lja valfritt om du vill ha nummer p\u00e5 den vita framsidan eller baksidan av taggen.<\/p>\n<p>Fungerar i alla system som anv\u00e4nder EM-teknik bland annat RCO, Bewator\/Vanderbilt, Aptus, ASSA ARX och andra typer av system, ex bes\u00f6kssystem eller inloggning till datorer\/printer.<\/p>\n<p>L\u00e4s mer om artikeln i Produktbladet \u2013 Produktblad Saturnus<\/p>\n<p>Stonehouse Saturnus \u00e4r en billig och bra produkt med originalchip f\u00f6r alla applikationer.<\/p>\n<p>&nbsp;<\/p>\n<\/div>","protected":false},"excerpt":{"rendered":"<p>Saturnus \u00e4r en m\u00e5ngsidig tagg, i ett flexibelt ABS materiel med snygg yta som l\u00e4mpar sig v\u00e4l f\u00f6r b\u00e5de gravyr<\/p>","protected":false},"featured_media":73622,"template":"","meta":{"_acf_changed":false},"product_brand":[],"product_cat":[352],"product_tag":[2304],"class_list":{"0":"post-24163","1":"product","2":"type-product","3":"status-publish","4":"has-post-thumbnail","6":"product_cat-outlet","7":"product_tag-stonehouse-produkt","8":"product_shipping_class-postnord-varubrev","9":"pa_farg-bla","10":"tm-no-options","12":"first","13":"outofstock","14":"sale","15":"featured","16":"taxable","17":"shipping-taxable","18":"product-type-simple"},"acf":[],"_links":{"self":[{"href":"https:\/\/stonehouse.se\/en\/wp-json\/wp\/v2\/product\/24163","targetHints":{"allow":["GET"]}}],"collection":[{"href":"https:\/\/stonehouse.se\/en\/wp-json\/wp\/v2\/product"}],"about":[{"href":"https:\/\/stonehouse.se\/en\/wp-json\/wp\/v2\/types\/product"}],"wp:featuredmedia":[{"embeddable":true,"href":"https:\/\/stonehouse.se\/en\/wp-json\/wp\/v2\/media\/73622"}],"wp:attachment":[{"href":"https:\/\/stonehouse.se\/en\/wp-json\/wp\/v2\/media?parent=24163"}],"wp:term":[{"taxonomy":"product_brand","embeddable":true,"href":"https:\/\/stonehouse.se\/en\/wp-json\/wp\/v2\/product_brand?post=24163"},{"taxonomy":"product_cat","embeddable":true,"href":"https:\/\/stonehouse.se\/en\/wp-json\/wp\/v2\/product_cat?post=24163"},{"taxonomy":"product_tag","embeddable":true,"href":"https:\/\/stonehouse.se\/en\/wp-json\/wp\/v2\/product_tag?post=24163"}],"curies":[{"name":"wp","href":"https:\/\/api.w.org\/{rel}","templated":true}]}}