
{"id":24170,"date":"2022-07-14T09:23:45","date_gmt":"2022-07-14T07:23:45","guid":{"rendered":"https:\/\/stonehouse.se\/produkt\/tagg-nyckelbricka-abs-plus-mifare1k-saltokod-och-salto-inskrift-vit\/"},"modified":"2026-04-09T16:06:15","modified_gmt":"2026-04-09T14:06:15","slug":"salto-tagg-vit-plus","status":"publish","type":"product","link":"https:\/\/stonehouse.se\/en\/product\/salto-tagg-vit-plus\/","title":{"rendered":"Salto Tagg Mifare1k\u00ae Saltokod och Salto inskrift &#8211; Vit &#8211; Uranus Plus"},"content":{"rendered":"<h1>Salto Tagg Mifare1k Saltokod &#8211; Uranus Plus<\/h1>\n<p>V\u00e5r &#8220;Uranus Plus&#8221; RFID tagg \u00e4r skapad f\u00f6r att m\u00f6ta de mest kr\u00e4vande behoven inom s\u00e4kerhet och identifiering.<\/p>\n<p>Med sin robusta konstruktion i extra stabilt ABS-material p\u00e5 3,9 mm, erbjuder den en perfekt balans mellan h\u00e5llbarhet och elegans.<\/p>\n<p>Dess stilrena yta g\u00f6r den idealisk f\u00f6r att graveras med standardnummer eller inkludera din logotyp, antingen genom graverat eller f\u00e4rgat utf\u00f6rande.<\/p>\n<p>Oavsett om du beh\u00f6ver en p\u00e5litlig RFID tagg f\u00f6r passersystem, bes\u00f6kssystem, Bokning, larm eller andra till\u00e4mpningar, \u00e4r v\u00e5r &#8220;Uranus Plus&#8221; RFID tagg det perfekta valet.<\/p>\n<p>Med ett brett utbud av chipvarianter, EM4200, Mifare1k, kombinationen av Mifare1k och EM4200, Mifare4k, kombinationen av Mifare4k och EM4200, samt DESFire, kan du skr\u00e4ddarsy din l\u00f6sning f\u00f6r att passa dina specifika behov.<\/p>\n<p>Vi f\u00f6rst\u00e5r vikten av att leverera h\u00f6gkvalitativa RFID-Taggar som uppfyller dagens krav och f\u00f6rv\u00e4ntningar.<\/p>\n<p>D\u00e4rf\u00f6r str\u00e4var vi efter att erbjuda den b\u00e4sta tekniken och kompatibiliteten f\u00f6r att f\u00f6rb\u00e4ttra s\u00e4kerheten och effektiviteten i dina system.<\/p>\n<h4><strong>Anpassad RFID tagg f\u00f6r unika projekt- salto tagg<\/strong><\/h4>\n<p>F\u00f6rdelarna med v\u00e5ra RFID Taggar inkluderar kompatibilitet med olika system\/tekniker samt m\u00f6jligheten att skr\u00e4ddarsy Taggarna f\u00f6r att passa unika projekt.<\/p>\n<p>Vi kan programmera och integrera olika chip f\u00f6r att m\u00f6ta specifika applikationskrav och skapa anpassade l\u00f6sningar.<\/p>\n<p>Kontakta oss idag f\u00f6r att diskutera dina projektid\u00e9er och f\u00e5 en skr\u00e4ddarsydd RFID-Taggl\u00f6sning f\u00f6r dina behov.<\/p>\n<h5><strong>Snabb leverans och alltid lagerf\u00f6rd &#8211; salto tagg<\/strong><\/h5>\n<p>&#8220;Uranus Plus&#8221; RFID Taggar finns alltid i lager med \u00f6ver 25 000 enheter i 6 f\u00e4rger och med olika chipl\u00f6sningar.<\/p>\n<p>Med hj\u00e4lp av v\u00e5ra lasermaskiner och programvaror kan du v\u00e4lja logo &amp; unika nummer f\u00f6r gravering med leverans inom 1-3 dagar.<\/p>\n<p>Uppt\u00e4ck f\u00f6rdelarna med v\u00e5r &#8220;Uranus Plus&#8221; RFID-tagg och ta din s\u00e4kerhet och identifiering till en ny niv\u00e5.<\/p>\n<p>Som alltid fr\u00e5n oss, originalchip fr\u00e5n NXP och EM Microelectronic.<\/p>\n<p>Allt f\u00f6r att v\u00e5ra RFID Taggar ska fungera s\u00e4kert och under l\u00e5ng tid, med garanti.<\/p>\n<ul>\n<li><strong>RFID kan anv\u00e4ndas f\u00f6r:<\/strong>\n<ul>\n<li>Access control system<\/li>\n<li>Bes\u00f6kssystem<\/li>\n<li>Bokning<\/li>\n<li>Larm och s\u00e4kerhet<\/li>\n<\/ul>\n<\/li>\n<li><strong>F\u00f6rdelar med &#8220;Uranus Plus&#8221;:<\/strong>\n<ul>\n<li>Robust konstruktion i ABS-material<\/li>\n<li>Extra tuff i ABS 3,9 mm<\/li>\n<li>M\u00f6jlighet att gravera standardnummer eller inkludera logotyp<\/li>\n<li>Stort utbud av chipvarianter f\u00f6r att passa olika behov och alltid lagerf\u00f6rd.<\/li>\n<\/ul>\n<\/li>\n<\/ul>","protected":false},"excerpt":{"rendered":"<p>V\u00e5r klassiska RFID tag &#8220;Uranus Plus&#8221; &#8211; den perfekta l\u00f6sningen f\u00f6r s\u00e4kerhets- och identifieringssystem. Mifare1k chip programmerade f\u00f6r SALTO passersystem. Taggen har \u00e4r utf\u00f6rd i ett h\u00e5rt 3,9 mm tjock ABS material med en elegant yta som passar \u00f6verallt.<\/p>","protected":false},"featured_media":85691,"template":"","meta":{"_acf_changed":false},"product_brand":[],"product_cat":[3543,1448],"product_tag":[1284,3403,1282,1465,1464,2304],"class_list":{"0":"post-24170","1":"product","2":"type-product","3":"status-publish","4":"has-post-thumbnail","6":"product_cat-alla-taggar-i-butiken","7":"product_cat-rfid-tagg-plus","8":"product_tag-ej-lagerfraga","9":"product_tag-nxp","10":"product_tag-rfid-ordervara","11":"product_tag-rfid-salto","12":"product_tag-stonehouse-iloq-salto","13":"product_tag-stonehouse-produkt","14":"product_shipping_class-postnord-varubrev","15":"pa_chip-teknik-salto","16":"pa_color-vit","17":"pa_farg-vit","18":"pa_rfid-ovriga-system-salto","19":"pa_tagg-abs-plus-3-9-mm-tagg-abs-plus","20":"tm-no-options","22":"first","23":"instock","24":"sale","25":"featured","26":"taxable","27":"shipping-taxable","28":"product-type-simple"},"acf":[],"_links":{"self":[{"href":"https:\/\/stonehouse.se\/en\/wp-json\/wp\/v2\/product\/24170","targetHints":{"allow":["GET"]}}],"collection":[{"href":"https:\/\/stonehouse.se\/en\/wp-json\/wp\/v2\/product"}],"about":[{"href":"https:\/\/stonehouse.se\/en\/wp-json\/wp\/v2\/types\/product"}],"wp:featuredmedia":[{"embeddable":true,"href":"https:\/\/stonehouse.se\/en\/wp-json\/wp\/v2\/media\/85691"}],"wp:attachment":[{"href":"https:\/\/stonehouse.se\/en\/wp-json\/wp\/v2\/media?parent=24170"}],"wp:term":[{"taxonomy":"product_brand","embeddable":true,"href":"https:\/\/stonehouse.se\/en\/wp-json\/wp\/v2\/product_brand?post=24170"},{"taxonomy":"product_cat","embeddable":true,"href":"https:\/\/stonehouse.se\/en\/wp-json\/wp\/v2\/product_cat?post=24170"},{"taxonomy":"product_tag","embeddable":true,"href":"https:\/\/stonehouse.se\/en\/wp-json\/wp\/v2\/product_tag?post=24170"}],"curies":[{"name":"wp","href":"https:\/\/api.w.org\/{rel}","templated":true}]}}