
{"id":24183,"date":"2022-07-12T11:34:13","date_gmt":"2022-07-12T09:34:13","guid":{"rendered":"https:\/\/stonehouse.se\/produkt\/epoxy-em4200-mifare1k-std-nr\/"},"modified":"2026-02-05T10:54:36","modified_gmt":"2026-02-05T09:54:36","slug":"rfid-tagg-epoxy-em4200-mifare1k-std-nr","status":"publish","type":"product","link":"https:\/\/stonehouse.se\/en\/product\/rfid-tagg-epoxy-em4200-mifare1k-std-nr\/","title":{"rendered":"Tagg Uranus Epoxy+ EM4200 + Mifare1k med valfria nummer"},"content":{"rendered":"<h1>Tagg Uranus Epoxy+ EM4200\/Mifare1k med valfria nummer<\/h1>\n<h3><strong>Unik och elegant design<\/strong><\/h3>\n<p>V\u00e5r specialtillverkade &#8220;Uranus Epoxy+&#8221; RFID-tag \u00e4r skr\u00e4ddarsydd exklusivt f\u00f6r dig som kund och har en tillverkningstid p\u00e5 cirka 3 veckor. Grundmaterialet i taggen \u00e4r PVC som vi f\u00f6rser med ett lager av Uranus Epoxy+lim vilket ger den en h\u00e5llbar och p\u00e5litlig konstruktion. Med den imponerande fotoliknande trycktekniken, du kan j\u00e4mf\u00f6ra trycket med det som ett kreditkort\/medlemskort har, och det b\u00e4rnstensliknande utseendet tack vare det h\u00e5rda epoxy-limet, blir din RFID-tag unik och elegant.<\/p>\n<p><span style=\"text-decoration: underline;\"><strong>Tillfredsst\u00e4ller dina s\u00e4kerhets- och identifieringsbehov<\/strong><\/span><\/p>\n<p>Denna anpassade &#8220;Uranus Epoxy+&#8221; RFID-tag \u00e4r perfekt f\u00f6r att m\u00f6ta dina s\u00e4kerhets- och identifieringsbehov. Oavsett om det g\u00e4ller passersystem, bes\u00f6kshantering, tv\u00e4ttstugebokning, larm eller andra applikationer, \u00e4r v\u00e5r tagg en tillf\u00f6rlitlig l\u00f6sning.<\/p>\n<p><span style=\"text-decoration: underline;\"><strong>H\u00f6gkvalitativ tillverkning f\u00f6r kvalitet och funktionalitet<\/strong><\/span><\/p>\n<p>Vi f\u00f6rst\u00e5r vikten av att leverera h\u00f6gkvalitativa produkter som uppfyller dina f\u00f6rv\u00e4ntningar. D\u00e4rf\u00f6r str\u00e4var vi efter att tillverka taggen med omsorg och noggrannhet f\u00f6r att s\u00e4kerst\u00e4lla dess kvalitet och funktionalitet.<\/p>\n<p><span style=\"text-decoration: underline;\"><strong>Tillverkningstid: Cirka 3 veckor<\/strong><\/span><\/p>\n<p>Observera att p\u00e5 grund av den unika tillverkningsprocessen f\u00f6r varje kund kan inte v\u00e5r &#8220;Uranus Epoxy+&#8221; RFID-tag skickas snabbt. Vi vill erbjuda dig den b\u00e4sta m\u00f6jliga produkten och d\u00e4rf\u00f6r tar det cirka 3 veckor att tillverka din specialanpassade tagg.<\/p>\n<p><span style=\"text-decoration: underline;\"><strong>Inkluderat i priset: Anpassning och gravering<\/strong><\/span><\/p>\n<p>Du skickar ett foto, logo eller text till oss s\u00e5 tar vi fram ett korrektur digitalt tills du \u00e4r n\u00f6jd, sedan s\u00e5 graverar vi dina systemnummer f\u00f6r passersystem, larm eller l\u00f6pnummer helt enligt dina \u00f6nskem\u00e5l &#8211; Allt inkluderat i priset.<\/p>\n<h3>Som alltid fr\u00e5n oss, originalchip fr\u00e5n<a href=\"https:\/\/www.nxp.com\/\" target=\"_blank\" rel=\"noopener\"> NXP<\/a> och <a href=\"https:\/\/www.emmicroelectronic.com\/\" target=\"_blank\" rel=\"noopener\">EM Microelectronic.<\/a><\/h3>\n<p><strong>Passar till allt och alla!<\/strong><\/p>\n<ul>\n<li>Access control system<\/li>\n<li>Bes\u00f6kssystem<\/li>\n<li>Tv\u00e4ttstugebokning<\/li>\n<li>Larm och s\u00e4kerhetssystem<\/li>\n<\/ul>","protected":false},"excerpt":{"rendered":"<p>Denna tagg v\u00e4ljer du helt valfritt utseende, ex logo eller varf\u00f6r inte en bild p\u00e5 ena sidan och nummer eller logo p\u00e5 andra sidan.<\/p>\n<p>Kontakta oss s\u00e5 tar vi kostnadsfritt fram digitala bilder p\u00e5 ditt valda utseende.<\/p>\n<p>V\u00e5r mest lyxiga tagg som \u00e4r mycket popul\u00e4r.<\/p>\n<p>Den tillverkas unikt f\u00f6r dig och har d\u00e4rf\u00f6r minsta order antal p\u00e5 500 enheter.<\/p>","protected":false},"featured_media":73605,"template":"","meta":{"_acf_changed":false},"product_brand":[],"product_cat":[3543,361],"product_tag":[1770,1284,2304,1664],"class_list":{"0":"post-24183","1":"product","2":"type-product","3":"status-publish","4":"has-post-thumbnail","6":"product_cat-alla-taggar-i-butiken","7":"product_cat-rfid-tag-epoxy","8":"product_tag-500-moq-design-pvc","9":"product_tag-ej-lagerfraga","10":"product_tag-stonehouse-produkt","11":"product_tag-std-nr-taggar","12":"product_shipping_class-postnord-varubrev","13":"pa_chip-teknik-kombi-em4200mifare1k","14":"pa_epoxy-med-eller-utan-ring-tagg-epoxy","15":"pa_farg-svart","16":"pa_tagg-epoxy-plus-tagg-epoxy","17":"tm-no-options","19":"first","20":"instock","21":"sale","22":"featured","23":"taxable","24":"shipping-taxable","25":"product-type-simple"},"acf":[],"_links":{"self":[{"href":"https:\/\/stonehouse.se\/en\/wp-json\/wp\/v2\/product\/24183","targetHints":{"allow":["GET"]}}],"collection":[{"href":"https:\/\/stonehouse.se\/en\/wp-json\/wp\/v2\/product"}],"about":[{"href":"https:\/\/stonehouse.se\/en\/wp-json\/wp\/v2\/types\/product"}],"wp:featuredmedia":[{"embeddable":true,"href":"https:\/\/stonehouse.se\/en\/wp-json\/wp\/v2\/media\/73605"}],"wp:attachment":[{"href":"https:\/\/stonehouse.se\/en\/wp-json\/wp\/v2\/media?parent=24183"}],"wp:term":[{"taxonomy":"product_brand","embeddable":true,"href":"https:\/\/stonehouse.se\/en\/wp-json\/wp\/v2\/product_brand?post=24183"},{"taxonomy":"product_cat","embeddable":true,"href":"https:\/\/stonehouse.se\/en\/wp-json\/wp\/v2\/product_cat?post=24183"},{"taxonomy":"product_tag","embeddable":true,"href":"https:\/\/stonehouse.se\/en\/wp-json\/wp\/v2\/product_tag?post=24183"}],"curies":[{"name":"wp","href":"https:\/\/api.w.org\/{rel}","templated":true}]}}