
{"id":24205,"date":"2022-07-12T11:26:14","date_gmt":"2022-07-12T09:26:14","guid":{"rendered":"https:\/\/stonehouse.se\/produkt\/tagg-droppen-em4200-std-nr\/"},"modified":"2026-04-10T07:16:43","modified_gmt":"2026-04-10T05:16:43","slug":"em-tagg-std-svart-droppen","status":"publish","type":"product","link":"https:\/\/stonehouse.se\/en\/product\/em-tagg-std-svart-droppen\/","title":{"rendered":"EM4200 Tagg Std.nr Venus Svart"},"content":{"rendered":"<h1>EM Tagg Larm\/Passersystem Svart EM4200 Venus<\/h1>\n<h3>H\u00e4r har du en tagg med standardnummer graverade p\u00e5 taggen f\u00f6r:<\/h3>\n<p><strong>Aptus (A), RCO Security (R), Axema (AX) , ASSA (S)<\/strong><\/p>\n<p><strong>Axema VAKA (V) , Bewator\/Vanderbilt (B)<\/strong><\/p>\n<p>RFID Venus EM Tagg \u00e4r inte bara en popul\u00e4r och h\u00e5llbar tagg, den \u00e4r \u00e4ven m\u00e5ngsidig och kompatibel med olika system och anv\u00e4ndningsomr\u00e5den.<\/p>\n<p>Den \u00e4r designad f\u00f6r att fungera smidigt i passersystem, vilket inneb\u00e4r att den kan anv\u00e4ndas f\u00f6r att ge \u00e5tkomst till byggnader, utrymmen och andra platser som anv\u00e4nder sig av RFID-teknologi f\u00f6r att kontrollera tilltr\u00e4de.<\/p>\n<p>Ut\u00f6ver passersystem kan Venus ocks\u00e5 integreras i tv\u00e4ttstugebokningssystem.<\/p>\n<p>Detta g\u00f6r det m\u00f6jligt f\u00f6r anv\u00e4ndare att enkelt boka tv\u00e4ttstugan och f\u00e5 tillg\u00e5ng till tv\u00e4ttmaskiner och torktumlare genom att helt enkelt blippa sin tagg mot RFID-l\u00e4saren.<\/p>\n<p>Venus kan ocks\u00e5 anv\u00e4ndas i andra system och applikationer som \u00e4r baserade p\u00e5 RFID-teknologi.<\/p>\n<p>Det kan inkludera l\u00f6sningar f\u00f6r inventering och varuhantering, \u00e5tkomstkontroll i kontorsmilj\u00f6er, evenemangshantering och mycket mer.<\/p>\n<p>Oavsett om det \u00e4r f\u00f6r s\u00e4kerhet, bekv\u00e4mlighet eller effektivitet, kan denna tagg uppfylla dina behov och integreras s\u00f6ml\u00f6st i ditt befintliga RFID-system.<\/p>\n<p>Ta del av f\u00f6rdelarna med Venus effektivisera dina passersystem, tv\u00e4ttstugebokningar och andra system som anv\u00e4nder RFID-teknologi.<\/p>\n<p>Best\u00e4ll din Venus EM Tagg idag och upplev dess m\u00e5ngsidighet och p\u00e5litlighet.<\/p>\n<p>Vi f\u00f6rst\u00e5r vikten av att leverera h\u00f6gkvalitativa produkter som uppfyller dagens krav och f\u00f6rv\u00e4ntningar.<\/p>\n<p>D\u00e4rf\u00f6r str\u00e4var vi efter att erbjuda den b\u00e4sta tekniken och kompatibiliteten f\u00f6r att f\u00f6rb\u00e4ttra s\u00e4kerheten och effektiviteten i dina system.<\/p>\n<h3><strong>Anpassad RFID f\u00f6r unika projekt- EM Tagg<\/strong><\/h3>\n<p>F\u00f6rdelarna med v\u00e5ra RFID produkter\u00a0 inkluderar kompatibilitet med olika system\/tekniker samt m\u00f6jligheten att skr\u00e4ddarsy taggarna f\u00f6r att passa unika projekt.Vi kan programmera och integrera olika chip f\u00f6r att m\u00f6ta specifika applikationskrav och skapa anpassade l\u00f6sningar. Kontakta oss idag f\u00f6r att diskutera dina projektid\u00e9er och f\u00e5 en skr\u00e4ddarsydd RFID-taggl\u00f6sning f\u00f6r dina behov.<\/p>\n<h3><strong>Snabb leverans och alltid lagerf\u00f6rd &#8211; EM Tagg<\/strong><\/h3>\n<p>&#8220;Venus&#8221; finns alltid i lager i 7 f\u00e4rger och med olika singelchipl\u00f6sningar. Med hj\u00e4lp av v\u00e5ra lasermaskiner och programvaror kan du v\u00e4lja logo &amp; unika nummer f\u00f6r gravering med leverans inom 1-3 dagar. Uppt\u00e4ck f\u00f6rdelarna med v\u00e5r &#8220;ABS Plus&#8221; RFID-tag och ta din s\u00e4kerhet och identifiering till en ny niv\u00e5.Som alltid fr\u00e5n oss, originalchip fr\u00e5n NXP och EM Microelectronic. Allt f\u00f6r att v\u00e5ra RFID produkter\u00a0 ska fungera s\u00e4kert och under l\u00e5ng tid, med garanti.<\/p>\n<ul>\n<li><strong>RFID kan anv\u00e4ndas f\u00f6r:<\/strong>\n<ul>\n<li>Access control system<\/li>\n<li>Bes\u00f6kssystem<\/li>\n<li>Tv\u00e4ttstugebokning<\/li>\n<li>Larm och s\u00e4kerhet<\/li>\n<\/ul>\n<\/li>\n<li><strong>F\u00f6rdelar med &#8220;Venus&#8221;:<\/strong>\n<ul>\n<li>Robust konstruktion i ABS-material<\/li>\n<li>Snygg design och bra l\u00e4savst\u00e5nd<\/li>\n<li>M\u00f6jlighet att gravera standardnummer eller inkludera logotyp<\/li>\n<li>Stort utbud av chipvarianter f\u00f6r att passa olika behov d\u00e4r du beh\u00f6ver 1 chip i taggen och alltid lagerf\u00f6rd.<\/li>\n<\/ul>\n<\/li>\n<\/ul>","protected":false},"excerpt":{"rendered":"<p>V\u00e5r klassiska RFID tag &#8220;Venus&#8221; &#8211; den perfekta l\u00f6sningen f\u00f6r s\u00e4kerhets- och identifieringssystem. EM4200 chip med f\u00e4rdiga graverade nummer f\u00f6r passersystem.<\/p>","protected":false},"featured_media":95036,"template":"","meta":{"_acf_changed":false},"product_brand":[],"product_cat":[1528,3543,363],"product_tag":[1284,2304,1664],"class_list":{"0":"post-24205","1":"product","2":"type-product","3":"status-publish","4":"has-post-thumbnail","6":"product_cat-rfid-taggar-nyckelbrickor","7":"product_cat-alla-taggar-i-butiken","8":"product_cat-rfid-tagg-venus","9":"product_tag-ej-lagerfraga","10":"product_tag-stonehouse-produkt","11":"product_tag-std-nr-taggar","12":"product_shipping_class-postnord-varubrev","13":"pa_brands-stonehouse-security","14":"pa_chip-teknik-em4200-kompatibelt-med-4100-4102-och-4305","15":"pa_farg-svart","16":"pa_tagg-droppen-tagg-droppen","17":"tm-no-options","19":"first","20":"instock","21":"sale","22":"featured","23":"taxable","24":"shipping-taxable","25":"product-type-simple"},"acf":[],"_links":{"self":[{"href":"https:\/\/stonehouse.se\/en\/wp-json\/wp\/v2\/product\/24205","targetHints":{"allow":["GET"]}}],"collection":[{"href":"https:\/\/stonehouse.se\/en\/wp-json\/wp\/v2\/product"}],"about":[{"href":"https:\/\/stonehouse.se\/en\/wp-json\/wp\/v2\/types\/product"}],"wp:featuredmedia":[{"embeddable":true,"href":"https:\/\/stonehouse.se\/en\/wp-json\/wp\/v2\/media\/95036"}],"wp:attachment":[{"href":"https:\/\/stonehouse.se\/en\/wp-json\/wp\/v2\/media?parent=24205"}],"wp:term":[{"taxonomy":"product_brand","embeddable":true,"href":"https:\/\/stonehouse.se\/en\/wp-json\/wp\/v2\/product_brand?post=24205"},{"taxonomy":"product_cat","embeddable":true,"href":"https:\/\/stonehouse.se\/en\/wp-json\/wp\/v2\/product_cat?post=24205"},{"taxonomy":"product_tag","embeddable":true,"href":"https:\/\/stonehouse.se\/en\/wp-json\/wp\/v2\/product_tag?post=24205"}],"curies":[{"name":"wp","href":"https:\/\/api.w.org\/{rel}","templated":true}]}}