
{"id":24207,"date":"2022-07-12T11:20:44","date_gmt":"2022-07-12T09:20:44","guid":{"rendered":"https:\/\/stonehouse.se\/produkt\/tagg-kombi-glasfiber-hd-em4200-mifare1k-std-nr\/"},"modified":"2026-03-31T18:46:00","modified_gmt":"2026-03-31T16:46:00","slug":"rfid-tagg-kombi-glasfiber-hd-std-nr","status":"publish","type":"product","link":"https:\/\/stonehouse.se\/en\/product\/rfid-tagg-kombi-glasfiber-hd-std-nr\/","title":{"rendered":"Tagg Kombi EM4200+Mifare1k Uranus HD Std.Nr Vandals\u00e4ker"},"content":{"rendered":"<h1>Tagg Kombi EM4200\/Mifare1k Uranus HD<\/h1>\n<h3>Tagg f\u00f6r Larm\/Passersystem samt bokning.<\/h3>\n<p><strong>H\u00e4r har vi lagt till standardnummer f\u00f6r f\u00f6ljande system f\u00f6r:<\/strong><\/p>\n<p><span style=\"text-decoration: underline;\"><strong>F\u00f6r EM4200: ASSA (S), RCO Security (R), Axema VAKA (V), Bewator\/Vanderbilt (B)<\/strong><\/span><\/p>\n<p><span style=\"text-decoration: underline;\"><strong>Mifare:\u00a0 MFR=RCO, MFV=Axema VAKA, MFD=Decimal utl\u00e4sning f\u00f6r \u00f6vriga system inom den svenska marknaden.<\/strong><\/span><\/p>\n<div>\n<p><b><u>\u00a0<\/u><\/b><\/p>\n<\/div>","protected":false},"excerpt":{"rendered":"<p>Tagg Uranus HD. Vandals\u00e4ker,vattent\u00e4t och endast 1.6 mm tunn i ett stenh\u00e5rt glasfibermaterial.<\/p>","protected":false},"featured_media":80567,"template":"","meta":{"_acf_changed":false},"product_brand":[],"product_cat":[3543,362],"product_tag":[1769,1284,3403,2304,1664],"class_list":{"0":"post-24207","1":"product","2":"type-product","3":"status-publish","4":"has-post-thumbnail","6":"product_cat-alla-taggar-i-butiken","7":"product_cat-rfid-tag-hd","8":"product_tag-250-moq-hd","9":"product_tag-ej-lagerfraga","10":"product_tag-nxp","11":"product_tag-stonehouse-produkt","12":"product_tag-std-nr-taggar","13":"product_shipping_class-postnord-varubrev","14":"pa_brands-stonehouse-security","15":"pa_chip-teknik-kombi-em4200mifare1k","16":"pa_farg-svart","17":"pa_tagg-glasfiber-tagg-glasfiber-hd","18":"tm-no-options","20":"first","21":"instock","22":"sale","23":"featured","24":"taxable","25":"shipping-taxable","26":"product-type-simple"},"acf":[],"_links":{"self":[{"href":"https:\/\/stonehouse.se\/en\/wp-json\/wp\/v2\/product\/24207","targetHints":{"allow":["GET"]}}],"collection":[{"href":"https:\/\/stonehouse.se\/en\/wp-json\/wp\/v2\/product"}],"about":[{"href":"https:\/\/stonehouse.se\/en\/wp-json\/wp\/v2\/types\/product"}],"wp:featuredmedia":[{"embeddable":true,"href":"https:\/\/stonehouse.se\/en\/wp-json\/wp\/v2\/media\/80567"}],"wp:attachment":[{"href":"https:\/\/stonehouse.se\/en\/wp-json\/wp\/v2\/media?parent=24207"}],"wp:term":[{"taxonomy":"product_brand","embeddable":true,"href":"https:\/\/stonehouse.se\/en\/wp-json\/wp\/v2\/product_brand?post=24207"},{"taxonomy":"product_cat","embeddable":true,"href":"https:\/\/stonehouse.se\/en\/wp-json\/wp\/v2\/product_cat?post=24207"},{"taxonomy":"product_tag","embeddable":true,"href":"https:\/\/stonehouse.se\/en\/wp-json\/wp\/v2\/product_tag?post=24207"}],"curies":[{"name":"wp","href":"https:\/\/api.w.org\/{rel}","templated":true}]}}