
{"id":24210,"date":"2022-07-12T11:20:30","date_gmt":"2022-07-12T09:20:30","guid":{"rendered":"https:\/\/stonehouse.se\/produkt\/tagg-nyckelbricka-ab55b63bs-hd-em4200-std-nr\/"},"modified":"2026-03-31T18:43:40","modified_gmt":"2026-03-31T16:43:40","slug":"rfid-tagg-glasfiber-hd-em4200-std-nr","status":"publish","type":"product","link":"https:\/\/stonehouse.se\/en\/product\/rfid-tagg-glasfiber-hd-em4200-std-nr\/","title":{"rendered":"Tagg EM4200 Uranus HD Std.Nr Vandals\u00e4ker"},"content":{"rendered":"<h1>Tagg EM4200 Uranus HD<\/h1>\n<p>Tagg f\u00f6r Larm\/Passersystem samt bokning.<\/p>\n<p><strong>H\u00e4r har vi lagt till standardnummer f\u00f6r f\u00f6ljande system f\u00f6r:<\/strong><\/p>\n<p><span style=\"text-decoration: underline;\"><strong>F\u00f6r EM4200: ASSA (S), RCO Security (R), Axema VAKA (V), Bewator\/Vanderbilt (B)<\/strong><\/span><\/p>\n<p>&nbsp;<\/p>","protected":false},"excerpt":{"rendered":"<p>Tagg Uranus HD. Vandals\u00e4ker,vattent\u00e4t och endast 1.6 mm tunn i ett stenh\u00e5rt glasfibermaterial.<\/p>","protected":false},"featured_media":80568,"template":"","meta":{"_acf_changed":false},"product_brand":[],"product_cat":[3543,362],"product_tag":[1769,1284,2304],"class_list":{"0":"post-24210","1":"product","2":"type-product","3":"status-publish","4":"has-post-thumbnail","6":"product_cat-alla-taggar-i-butiken","7":"product_cat-rfid-tag-hd","8":"product_tag-250-moq-hd","9":"product_tag-ej-lagerfraga","10":"product_tag-stonehouse-produkt","11":"product_shipping_class-postnord-varubrev","12":"pa_brands-stonehouse-security","13":"pa_chip-teknik-em4200-kompatibelt-med-4100-4102-och-4305","14":"pa_farg-svart","15":"pa_tagg-glasfiber-tagg-glasfiber-hd","16":"tm-no-options","18":"first","19":"instock","20":"sale","21":"featured","22":"taxable","23":"shipping-taxable","24":"product-type-simple"},"acf":[],"_links":{"self":[{"href":"https:\/\/stonehouse.se\/en\/wp-json\/wp\/v2\/product\/24210","targetHints":{"allow":["GET"]}}],"collection":[{"href":"https:\/\/stonehouse.se\/en\/wp-json\/wp\/v2\/product"}],"about":[{"href":"https:\/\/stonehouse.se\/en\/wp-json\/wp\/v2\/types\/product"}],"wp:featuredmedia":[{"embeddable":true,"href":"https:\/\/stonehouse.se\/en\/wp-json\/wp\/v2\/media\/80568"}],"wp:attachment":[{"href":"https:\/\/stonehouse.se\/en\/wp-json\/wp\/v2\/media?parent=24210"}],"wp:term":[{"taxonomy":"product_brand","embeddable":true,"href":"https:\/\/stonehouse.se\/en\/wp-json\/wp\/v2\/product_brand?post=24210"},{"taxonomy":"product_cat","embeddable":true,"href":"https:\/\/stonehouse.se\/en\/wp-json\/wp\/v2\/product_cat?post=24210"},{"taxonomy":"product_tag","embeddable":true,"href":"https:\/\/stonehouse.se\/en\/wp-json\/wp\/v2\/product_tag?post=24210"}],"curies":[{"name":"wp","href":"https:\/\/api.w.org\/{rel}","templated":true}]}}