
{"id":24226,"date":"2022-07-12T11:18:52","date_gmt":"2022-07-12T09:18:52","guid":{"rendered":"https:\/\/stonehouse.se\/produkt\/tagg-nyckelbricka-abs-plus-em4200-std-nr\/"},"modified":"2026-04-09T16:38:31","modified_gmt":"2026-04-09T14:38:31","slug":"tagg-em4200-std-nr-plus","status":"publish","type":"product","link":"https:\/\/stonehouse.se\/en\/product\/tagg-em4200-std-nr-plus\/","title":{"rendered":"Tagg EM4200 Std.Nr Svart Uranus Plus"},"content":{"rendered":"<h1><strong>Tagg EM4200 Larm &#8211; Passerkontroll &#8211; Bokning\u00a0\u00a0<\/strong><\/h1>\n<h3>H\u00e4r har du en Tagg med standardnummer graverade p\u00e5 Taggen f\u00f6r:<\/h3>\n<p><span style=\"text-decoration: underline;\"><strong>Aptus (A), RCO Security (R), Axema (AX) , ASSA\u00a0 (S) , Axema VAKA (V) , Bewator\/Vanderbilt (B)<\/strong><\/span><\/p>\n<p>V\u00e5r &#8220;Uranus Plus&#8221; \u00e4r en RFID nyckelbricka som \u00e4r skapad f\u00f6r att m\u00f6ta de mest kr\u00e4vande behoven inom s\u00e4kerhet och identifiering.<\/p>\n<p>Med sin robusta konstruktion i ABS-material och h\u00e5rda Profil p\u00e5 3,9 mm, erbjuder den en perfekt balans mellan h\u00e5llbarhet och elegans.<\/p>\n<p>Dess stilrena yta g\u00f6r den idealisk f\u00f6r att graveras med standardnummer eller inkludera din logotyp, antingen genom graverat eller f\u00e4rgat utf\u00f6rande.<\/p>\n<p>Oavsett om du beh\u00f6ver en p\u00e5litlig Produkt f\u00f6r passersystem, bes\u00f6kssystem, Bokning, larm, billaddare, lagerhantering\u00a0 eller andra till\u00e4mpningar, s\u00e5 \u00e4r v\u00e5r &#8220;Uranus Plus&#8221; det perfekta valet.<\/p>\n<p>Den finns i m\u00e5nga varianter och vi kan \u00e4ven tillverka den med ditt eget val av chip.<\/p>\n<p>Standard idag \u00e4r: EM4200, Mifare1k, kombinationen av Mifare1k och EM4200, Mifare4k, kombinationen av Mifare4k och EM4200, samt DESFire, kan du skr\u00e4ddarsy din l\u00f6sning f\u00f6r att passa dina specifika behov.<\/p>\n<p>Vi f\u00f6rst\u00e5r vikten av att leverera h\u00f6gkvalitativa RFID-Taggar som uppfyller dagens krav och f\u00f6rv\u00e4ntningar.<\/p>\n<p>D\u00e4rf\u00f6r str\u00e4var vi efter att erbjuda den b\u00e4sta tekniken och kompatibiliteten f\u00f6r att f\u00f6rb\u00e4ttra s\u00e4kerheten och effektiviteten i dina system.<\/p>\n<h3><strong>Anpassad f\u00f6r unika Projekt med Tagg EM4200 Uranus Plus<\/strong><\/h3>\n<p>F\u00f6rdelarna med v\u00e5ra RFID Taggar inkluderar kompatibilitet med olika system\/tekniker samt m\u00f6jligheten att skr\u00e4ddarsy Taggarna f\u00f6r att passa unika Projekt.<\/p>\n<p>Vi kan programmera och integrera olika chip f\u00f6r att m\u00f6ta specifika applikationskrav och skapa anpassade l\u00f6sningar.<\/p>\n<p>Kontakta oss idag f\u00f6r att diskutera dina Projektid\u00e9er och f\u00e5 en skr\u00e4ddarsydd RFID-Taggl\u00f6sning f\u00f6r dina behov.<\/p>\n<h3><strong>Snabb leverans och alltid lagerf\u00f6rd &#8211;<\/strong><strong> Tagg EM4200 Uranus Plus\u00a0<\/strong><\/h3>\n<p>&#8220;Uranus Plus&#8221; RFID Taggar finns alltid i lager med \u00f6ver 30 000 enheter i 6 f\u00e4rger (R\u00f6d, Bl\u00e5, Vit, Svart, Gr\u00f6n, Gul) och med olika chip.<\/p>\n<p>Med hj\u00e4lp av v\u00e5ra lasermaskiner och Programvaror kan du v\u00e4lja logo &amp; unika nummer f\u00f6r gravering med leverans inom 1-3 dagar.<\/p>\n<h3>Som alltid fr\u00e5n oss, originalchip fr\u00e5n<a href=\"https:\/\/www.nxp.com\/\" target=\"_blank\" rel=\"noopener\"> NXP<\/a> och <a href=\"https:\/\/www.emmicroelectronic.com\/\" target=\"_blank\" rel=\"noopener\">EM Microelectronic.<\/a><\/h3>\n<p><strong>Passar till allt och alla <\/strong><strong>Tagg EM4200 Uranus Plus<\/strong><\/p>\n<ul>\n<li>Access control system<\/li>\n<li>Bes\u00f6kssystem<\/li>\n<li>Bokning<\/li>\n<li>Larm och s\u00e4kerhetssystem<\/li>\n<\/ul>\n<p><strong>F\u00f6rdelar med &#8220;Uranus Plus&#8221; RFID Tagg EM4200 med standardnummer<\/strong><\/p>\n<ul>\n<li>Robust konstruktion i ABS-material<\/li>\n<li>H\u00e5rd Profil p\u00e5 3,9 mm<\/li>\n<li>M\u00f6jlighet att gravera standardnummer eller inkludera logotyp<\/li>\n<li>Stort utbud av chipvarianter f\u00f6r att passa olika behov och alltid lagerf\u00f6rd.<\/li>\n<\/ul>","protected":false},"excerpt":{"rendered":"<p>V\u00e5r klassiska RFID tag &#8220;Uranus Plus&#8221; &#8211; den perfekta l\u00f6sningen f\u00f6r s\u00e4kerhets- och identifieringssystem. EM4200 chip med f\u00e4rdiga systemnummer f\u00f6r passersystem. Taggen har \u00e4r utf\u00f6rd i ett h\u00e5rt 3,9 mm tjock ABS material med en elegant yta som passar \u00f6verallt.<\/p>","protected":false},"featured_media":95092,"template":"","meta":{"_acf_changed":false},"product_brand":[],"product_cat":[3543,1448],"product_tag":[1284,2304,1664],"class_list":{"0":"post-24226","1":"product","2":"type-product","3":"status-publish","4":"has-post-thumbnail","6":"product_cat-alla-taggar-i-butiken","7":"product_cat-rfid-tagg-plus","8":"product_tag-ej-lagerfraga","9":"product_tag-stonehouse-produkt","10":"product_tag-std-nr-taggar","11":"product_shipping_class-postnord-varubrev","12":"pa_brands-stonehouse-security","13":"pa_chip-teknik-em4200-kompatibelt-med-4100-4102-och-4305","14":"pa_color-svart","15":"pa_farg-svart","16":"pa_tagg-abs-plus-3-9-mm-tagg-abs-plus","17":"tm-no-options","19":"first","20":"instock","21":"sale","22":"featured","23":"taxable","24":"shipping-taxable","25":"product-type-simple"},"acf":[],"_links":{"self":[{"href":"https:\/\/stonehouse.se\/en\/wp-json\/wp\/v2\/product\/24226","targetHints":{"allow":["GET"]}}],"collection":[{"href":"https:\/\/stonehouse.se\/en\/wp-json\/wp\/v2\/product"}],"about":[{"href":"https:\/\/stonehouse.se\/en\/wp-json\/wp\/v2\/types\/product"}],"wp:featuredmedia":[{"embeddable":true,"href":"https:\/\/stonehouse.se\/en\/wp-json\/wp\/v2\/media\/95092"}],"wp:attachment":[{"href":"https:\/\/stonehouse.se\/en\/wp-json\/wp\/v2\/media?parent=24226"}],"wp:term":[{"taxonomy":"product_brand","embeddable":true,"href":"https:\/\/stonehouse.se\/en\/wp-json\/wp\/v2\/product_brand?post=24226"},{"taxonomy":"product_cat","embeddable":true,"href":"https:\/\/stonehouse.se\/en\/wp-json\/wp\/v2\/product_cat?post=24226"},{"taxonomy":"product_tag","embeddable":true,"href":"https:\/\/stonehouse.se\/en\/wp-json\/wp\/v2\/product_tag?post=24226"}],"curies":[{"name":"wp","href":"https:\/\/api.w.org\/{rel}","templated":true}]}}