
{"id":24256,"date":"2022-07-12T11:36:45","date_gmt":"2022-07-12T09:36:45","guid":{"rendered":"https:\/\/stonehouse.se\/produkt\/abs-pro-em-axema-vaka-i-serie-avs-5\/"},"modified":"2026-03-31T17:08:33","modified_gmt":"2026-03-31T15:08:33","slug":"tagg-em-axema-vaka-i-serie-avs-5-pro","status":"publish","type":"product","link":"https:\/\/stonehouse.se\/en\/product\/tagg-em-axema-vaka-i-serie-avs-5-pro\/","title":{"rendered":"Uranus Pro &#8211; EM4305 &#8211; Vaka Serie (AVS) &#8211; Gul"},"content":{"rendered":"<h1><strong>Tagg EM AXEMA\u00a0<\/strong><\/h1>\n<p><span style=\"text-decoration: underline\"><strong>H\u00e4r graverat standardnummer f\u00f6r tagg EM Axema:<\/strong><\/span><\/p>\n<p>Aptus (A), RCO Security (R), Axema (AX) , ASSA\u00a0 (S) , Axema VAKA (V) , Bewator\/Vanderbilt (B).<\/p>\n<p>H\u00e4r har du en tagg som vi levererar i p\u00e5se om 10 stycken i varje, med chippen i serienummer ordning likv\u00e4l som de graverade numren.<\/p>\n<p>Dvs numren \u00e4r redan graverade men ligger i ordning.Enkelt f\u00f6r dig som anv\u00e4nder Axema VAKA<\/p>\n<p>eller andra system d\u00e4r du vill l\u00e4gga in 1 tagg och sedan bara ange hur m\u00e5nga taggar som ska programmeras.<\/p>\n<p>V\u00e5r &#8220;Uranus Pro&#8221; \u00e4r skapad f\u00f6r att m\u00f6ta de mest kr\u00e4vande behoven inom s\u00e4kerhet och identifiering.<\/p>\n<p>Med sin robusta konstruktion i ABS-material och tunna profil p\u00e5 endast 2,9 mm, erbjuder den en perfekt balans mellan h\u00e5llbarhet och elegans.<\/p>\n<p>Dess stilrena yta g\u00f6r den idealisk f\u00f6r att graveras med standardnummer eller inkludera din logotyp, antingen genom graverat eller f\u00e4rgat utf\u00f6rande.<\/p>\n<p>Oavsett om du beh\u00f6ver en p\u00e5litlig RFID tag f\u00f6r passersystem, bes\u00f6kssystem, Bokning, larm eller andra till\u00e4mpningar, \u00e4r v\u00e5r &#8220;Uranus Pro&#8221; RFID tag det perfekta valet.<\/p>\n<p>Med ett brett utbud av chipvarianter, EM4200, Mifare1k, kombinationen av Mifare1k och EM4200, Mifare4k, kombinationen av Mifare4k och EM4200,<\/p>\n<p>samt DESFire, kan du skr\u00e4ddarsy din l\u00f6sning f\u00f6r att passa dina specifika behov.<\/p>\n<p>Vi f\u00f6rst\u00e5r vikten av att leverera h\u00f6gkvalitativa RFID-taggar som uppfyller dagens krav och f\u00f6rv\u00e4ntningar.<\/p>\n<p>D\u00e4rf\u00f6r str\u00e4var vi efter att erbjuda den b\u00e4sta tekniken och kompatibiliteten f\u00f6r att f\u00f6rb\u00e4ttra s\u00e4kerheten och effektiviteten i dina system.<\/p>\n<h4><strong>Anpassad f\u00f6r unika projekt- tagg EM Axema<\/strong><\/h4>\n<p>F\u00f6rdelarna med v\u00e5ra RFID taggar inkluderar kompatibilitet med olika system\/tekniker samt m\u00f6jligheten att skr\u00e4ddarsy taggarna f\u00f6r att passa unika projekt.<\/p>\n<p>Vi kan programmera och integrera olika chip f\u00f6r att m\u00f6ta specifika applikationskrav och skapa anpassade l\u00f6sningar.<\/p>\n<p>Kontakta oss idag f\u00f6r att diskutera dina projektid\u00e9er och f\u00e5 en skr\u00e4ddarsydd RFID-taggl\u00f6sning f\u00f6r dina behov.<\/p>\n<h5><strong>Snabb leverans och alltid lagerf\u00f6rd-\u00a0 <\/strong><strong>tagg EM Axema<\/strong><\/h5>\n<p>&#8220;Uranus Pro&#8221; RFID finns alltid i lager med \u00f6ver 80 000 enheter i 6 f\u00e4rger och med olika chipl\u00f6sningar.<\/p>\n<p>Med hj\u00e4lp av v\u00e5ra lasermaskiner och programvaror kan du v\u00e4lja logo &amp; unika nummer f\u00f6r gravering med leverans inom 1-3 dagar.<\/p>\n<p>Uppt\u00e4ck f\u00f6rdelarna med v\u00e5r &#8220;Uranus Pro&#8221; och ta din s\u00e4kerhet och identifiering till en ny niv\u00e5.<\/p>\n<p>Som alltid fr\u00e5n oss, originalchip fr\u00e5n NXP och EM Microelectronic.<\/p>\n<p>Allt f\u00f6r att v\u00e5ra RFID taggar ska fungera s\u00e4kert och under l\u00e5ng tid, med garanti.<\/p>\n<ul>\n<li><strong>RFID kan anv\u00e4ndas f\u00f6r:<\/strong>\n<ul>\n<li>Access control system<\/li>\n<li>Bes\u00f6kssystem<\/li>\n<li>Bokning<\/li>\n<li>Larm och s\u00e4kerhet<\/li>\n<\/ul>\n<\/li>\n<li><strong>F\u00f6rdelar med &#8220;Uranus Pro&#8221;:<\/strong>\n<ul>\n<li>Robust konstruktion i ABS-material<\/li>\n<li>Tunn profil p\u00e5 endast 2,9 mm<\/li>\n<li>M\u00f6jlighet att gravera standardnummer eller inkludera logotyp<\/li>\n<li>Stort utbud av chipvarianter f\u00f6r att passa olika behov och alltid lagerf\u00f6rd.<\/li>\n<\/ul>\n<\/li>\n<\/ul>\n<p>&nbsp;<\/p>\n<p>&nbsp;<\/p>","protected":false},"excerpt":{"rendered":"<p>V\u00e5r mest popul\u00e4ra RFID tag &#8220;Uranus Pro&#8221; &#8211; den perfekta l\u00f6sningen f\u00f6r s\u00e4kerhets- och identifieringssystem. H\u00e4r med EM4200 chip med f\u00e4rdiga systemnummer f\u00f6r passersystem AXEMA i serie.<\/p>","protected":false},"featured_media":95078,"template":"","meta":{"_acf_changed":false},"product_brand":[],"product_cat":[3543,360],"product_tag":[1284,3403,1287,2304],"class_list":{"0":"post-24256","1":"product","2":"type-product","3":"status-publish","4":"has-post-thumbnail","6":"product_cat-alla-taggar-i-butiken","7":"product_cat-rfid-tagg-pro","8":"product_tag-ej-lagerfraga","9":"product_tag-nxp","10":"product_tag-rfid-500","11":"product_tag-stonehouse-produkt","12":"product_shipping_class-postnord-varubrev","13":"pa_brands-stonehouse-security","14":"pa_chip-teknik-chipnummer-i-serie-axema-vaka","15":"pa_farg-gul","16":"pa_tagg-abs-pro-2-9-mm-tagg-abs-pro","17":"tm-no-options","19":"first","20":"onbackorder","21":"sale","22":"featured","23":"taxable","24":"shipping-taxable","25":"product-type-simple"},"acf":[],"_links":{"self":[{"href":"https:\/\/stonehouse.se\/en\/wp-json\/wp\/v2\/product\/24256","targetHints":{"allow":["GET"]}}],"collection":[{"href":"https:\/\/stonehouse.se\/en\/wp-json\/wp\/v2\/product"}],"about":[{"href":"https:\/\/stonehouse.se\/en\/wp-json\/wp\/v2\/types\/product"}],"wp:featuredmedia":[{"embeddable":true,"href":"https:\/\/stonehouse.se\/en\/wp-json\/wp\/v2\/media\/95078"}],"wp:attachment":[{"href":"https:\/\/stonehouse.se\/en\/wp-json\/wp\/v2\/media?parent=24256"}],"wp:term":[{"taxonomy":"product_brand","embeddable":true,"href":"https:\/\/stonehouse.se\/en\/wp-json\/wp\/v2\/product_brand?post=24256"},{"taxonomy":"product_cat","embeddable":true,"href":"https:\/\/stonehouse.se\/en\/wp-json\/wp\/v2\/product_cat?post=24256"},{"taxonomy":"product_tag","embeddable":true,"href":"https:\/\/stonehouse.se\/en\/wp-json\/wp\/v2\/product_tag?post=24256"}],"curies":[{"name":"wp","href":"https:\/\/api.w.org\/{rel}","templated":true}]}}