
{"id":24266,"date":"2022-07-12T10:33:21","date_gmt":"2022-07-12T08:33:21","guid":{"rendered":"https:\/\/stonehouse.se\/produkt\/kombi-abs-hd-em4200-mifare1k-std-nr\/"},"modified":"2026-03-31T18:27:06","modified_gmt":"2026-03-31T16:27:06","slug":"rfid-tagg-kombi-glasfiber-hd-std-nr-2","status":"publish","type":"product","link":"https:\/\/stonehouse.se\/en\/product\/rfid-tagg-kombi-glasfiber-hd-std-nr-2\/","title":{"rendered":"Tagg Kombi EM4200 + Mifare4k\u00ae Uranus HD Vandals\u00e4ker"},"content":{"rendered":"<h1>Tagg Kombi EM4200\/Mifare4k Uranus HD<\/h1>\n<p><span style=\"text-decoration: underline;\"><strong>H\u00e4r med standardnummer graverade p\u00e5 taggen f\u00f6r i princip samtliga s\u00e4kerhetssystem.<\/strong><\/span><\/p>\n<div>\n<p><span style=\"text-decoration: underline;\"><strong>RCO (MFR), Axema VAKA (MFV) samt <\/strong><\/span><span style=\"text-decoration: underline;\"><strong>(MFD) f\u00f6r ASSA, Aptus, Bewator, Axema, Axema VAKA, Vanderbilt<\/strong><\/span><\/p>\n<p><b><u>\u00a0<\/u><\/b><\/p>\n<\/div>","protected":false},"excerpt":{"rendered":"<p>Tagg Uranus HD. Vandals\u00e4ker,vattent\u00e4t och endast 1.6 mm tunn i ett stenh\u00e5rt glasfibermaterial.<\/p>","protected":false},"featured_media":80564,"template":"","meta":{"_acf_changed":false},"product_brand":[],"product_cat":[3543,362],"product_tag":[1769,1284,3403,2304],"class_list":{"0":"post-24266","1":"product","2":"type-product","3":"status-publish","4":"has-post-thumbnail","6":"product_cat-alla-taggar-i-butiken","7":"product_cat-rfid-tag-hd","8":"product_tag-250-moq-hd","9":"product_tag-ej-lagerfraga","10":"product_tag-nxp","11":"product_tag-stonehouse-produkt","12":"product_shipping_class-postnord-varubrev","13":"pa_brands-stonehouse-security","14":"pa_chip-teknik-kombi-em4200mifare1k","15":"pa_farg-svart","16":"pa_tagg-glasfiber-tagg-glasfiber-hd","17":"tm-no-options","19":"first","20":"instock","21":"sale","22":"featured","23":"taxable","24":"shipping-taxable","25":"product-type-simple"},"acf":[],"_links":{"self":[{"href":"https:\/\/stonehouse.se\/en\/wp-json\/wp\/v2\/product\/24266","targetHints":{"allow":["GET"]}}],"collection":[{"href":"https:\/\/stonehouse.se\/en\/wp-json\/wp\/v2\/product"}],"about":[{"href":"https:\/\/stonehouse.se\/en\/wp-json\/wp\/v2\/types\/product"}],"wp:featuredmedia":[{"embeddable":true,"href":"https:\/\/stonehouse.se\/en\/wp-json\/wp\/v2\/media\/80564"}],"wp:attachment":[{"href":"https:\/\/stonehouse.se\/en\/wp-json\/wp\/v2\/media?parent=24266"}],"wp:term":[{"taxonomy":"product_brand","embeddable":true,"href":"https:\/\/stonehouse.se\/en\/wp-json\/wp\/v2\/product_brand?post=24266"},{"taxonomy":"product_cat","embeddable":true,"href":"https:\/\/stonehouse.se\/en\/wp-json\/wp\/v2\/product_cat?post=24266"},{"taxonomy":"product_tag","embeddable":true,"href":"https:\/\/stonehouse.se\/en\/wp-json\/wp\/v2\/product_tag?post=24266"}],"curies":[{"name":"wp","href":"https:\/\/api.w.org\/{rel}","templated":true}]}}