
{"id":24294,"date":"2022-07-10T13:27:40","date_gmt":"2022-07-10T11:27:40","guid":{"rendered":"https:\/\/stonehouse.se\/produkt\/sticker-sjalvhaftande-mifare1k-pappers-30mm\/"},"modified":"2025-12-31T20:24:29","modified_gmt":"2025-12-31T19:24:29","slug":"rfid-stickers-sjalvhaftande-mifare1k-pappers-30mm","status":"publish","type":"product","link":"https:\/\/stonehouse.se\/en\/product\/rfid-stickers-sjalvhaftande-mifare1k-pappers-30mm\/","title":{"rendered":"RFID Stickers sj\u00e4lvh\u00e4ftande Mifare1k &#8211; Pappers 30mm"},"content":{"rendered":"<p>Levereras 1 och 1 med sj\u00e4lvh\u00e4ftande yta och inbyggt chip (Mifare1k)<\/p>\n<p>Eftersom den \u00e4r tillverkad i papper \u00e4r den ytterst tunn och \u00e4r relativt \u00f6mt\u00e5lig.<\/p>\n<p>Om du \u00f6nskar sticker som klarar yttre p\u00e5verkan b\u00e4ttre v\u00e4ljer du sticker i PVC.<\/p>\n<div>\n<div>\n<div data-tid=\"messageBodyContainer\">\n<div data-tid=\"messageBodyContent\">\n<div>\n<div>\n<div>Sticker \u00e4r en billig och bra produkt med originalchip f\u00f6r alla applikationer.<\/div>\n<\/div>\n<\/div>\n<\/div>\n<\/div>\n<\/div>\n<\/div>","protected":false},"excerpt":{"rendered":"<p>Levereras 1 och 1 med sj\u00e4lvh\u00e4ftande yta och inbyggt chip (Mifare1k) Eftersom den \u00e4r tillverkad i papper \u00e4r den ytterst<\/p>","protected":false},"featured_media":82911,"template":"","meta":{"_acf_changed":false},"product_brand":[],"product_cat":[364],"product_tag":[2304],"class_list":{"0":"post-24294","1":"product","2":"type-product","3":"status-publish","4":"has-post-thumbnail","6":"product_cat-rfid-stickers","7":"product_tag-stonehouse-produkt","8":"product_shipping_class-postnord-varubrev","9":"pa_brands-stonehouse-security","10":"tm-no-options","12":"first","13":"instock","14":"sale","15":"featured","16":"taxable","17":"shipping-taxable","18":"product-type-simple"},"acf":[],"_links":{"self":[{"href":"https:\/\/stonehouse.se\/en\/wp-json\/wp\/v2\/product\/24294","targetHints":{"allow":["GET"]}}],"collection":[{"href":"https:\/\/stonehouse.se\/en\/wp-json\/wp\/v2\/product"}],"about":[{"href":"https:\/\/stonehouse.se\/en\/wp-json\/wp\/v2\/types\/product"}],"wp:featuredmedia":[{"embeddable":true,"href":"https:\/\/stonehouse.se\/en\/wp-json\/wp\/v2\/media\/82911"}],"wp:attachment":[{"href":"https:\/\/stonehouse.se\/en\/wp-json\/wp\/v2\/media?parent=24294"}],"wp:term":[{"taxonomy":"product_brand","embeddable":true,"href":"https:\/\/stonehouse.se\/en\/wp-json\/wp\/v2\/product_brand?post=24294"},{"taxonomy":"product_cat","embeddable":true,"href":"https:\/\/stonehouse.se\/en\/wp-json\/wp\/v2\/product_cat?post=24294"},{"taxonomy":"product_tag","embeddable":true,"href":"https:\/\/stonehouse.se\/en\/wp-json\/wp\/v2\/product_tag?post=24294"}],"curies":[{"name":"wp","href":"https:\/\/api.w.org\/{rel}","templated":true}]}}