
{"id":24296,"date":"2022-07-10T13:17:07","date_gmt":"2022-07-10T11:17:07","guid":{"rendered":"https:\/\/stonehouse.se\/produkt\/sticker-pvc-30mm-sjalvhaftande-em4200-mif1knummer\/"},"modified":"2026-04-02T11:11:55","modified_gmt":"2026-04-02T09:11:55","slug":"rfid-stickers-pvc-30mm-sjalvhaftande-em4200-mif1knummer","status":"publish","type":"product","link":"https:\/\/stonehouse.se\/en\/product\/rfid-stickers-pvc-30mm-sjalvhaftande-em4200-mif1knummer\/","title":{"rendered":"RFID Stickers PVC 30mm Sj\u00e4lvh\u00e4ftande EM4200\/Mif1k+Nummer"},"content":{"rendered":"<p>Kan klistras direkt p\u00e5 metallh\u00f6ljen.<\/p>\n<p>Material PVC.Dimension Diameter 25mm f\u00f6r singelchip och 30mm f\u00f6r kombichip.<\/p>\n<p>Tjocklek\u00a0 1.25mm\u00b11mm 25mm, 1.57mm\u00b11mm 30mm.<\/p>\n<p>Chip EM4200, Mifare 1k, Desfire chip,EM4200+Mifare 1k chip Frekvens 125khz,13.56mhz.<\/p>\n<p>L\u00e4savst\u00e5nd 1 till 4cm beror p\u00e5 l\u00e4sare och milj\u00f6. Finns med eller utan printade nummer och systemnummer.<\/p>\n<p>M\u00f6jlighet att f\u00e5 Epoxylager p\u00e5.<\/p>\n<div>\n<div>\n<div data-tid=\"messageBodyContainer\">\n<div data-tid=\"messageBodyContent\">\n<div>\n<div>\n<div>\n<p>Sticker \u00e4r en billig och bra produkt med originalchip f\u00f6r alla applikationer.<\/p>\n<\/div>\n<\/div>\n<\/div>\n<\/div>\n<\/div>\n<\/div>\n<\/div>","protected":false},"excerpt":{"rendered":"<p>Kan klistras direkt p\u00e5 metallh\u00f6ljen. Material PVC.Dimension Diameter 25mm f\u00f6r singelchip och 30mm f\u00f6r kombichip. Tjocklek\u00a0 1.25mm\u00b11mm 25mm, 1.57mm\u00b11mm 30mm.<\/p>","protected":false},"featured_media":82965,"template":"","meta":{"_acf_changed":false},"product_brand":[],"product_cat":[364],"product_tag":[2304],"class_list":{"0":"post-24296","1":"product","2":"type-product","3":"status-publish","4":"has-post-thumbnail","6":"product_cat-rfid-stickers","7":"product_tag-stonehouse-produkt","8":"product_shipping_class-postnord-varubrev","9":"pa_brands-stonehouse-security","10":"pa_farg-vit","11":"tm-no-options","13":"first","14":"instock","15":"sale","16":"featured","17":"taxable","18":"shipping-taxable","19":"product-type-simple"},"acf":[],"_links":{"self":[{"href":"https:\/\/stonehouse.se\/en\/wp-json\/wp\/v2\/product\/24296","targetHints":{"allow":["GET"]}}],"collection":[{"href":"https:\/\/stonehouse.se\/en\/wp-json\/wp\/v2\/product"}],"about":[{"href":"https:\/\/stonehouse.se\/en\/wp-json\/wp\/v2\/types\/product"}],"wp:featuredmedia":[{"embeddable":true,"href":"https:\/\/stonehouse.se\/en\/wp-json\/wp\/v2\/media\/82965"}],"wp:attachment":[{"href":"https:\/\/stonehouse.se\/en\/wp-json\/wp\/v2\/media?parent=24296"}],"wp:term":[{"taxonomy":"product_brand","embeddable":true,"href":"https:\/\/stonehouse.se\/en\/wp-json\/wp\/v2\/product_brand?post=24296"},{"taxonomy":"product_cat","embeddable":true,"href":"https:\/\/stonehouse.se\/en\/wp-json\/wp\/v2\/product_cat?post=24296"},{"taxonomy":"product_tag","embeddable":true,"href":"https:\/\/stonehouse.se\/en\/wp-json\/wp\/v2\/product_tag?post=24296"}],"curies":[{"name":"wp","href":"https:\/\/api.w.org\/{rel}","templated":true}]}}