
{"id":24298,"date":"2022-07-10T13:00:53","date_gmt":"2022-07-10T11:00:53","guid":{"rendered":"https:\/\/stonehouse.se\/produkt\/sticker-sjalvhaftande-mifare1k-fm11rf08-pappers-30mm\/"},"modified":"2025-12-31T20:24:06","modified_gmt":"2025-12-31T19:24:06","slug":"rfid-stickers-sjalvhaftande-mifare1k-fm11rf08-pappers-30mm","status":"publish","type":"product","link":"https:\/\/stonehouse.se\/en\/product\/rfid-stickers-sjalvhaftande-mifare1k-fm11rf08-pappers-30mm\/","title":{"rendered":"RFID Stickers sj\u00e4lvh\u00e4ftande Mifare1k kompatibelt chip &#8211; Pappers 30mm"},"content":{"rendered":"<p>Levereras 1 och 1 med sj\u00e4lvh\u00e4ftande yta och inbyggt chip (kompatibelt Mifare1k chip)<\/p>\n<p>Chippet inunti \u00e4r FM11RF08<\/p>\n<p>Eftersom den \u00e4r tillverkad i papper \u00e4r den ytterst tunn och \u00e4r relativt \u00f6mt\u00e5lig.<\/p>\n<p>Om du \u00f6nskar sticker som klarar yttre p\u00e5verkan b\u00e4ttre v\u00e4ljer du sticker i PVC.<\/p>","protected":false},"excerpt":{"rendered":"<p>Levereras 1 och 1 med sj\u00e4lvh\u00e4ftande yta och inbyggt chip (kompatibelt Mifare1k chip) Chippet inunti \u00e4r FM11RF08 Eftersom den \u00e4r<\/p>","protected":false},"featured_media":82911,"template":"","meta":{"_acf_changed":false},"product_brand":[],"product_cat":[364],"product_tag":[1744,2304],"class_list":{"0":"post-24298","1":"product","2":"type-product","3":"status-publish","4":"has-post-thumbnail","6":"product_cat-rfid-stickers","7":"product_tag-rel-rfid","8":"product_tag-stonehouse-produkt","9":"product_shipping_class-postnord-varubrev","10":"pa_brands-stonehouse-security","11":"pa_farg-vit","12":"tm-no-options","14":"first","15":"instock","16":"sale","17":"featured","18":"taxable","19":"shipping-taxable","20":"product-type-simple"},"acf":[],"_links":{"self":[{"href":"https:\/\/stonehouse.se\/en\/wp-json\/wp\/v2\/product\/24298","targetHints":{"allow":["GET"]}}],"collection":[{"href":"https:\/\/stonehouse.se\/en\/wp-json\/wp\/v2\/product"}],"about":[{"href":"https:\/\/stonehouse.se\/en\/wp-json\/wp\/v2\/types\/product"}],"wp:featuredmedia":[{"embeddable":true,"href":"https:\/\/stonehouse.se\/en\/wp-json\/wp\/v2\/media\/82911"}],"wp:attachment":[{"href":"https:\/\/stonehouse.se\/en\/wp-json\/wp\/v2\/media?parent=24298"}],"wp:term":[{"taxonomy":"product_brand","embeddable":true,"href":"https:\/\/stonehouse.se\/en\/wp-json\/wp\/v2\/product_brand?post=24298"},{"taxonomy":"product_cat","embeddable":true,"href":"https:\/\/stonehouse.se\/en\/wp-json\/wp\/v2\/product_cat?post=24298"},{"taxonomy":"product_tag","embeddable":true,"href":"https:\/\/stonehouse.se\/en\/wp-json\/wp\/v2\/product_tag?post=24298"}],"curies":[{"name":"wp","href":"https:\/\/api.w.org\/{rel}","templated":true}]}}