
{"id":26045,"date":"2022-06-28T13:05:26","date_gmt":"2022-06-28T11:05:26","guid":{"rendered":"https:\/\/stonehouse.se\/produkt\/seismisk-detektor-vd-400\/"},"modified":"2026-04-08T17:00:17","modified_gmt":"2026-04-08T15:00:17","slug":"seismisk-detektor-vd-400","status":"publish","type":"product","link":"https:\/\/stonehouse.se\/en\/product\/seismisk-detektor-vd-400\/","title":{"rendered":"Seismisk Detektor Vd 400"},"content":{"rendered":"<p>Seismisk detektor som ger s\u00e4ker detektering och h\u00f6g t\u00e5lighet mot obefogade larm vid montering p\u00e5 st\u00e5l eller betongobjekt s\u00e5som vapensk\u00e5p, betalautomater, bankomater, kassask\u00e5p, betongv\u00e4ggar etc. Visuell larmindikering (LED) och sabotageomkopplare.<\/p>","protected":false},"excerpt":{"rendered":"<p>Seismisk detektor som ger s\u00e4ker detektering och h\u00f6g t\u00e5lighet mot obefogade larm vid montering p\u00e5 st\u00e5l eller betongobjekt s\u00e5som vapensk\u00e5p,<\/p>","protected":false},"featured_media":83711,"template":"","meta":{"_acf_changed":false},"product_brand":[],"product_cat":[485,342],"product_tag":[],"class_list":{"0":"post-26045","1":"product","2":"type-product","3":"status-publish","4":"has-post-thumbnail","6":"product_cat-vibration-chockdetektor","7":"product_cat-detektorer-larmgivare","8":"product_shipping_class-postnord-varubrev","9":"pa_brands-alarmtech","10":"pa_farg-ovrigt","11":"tm-no-options","13":"first","14":"instock","15":"sale","16":"taxable","17":"shipping-taxable","18":"product-type-simple"},"acf":[],"_links":{"self":[{"href":"https:\/\/stonehouse.se\/en\/wp-json\/wp\/v2\/product\/26045","targetHints":{"allow":["GET"]}}],"collection":[{"href":"https:\/\/stonehouse.se\/en\/wp-json\/wp\/v2\/product"}],"about":[{"href":"https:\/\/stonehouse.se\/en\/wp-json\/wp\/v2\/types\/product"}],"wp:featuredmedia":[{"embeddable":true,"href":"https:\/\/stonehouse.se\/en\/wp-json\/wp\/v2\/media\/83711"}],"wp:attachment":[{"href":"https:\/\/stonehouse.se\/en\/wp-json\/wp\/v2\/media?parent=26045"}],"wp:term":[{"taxonomy":"product_brand","embeddable":true,"href":"https:\/\/stonehouse.se\/en\/wp-json\/wp\/v2\/product_brand?post=26045"},{"taxonomy":"product_cat","embeddable":true,"href":"https:\/\/stonehouse.se\/en\/wp-json\/wp\/v2\/product_cat?post=26045"},{"taxonomy":"product_tag","embeddable":true,"href":"https:\/\/stonehouse.se\/en\/wp-json\/wp\/v2\/product_tag?post=26045"}],"curies":[{"name":"wp","href":"https:\/\/api.w.org\/{rel}","templated":true}]}}