
{"id":26270,"date":"2022-06-28T13:05:19","date_gmt":"2022-06-28T11:05:19","guid":{"rendered":"https:\/\/stonehouse.se\/produkt\/seismisk-detektor-vd500\/"},"modified":"2026-04-08T16:47:31","modified_gmt":"2026-04-08T14:47:31","slug":"seismisk-detektor-vd500","status":"publish","type":"product","link":"https:\/\/stonehouse.se\/en\/product\/seismisk-detektor-vd500\/","title":{"rendered":"Seismisk Detektor VD500"},"content":{"rendered":"<p>Avancerad seismisk detektor som ger s\u00e4ker detektering och h\u00f6g t\u00e5lighet mot obefogade larm. Sj\u00e4lvtestfunktion och 4 s\u00e4kerhetsprogram. Inst\u00e4llning sker enkelt med dippswitch. Temperaturlarm \u00f6ver 98\u00b0C. Sabotageomkopplare f\u00f6r skydd mot bortbrytning och \u00f6ppning samt visuell larmindikering. Logg och PC gr\u00e4nssnitt. SBSC Godk\u00e4nd klass 3\/4, milj\u00f6 III (-40 &#8211; +70\u00b0C). S\u00e4rskilt program f\u00f6r bankomater\/sedelautomater. F\u00f6r placering p\u00e5 betong\/por\u00f6st material anv\u00e4nd MP 500 monteringsplatta.<\/p>","protected":false},"excerpt":{"rendered":"<p>Avancerad seismisk detektor som ger s\u00e4ker detektering och h\u00f6g t\u00e5lighet mot obefogade larm. Sj\u00e4lvtestfunktion och 4 s\u00e4kerhetsprogram. Inst\u00e4llning sker enkelt<\/p>","protected":false},"featured_media":83523,"template":"","meta":{"_acf_changed":false},"product_brand":[],"product_cat":[485],"product_tag":[1847],"class_list":{"0":"post-26270","1":"product","2":"type-product","3":"status-publish","4":"has-post-thumbnail","6":"product_cat-vibration-chockdetektor","7":"product_tag-sbsc-larmklass4","8":"product_shipping_class-tunga-paket","9":"pa_brands-alarmtech","10":"pa_farg-ovrigt","11":"tm-no-options","13":"first","14":"instock","15":"sale","16":"taxable","17":"shipping-taxable","18":"product-type-simple"},"acf":[],"_links":{"self":[{"href":"https:\/\/stonehouse.se\/en\/wp-json\/wp\/v2\/product\/26270","targetHints":{"allow":["GET"]}}],"collection":[{"href":"https:\/\/stonehouse.se\/en\/wp-json\/wp\/v2\/product"}],"about":[{"href":"https:\/\/stonehouse.se\/en\/wp-json\/wp\/v2\/types\/product"}],"wp:featuredmedia":[{"embeddable":true,"href":"https:\/\/stonehouse.se\/en\/wp-json\/wp\/v2\/media\/83523"}],"wp:attachment":[{"href":"https:\/\/stonehouse.se\/en\/wp-json\/wp\/v2\/media?parent=26270"}],"wp:term":[{"taxonomy":"product_brand","embeddable":true,"href":"https:\/\/stonehouse.se\/en\/wp-json\/wp\/v2\/product_brand?post=26270"},{"taxonomy":"product_cat","embeddable":true,"href":"https:\/\/stonehouse.se\/en\/wp-json\/wp\/v2\/product_cat?post=26270"},{"taxonomy":"product_tag","embeddable":true,"href":"https:\/\/stonehouse.se\/en\/wp-json\/wp\/v2\/product_tag?post=26270"}],"curies":[{"name":"wp","href":"https:\/\/api.w.org\/{rel}","templated":true}]}}