
{"id":26299,"date":"2022-06-28T13:05:24","date_gmt":"2022-06-28T11:05:24","guid":{"rendered":"https:\/\/stonehouse.se\/produkt\/monteringsplatta-mp-550\/"},"modified":"2026-04-08T16:49:08","modified_gmt":"2026-04-08T14:49:08","slug":"monteringsplatta-mp-550","status":"publish","type":"product","link":"https:\/\/stonehouse.se\/en\/product\/monteringsplatta-mp-550\/","title":{"rendered":"Monteringsplatta Mp 550"},"content":{"rendered":"<p>Monteringsplatta i metall f\u00f6r montage av CD 550 p\u00e5 tegel, betongv\u00e4ggar eller andra h\u00e5rda underlag. Monteringsplattan f\u00e4sts med den medf\u00f6ljande expanderbulten f\u00f6r att ge ett stort bevakningsomr\u00e5de.<\/p>","protected":false},"excerpt":{"rendered":"<p>Monteringsplatta i metall f\u00f6r montage av CD 550 p\u00e5 tegel, betongv\u00e4ggar eller andra h\u00e5rda underlag. Monteringsplattan f\u00e4sts med den medf\u00f6ljande<\/p>","protected":false},"featured_media":83518,"template":"","meta":{"_acf_changed":false},"product_brand":[],"product_cat":[485,342],"product_tag":[],"class_list":{"0":"post-26299","1":"product","2":"type-product","3":"status-publish","4":"has-post-thumbnail","6":"product_cat-vibration-chockdetektor","7":"product_cat-detektorer-larmgivare","8":"product_shipping_class-tunga-paket","9":"pa_brands-alarmtech","10":"tm-no-options","12":"first","13":"instock","14":"sale","15":"taxable","16":"shipping-taxable","17":"product-type-simple"},"acf":[],"_links":{"self":[{"href":"https:\/\/stonehouse.se\/en\/wp-json\/wp\/v2\/product\/26299","targetHints":{"allow":["GET"]}}],"collection":[{"href":"https:\/\/stonehouse.se\/en\/wp-json\/wp\/v2\/product"}],"about":[{"href":"https:\/\/stonehouse.se\/en\/wp-json\/wp\/v2\/types\/product"}],"wp:featuredmedia":[{"embeddable":true,"href":"https:\/\/stonehouse.se\/en\/wp-json\/wp\/v2\/media\/83518"}],"wp:attachment":[{"href":"https:\/\/stonehouse.se\/en\/wp-json\/wp\/v2\/media?parent=26299"}],"wp:term":[{"taxonomy":"product_brand","embeddable":true,"href":"https:\/\/stonehouse.se\/en\/wp-json\/wp\/v2\/product_brand?post=26299"},{"taxonomy":"product_cat","embeddable":true,"href":"https:\/\/stonehouse.se\/en\/wp-json\/wp\/v2\/product_cat?post=26299"},{"taxonomy":"product_tag","embeddable":true,"href":"https:\/\/stonehouse.se\/en\/wp-json\/wp\/v2\/product_tag?post=26299"}],"curies":[{"name":"wp","href":"https:\/\/api.w.org\/{rel}","templated":true}]}}