
{"id":26307,"date":"2022-06-28T13:05:08","date_gmt":"2022-06-28T11:05:08","guid":{"rendered":"https:\/\/stonehouse.se\/produkt\/glaskrossdetektor-gd-330-6\/"},"modified":"2026-04-08T17:01:56","modified_gmt":"2026-04-08T15:01:56","slug":"glaskrossdetektor-gd-330-6","status":"publish","type":"product","link":"https:\/\/stonehouse.se\/en\/product\/glaskrossdetektor-gd-330-6\/","title":{"rendered":"Glaskrossdetektor Gd 330-6"},"content":{"rendered":"<p>Glaskrossdetektor med rel\u00e4utg\u00e5ng. Rund varf\u00f6r den aldrig kan sitta snett. Detektorn limmas p\u00e5 glaspartiet. F\u00f6r snabb och enkel installation ing\u00e5r en schablon, paddel och kabelavlastning. Vit. Ej l\u00e4mplig f\u00f6r laminerat glas. 6 m kabel.<\/p>","protected":false},"excerpt":{"rendered":"<p>Glaskrossdetektor med rel\u00e4utg\u00e5ng. Rund varf\u00f6r den aldrig kan sitta snett. Detektorn limmas p\u00e5 glaspartiet. F\u00f6r snabb och enkel installation ing\u00e5r<\/p>","protected":false},"featured_media":83540,"template":"","meta":{"_acf_changed":false},"product_brand":[],"product_cat":[483],"product_tag":[1616,1747],"class_list":{"0":"post-26307","1":"product","2":"type-product","3":"status-publish","4":"has-post-thumbnail","6":"product_cat-glaskrossdetektorer-nya-detektorer-ovriga-larmgivare","7":"product_tag-glaskross-limmad-4-trad","8":"product_tag-rel-larmgivare","9":"product_shipping_class-postnord-varubrev","10":"pa_brands-alarmtech","11":"pa_farg-vit","12":"tm-no-options","14":"first","15":"instock","16":"sale","17":"featured","18":"taxable","19":"shipping-taxable","20":"product-type-simple"},"acf":[],"_links":{"self":[{"href":"https:\/\/stonehouse.se\/en\/wp-json\/wp\/v2\/product\/26307","targetHints":{"allow":["GET"]}}],"collection":[{"href":"https:\/\/stonehouse.se\/en\/wp-json\/wp\/v2\/product"}],"about":[{"href":"https:\/\/stonehouse.se\/en\/wp-json\/wp\/v2\/types\/product"}],"wp:featuredmedia":[{"embeddable":true,"href":"https:\/\/stonehouse.se\/en\/wp-json\/wp\/v2\/media\/83540"}],"wp:attachment":[{"href":"https:\/\/stonehouse.se\/en\/wp-json\/wp\/v2\/media?parent=26307"}],"wp:term":[{"taxonomy":"product_brand","embeddable":true,"href":"https:\/\/stonehouse.se\/en\/wp-json\/wp\/v2\/product_brand?post=26307"},{"taxonomy":"product_cat","embeddable":true,"href":"https:\/\/stonehouse.se\/en\/wp-json\/wp\/v2\/product_cat?post=26307"},{"taxonomy":"product_tag","embeddable":true,"href":"https:\/\/stonehouse.se\/en\/wp-json\/wp\/v2\/product_tag?post=26307"}],"curies":[{"name":"wp","href":"https:\/\/api.w.org\/{rel}","templated":true}]}}