
{"id":26327,"date":"2022-06-28T13:05:25","date_gmt":"2022-06-28T11:05:25","guid":{"rendered":"https:\/\/stonehouse.se\/produkt\/glaskrossdetektor-gd-335-sj\/"},"modified":"2026-04-08T17:00:38","modified_gmt":"2026-04-08T15:00:38","slug":"glaskrossdetektor-gd-335-sj","status":"publish","type":"product","link":"https:\/\/stonehouse.se\/en\/product\/glaskrossdetektor-gd-335-sj\/","title":{"rendered":"Glaskrossdetektor Gd 335-Sj"},"content":{"rendered":"<p>Glaskrossdetektor med samma funktioner som GD 335. Detektorn har spiralsladd med modularkontakt som ansluts i dosan JB 103-4, vilket g\u00f6r att den enkelt och snabbt kan kopplas bort fr\u00e5n detektorslingan vid putsning av ett f\u00f6nster. Inkl dosa JB 103-4.<\/p>","protected":false},"excerpt":{"rendered":"<p>Glaskrossdetektor med samma funktioner som GD 335. Detektorn har spiralsladd med modularkontakt som ansluts i dosan JB 103-4, vilket g\u00f6r<\/p>","protected":false},"featured_media":83715,"template":"","meta":{"_acf_changed":false},"product_brand":[],"product_cat":[483],"product_tag":[1617],"class_list":{"0":"post-26327","1":"product","2":"type-product","3":"status-publish","4":"has-post-thumbnail","6":"product_cat-glaskrossdetektorer-nya-detektorer-ovriga-larmgivare","7":"product_tag-glaskross-limmad-2-trad","8":"product_shipping_class-postnord-varubrev","9":"pa_brands-alarmtech","10":"pa_farg-vit","11":"tm-no-options","13":"first","14":"outofstock","15":"sale","16":"taxable","17":"shipping-taxable","18":"product-type-simple"},"acf":[],"_links":{"self":[{"href":"https:\/\/stonehouse.se\/en\/wp-json\/wp\/v2\/product\/26327","targetHints":{"allow":["GET"]}}],"collection":[{"href":"https:\/\/stonehouse.se\/en\/wp-json\/wp\/v2\/product"}],"about":[{"href":"https:\/\/stonehouse.se\/en\/wp-json\/wp\/v2\/types\/product"}],"wp:featuredmedia":[{"embeddable":true,"href":"https:\/\/stonehouse.se\/en\/wp-json\/wp\/v2\/media\/83715"}],"wp:attachment":[{"href":"https:\/\/stonehouse.se\/en\/wp-json\/wp\/v2\/media?parent=26327"}],"wp:term":[{"taxonomy":"product_brand","embeddable":true,"href":"https:\/\/stonehouse.se\/en\/wp-json\/wp\/v2\/product_brand?post=26327"},{"taxonomy":"product_cat","embeddable":true,"href":"https:\/\/stonehouse.se\/en\/wp-json\/wp\/v2\/product_cat?post=26327"},{"taxonomy":"product_tag","embeddable":true,"href":"https:\/\/stonehouse.se\/en\/wp-json\/wp\/v2\/product_tag?post=26327"}],"curies":[{"name":"wp","href":"https:\/\/api.w.org\/{rel}","templated":true}]}}