
{"id":27749,"date":"2022-07-04T10:55:42","date_gmt":"2022-07-04T08:55:42","guid":{"rendered":"https:\/\/stonehouse.se\/produkt\/magnet-infalld-12mm\/"},"modified":"2026-01-12T13:25:05","modified_gmt":"2026-01-12T12:25:05","slug":"magnet-infalld-12mm","status":"publish","type":"product","link":"https:\/\/stonehouse.se\/en\/product\/magnet-infalld-12mm\/","title":{"rendered":"Safetron Magnet inf\u00e4lld 12mm"},"content":{"rendered":"<p>Positionsmagnet som passar i ett 12 mm borrh\u00e5l. Anv\u00e4nds n\u00e4r d\u00f6rrindikering \u00f6nskas och man inte vill montera ett slutbleck.<\/p>","protected":false},"excerpt":{"rendered":"<p>Positionsmagnet som passar i ett 12 mm borrh\u00e5l. Anv\u00e4nds n\u00e4r d\u00f6rrindikering \u00f6nskas och man inte vill montera ett slutbleck.<\/p>","protected":false},"featured_media":83146,"template":"","meta":{"_acf_changed":false},"product_brand":[],"product_cat":[447],"product_tag":[1636,1934,3727,1805,1809,1808],"class_list":{"0":"post-27749","1":"product","2":"type-product","3":"status-publish","4":"has-post-thumbnail","6":"product_cat-las-tillbehor-safetron","7":"product_tag-ellas-tillbehor-magnetkontakt","8":"product_tag-rgc","9":"product_tag-safetron-20","10":"product_tag-safetron-tillbehor-600-serien","11":"product_tag-safetron-tillbehor-motorlas-5000-serien","12":"product_tag-safetron-tillbehor-motorlas-6000-serien","13":"product_shipping_class-tunga-paket","14":"pa_brands-7safetron","15":"tm-no-options","17":"first","18":"instock","19":"sale","20":"featured","21":"taxable","22":"shipping-taxable","23":"product-type-simple"},"acf":[],"_links":{"self":[{"href":"https:\/\/stonehouse.se\/en\/wp-json\/wp\/v2\/product\/27749","targetHints":{"allow":["GET"]}}],"collection":[{"href":"https:\/\/stonehouse.se\/en\/wp-json\/wp\/v2\/product"}],"about":[{"href":"https:\/\/stonehouse.se\/en\/wp-json\/wp\/v2\/types\/product"}],"wp:featuredmedia":[{"embeddable":true,"href":"https:\/\/stonehouse.se\/en\/wp-json\/wp\/v2\/media\/83146"}],"wp:attachment":[{"href":"https:\/\/stonehouse.se\/en\/wp-json\/wp\/v2\/media?parent=27749"}],"wp:term":[{"taxonomy":"product_brand","embeddable":true,"href":"https:\/\/stonehouse.se\/en\/wp-json\/wp\/v2\/product_brand?post=27749"},{"taxonomy":"product_cat","embeddable":true,"href":"https:\/\/stonehouse.se\/en\/wp-json\/wp\/v2\/product_cat?post=27749"},{"taxonomy":"product_tag","embeddable":true,"href":"https:\/\/stonehouse.se\/en\/wp-json\/wp\/v2\/product_tag?post=27749"}],"curies":[{"name":"wp","href":"https:\/\/api.w.org\/{rel}","templated":true}]}}