
{"id":27782,"date":"2022-07-04T10:58:58","date_gmt":"2022-07-04T08:58:58","guid":{"rendered":"https:\/\/stonehouse.se\/produkt\/slutbleck-102-smalprofil\/"},"modified":"2026-01-12T13:24:35","modified_gmt":"2026-01-12T12:24:35","slug":"slutbleck-102-smalprofil","status":"publish","type":"product","link":"https:\/\/stonehouse.se\/en\/product\/slutbleck-102-smalprofil\/","title":{"rendered":"Safetron Slutbleck 102 smalprofil"},"content":{"rendered":"<p>Slutbleck 102 hakregel, smalprofil, inklusive magnet.Tillverkad i rostfritt st\u00e5l som \u00e4r elektropolerat. Passar till smalprofilmotorl\u00e5s: 5328, 5335, ML 128, ML 135.<br \/>\n<br \/>\nM\u00e5tt (hxb): 200&#215;40 mm<\/p>","protected":false},"excerpt":{"rendered":"<p>Slutbleck 102 hakregel, smalprofil, inklusive magnet.Tillverkad i rostfritt st\u00e5l som \u00e4r elektropolerat. Passar till smalprofilmotorl\u00e5s: 5328, 5335, ML 128, ML<\/p>","protected":false},"featured_media":83320,"template":"","meta":{"_acf_changed":false},"product_brand":[],"product_cat":[447],"product_tag":[1637,3727,1809],"class_list":{"0":"post-27782","1":"product","2":"type-product","3":"status-publish","4":"has-post-thumbnail","6":"product_cat-las-tillbehor-safetron","7":"product_tag-ellas-tillbehor-slutbleck","8":"product_tag-safetron-20","9":"product_tag-safetron-tillbehor-motorlas-5000-serien","10":"product_shipping_class-tunga-paket","11":"pa_brands-7safetron","12":"tm-no-options","14":"first","15":"instock","16":"sale","17":"featured","18":"taxable","19":"shipping-taxable","20":"product-type-simple"},"acf":[],"_links":{"self":[{"href":"https:\/\/stonehouse.se\/en\/wp-json\/wp\/v2\/product\/27782","targetHints":{"allow":["GET"]}}],"collection":[{"href":"https:\/\/stonehouse.se\/en\/wp-json\/wp\/v2\/product"}],"about":[{"href":"https:\/\/stonehouse.se\/en\/wp-json\/wp\/v2\/types\/product"}],"wp:featuredmedia":[{"embeddable":true,"href":"https:\/\/stonehouse.se\/en\/wp-json\/wp\/v2\/media\/83320"}],"wp:attachment":[{"href":"https:\/\/stonehouse.se\/en\/wp-json\/wp\/v2\/media?parent=27782"}],"wp:term":[{"taxonomy":"product_brand","embeddable":true,"href":"https:\/\/stonehouse.se\/en\/wp-json\/wp\/v2\/product_brand?post=27782"},{"taxonomy":"product_cat","embeddable":true,"href":"https:\/\/stonehouse.se\/en\/wp-json\/wp\/v2\/product_cat?post=27782"},{"taxonomy":"product_tag","embeddable":true,"href":"https:\/\/stonehouse.se\/en\/wp-json\/wp\/v2\/product_tag?post=27782"}],"curies":[{"name":"wp","href":"https:\/\/api.w.org\/{rel}","templated":true}]}}