
{"id":28309,"date":"2022-07-04T11:00:32","date_gmt":"2022-07-04T09:00:32","guid":{"rendered":"https:\/\/stonehouse.se\/produkt\/slutbleck-106-2-155mm\/"},"modified":"2026-01-12T13:24:55","modified_gmt":"2026-01-12T12:24:55","slug":"slutbleck-106-2-155mm","status":"publish","type":"product","link":"https:\/\/stonehouse.se\/en\/product\/slutbleck-106-2-155mm\/","title":{"rendered":"Safetron Slutbleck 106-2 15,5mm"},"content":{"rendered":"<p>Slutbleck till Safetrons motorl\u00e5s TwoCom 6000-serien. Tillverkad i rostfritt st\u00e5l som \u00e4r elektropolerat. Magnet medf\u00f6ljer<br \/>\n<br \/>\nM\u00e5tt (hxb): 200&#215;40 mm, pl\u00f6sm\u00e5tt: 15,5 mm<\/p>","protected":false},"excerpt":{"rendered":"<p>Slutbleck till Safetrons motorl\u00e5s TwoCom 6000-serien. Tillverkad i rostfritt st\u00e5l som \u00e4r elektropolerat. Magnet medf\u00f6ljer M\u00e5tt (hxb): 200&#215;40 mm, pl\u00f6sm\u00e5tt:<\/p>","protected":false},"featured_media":83142,"template":"","meta":{"_acf_changed":false},"product_brand":[],"product_cat":[447],"product_tag":[1637,3727,1809],"class_list":{"0":"post-28309","1":"product","2":"type-product","3":"status-publish","4":"has-post-thumbnail","6":"product_cat-las-tillbehor-safetron","7":"product_tag-ellas-tillbehor-slutbleck","8":"product_tag-safetron-20","9":"product_tag-safetron-tillbehor-motorlas-5000-serien","10":"product_shipping_class-tunga-paket","11":"pa_brands-7safetron","12":"tm-no-options","14":"first","15":"instock","16":"sale","17":"featured","18":"taxable","19":"shipping-taxable","20":"product-type-simple"},"acf":[],"_links":{"self":[{"href":"https:\/\/stonehouse.se\/en\/wp-json\/wp\/v2\/product\/28309","targetHints":{"allow":["GET"]}}],"collection":[{"href":"https:\/\/stonehouse.se\/en\/wp-json\/wp\/v2\/product"}],"about":[{"href":"https:\/\/stonehouse.se\/en\/wp-json\/wp\/v2\/types\/product"}],"wp:featuredmedia":[{"embeddable":true,"href":"https:\/\/stonehouse.se\/en\/wp-json\/wp\/v2\/media\/83142"}],"wp:attachment":[{"href":"https:\/\/stonehouse.se\/en\/wp-json\/wp\/v2\/media?parent=28309"}],"wp:term":[{"taxonomy":"product_brand","embeddable":true,"href":"https:\/\/stonehouse.se\/en\/wp-json\/wp\/v2\/product_brand?post=28309"},{"taxonomy":"product_cat","embeddable":true,"href":"https:\/\/stonehouse.se\/en\/wp-json\/wp\/v2\/product_cat?post=28309"},{"taxonomy":"product_tag","embeddable":true,"href":"https:\/\/stonehouse.se\/en\/wp-json\/wp\/v2\/product_tag?post=28309"}],"curies":[{"name":"wp","href":"https:\/\/api.w.org\/{rel}","templated":true}]}}