
{"id":28904,"date":"2022-07-04T11:43:22","date_gmt":"2022-07-04T09:43:22","guid":{"rendered":"https:\/\/stonehouse.se\/produkt\/monteringsstolpe-sb10\/"},"modified":"2025-12-31T20:26:46","modified_gmt":"2025-12-31T19:26:46","slug":"monteringsstolpe-sb10","status":"publish","type":"product","link":"https:\/\/stonehouse.se\/en\/product\/monteringsstolpe-sb10\/","title":{"rendered":"Safetron Monteringsstolpe SB10"},"content":{"rendered":"<p>Vinklad monteringsstolpe i rostfritt st\u00e5l f\u00f6r SAFETRON elslutbleck ES10. Anpassad f\u00f6r tr\u00e4- och metallkarmar, anv\u00e4nds tillsammans med enkelfall\u00e5s av typen connect\/evolution eller modul. <\/p>\n<p>\u2022 Motsvarande ASSA 510<br \/>\n<br \/>\n\u2022 Pl\u00f6sm\u00e5tt: 14,5 mm<br \/>\n<br \/>\n\u2022 M\u00e5tt: (hxbxd) 180&#215;35 mm<\/p>","protected":false},"excerpt":{"rendered":"<p>Vinklad monteringsstolpe i rostfritt st\u00e5l f\u00f6r SAFETRON elslutbleck ES10. Anpassad f\u00f6r tr\u00e4- och metallkarmar, anv\u00e4nds tillsammans med enkelfall\u00e5s av typen<\/p>","protected":false},"featured_media":82922,"template":"","meta":{"_acf_changed":false},"product_brand":[],"product_cat":[447],"product_tag":[1798,3727],"class_list":{"0":"post-28904","1":"product","2":"type-product","3":"status-publish","4":"has-post-thumbnail","6":"product_cat-las-tillbehor-safetron","7":"product_tag-safetron-montagestolpar-es17-es19-sa-modell","8":"product_tag-safetron-20","9":"product_shipping_class-tunga-paket","10":"pa_brands-7safetron","11":"tm-no-options","13":"first","14":"instock","15":"sale","16":"featured","17":"taxable","18":"shipping-taxable","19":"product-type-simple"},"acf":[],"_links":{"self":[{"href":"https:\/\/stonehouse.se\/en\/wp-json\/wp\/v2\/product\/28904","targetHints":{"allow":["GET"]}}],"collection":[{"href":"https:\/\/stonehouse.se\/en\/wp-json\/wp\/v2\/product"}],"about":[{"href":"https:\/\/stonehouse.se\/en\/wp-json\/wp\/v2\/types\/product"}],"wp:featuredmedia":[{"embeddable":true,"href":"https:\/\/stonehouse.se\/en\/wp-json\/wp\/v2\/media\/82922"}],"wp:attachment":[{"href":"https:\/\/stonehouse.se\/en\/wp-json\/wp\/v2\/media?parent=28904"}],"wp:term":[{"taxonomy":"product_brand","embeddable":true,"href":"https:\/\/stonehouse.se\/en\/wp-json\/wp\/v2\/product_brand?post=28904"},{"taxonomy":"product_cat","embeddable":true,"href":"https:\/\/stonehouse.se\/en\/wp-json\/wp\/v2\/product_cat?post=28904"},{"taxonomy":"product_tag","embeddable":true,"href":"https:\/\/stonehouse.se\/en\/wp-json\/wp\/v2\/product_tag?post=28904"}],"curies":[{"name":"wp","href":"https:\/\/api.w.org\/{rel}","templated":true}]}}