
{"id":29467,"date":"2022-07-04T10:02:21","date_gmt":"2022-07-04T08:02:21","guid":{"rendered":"https:\/\/stonehouse.se\/produkt\/nodutrymningsbeslag-793-krom\/"},"modified":"2025-12-31T20:19:54","modified_gmt":"2025-12-31T19:19:54","slug":"nodutrymningsbeslag-793-krom","status":"publish","type":"product","link":"https:\/\/stonehouse.se\/en\/product\/nodutrymningsbeslag-793-krom\/","title":{"rendered":"Safetron N\u00f6dutrymningsbeslag 793 krom"},"content":{"rendered":"<p>SAFETRON 793 i krom f\u00f6r h\u00f6gerh\u00e4ngda eller v\u00e4nsterh\u00e4ngda d\u00f6rrar. SAFETRON 793 \u00e4r anpassat f\u00f6r slagd\u00f6rrar i modulprofilutf\u00f6rande med krav p\u00e5 n\u00f6dutrymning. SAFETRON 793 \u00e4r godk\u00e4nt som n\u00f6dutrymningsbeh\u00f6r ihop med SAFETRON SL620 och SL630 och monteras p\u00e5 insidan. N\u00f6dutrymningsbeh\u00f6ret \u00f6ppnar l\u00e5set med ett handgrepp och ger en s\u00e4ker utrymning.<\/p>\n<p>SAFETRON 793 monteras p\u00e5 tryckespositionen och anv\u00e4nds tillsammans med SL620 eller SL630 n\u00e4r l\u00e5set \u00e4r st\u00e4llt i split funktion.<\/p>\n<p>\u2022 Certifierad enligt SS-EN 179:2008<\/p>\n<p>\u2022 Krom<\/p>\n<p>\u2022 V\u00e4ndbar h\u00f6ger \/ v\u00e4nster<\/p>\n<p>\u2022 Monteras p\u00e5 tryckespositionen<\/p>\n<p>\u2022 F\u00f6r d\u00f6rrtjocklek 42-90 mm, dorndjup 50 mm<\/p>\n<p>\u2022 Kan anv\u00e4ndas med rund- och ovalcylindrar<\/p>","protected":false},"excerpt":{"rendered":"<p>SAFETRON 793 i krom f\u00f6r h\u00f6gerh\u00e4ngda eller v\u00e4nsterh\u00e4ngda d\u00f6rrar. SAFETRON 793 \u00e4r anpassat f\u00f6r slagd\u00f6rrar i modulprofilutf\u00f6rande med krav p\u00e5<\/p>","protected":false},"featured_media":83093,"template":"","meta":{"_acf_changed":false},"product_brand":[],"product_cat":[447],"product_tag":[3426,3727,1820],"class_list":{"0":"post-29467","1":"product","2":"type-product","3":"status-publish","4":"has-post-thumbnail","6":"product_cat-las-tillbehor-safetron","7":"product_tag-omstallbar-rattvand-omvand","8":"product_tag-safetron-20","9":"product_tag-safetron-nodutrymningsbeslag-for-eltryckeslas","10":"product_shipping_class-tunga-paket","11":"pa_brands-7safetron","12":"tm-no-options","14":"first","15":"instock","16":"sale","17":"featured","18":"taxable","19":"shipping-taxable","20":"product-type-simple"},"acf":[],"_links":{"self":[{"href":"https:\/\/stonehouse.se\/en\/wp-json\/wp\/v2\/product\/29467","targetHints":{"allow":["GET"]}}],"collection":[{"href":"https:\/\/stonehouse.se\/en\/wp-json\/wp\/v2\/product"}],"about":[{"href":"https:\/\/stonehouse.se\/en\/wp-json\/wp\/v2\/types\/product"}],"wp:featuredmedia":[{"embeddable":true,"href":"https:\/\/stonehouse.se\/en\/wp-json\/wp\/v2\/media\/83093"}],"wp:attachment":[{"href":"https:\/\/stonehouse.se\/en\/wp-json\/wp\/v2\/media?parent=29467"}],"wp:term":[{"taxonomy":"product_brand","embeddable":true,"href":"https:\/\/stonehouse.se\/en\/wp-json\/wp\/v2\/product_brand?post=29467"},{"taxonomy":"product_cat","embeddable":true,"href":"https:\/\/stonehouse.se\/en\/wp-json\/wp\/v2\/product_cat?post=29467"},{"taxonomy":"product_tag","embeddable":true,"href":"https:\/\/stonehouse.se\/en\/wp-json\/wp\/v2\/product_tag?post=29467"}],"curies":[{"name":"wp","href":"https:\/\/api.w.org\/{rel}","templated":true}]}}