
{"id":29617,"date":"2022-07-04T11:02:43","date_gmt":"2022-07-04T09:02:43","guid":{"rendered":"https:\/\/stonehouse.se\/produkt\/slutbleck-107-2\/"},"modified":"2026-01-12T13:15:59","modified_gmt":"2026-01-12T12:15:59","slug":"slutbleck-107-2","status":"publish","type":"product","link":"https:\/\/stonehouse.se\/en\/product\/slutbleck-107-2\/","title":{"rendered":"Safetron Slutbleck 107-2"},"content":{"rendered":"<p>Slutbleck 107-2 \u00e4r anpassad f\u00f6r anv\u00e4ndning i tr\u00e4- eller st\u00e5lkarmar tillsammans med motorl\u00e5s 6500 och 6600 samt eltryckesl\u00e5s SL620 och SL630.<\/p>\n<p>Magnet ing\u00e5r. Tillverkad i rostfritt st\u00e5l.<\/p>\n<p>Pl\u00f6sm\u00e5tt: 15.5 mm<\/p>","protected":false},"excerpt":{"rendered":"<p>Slutbleck 107-2 \u00e4r anpassad f\u00f6r anv\u00e4ndning i tr\u00e4- eller st\u00e5lkarmar tillsammans med motorl\u00e5s 6500 och 6600 samt eltryckesl\u00e5s SL620 och<\/p>","protected":false},"featured_media":83317,"template":"","meta":{"_acf_changed":false},"product_brand":[],"product_cat":[447],"product_tag":[1637,3727,1805,1808],"class_list":{"0":"post-29617","1":"product","2":"type-product","3":"status-publish","4":"has-post-thumbnail","6":"product_cat-las-tillbehor-safetron","7":"product_tag-ellas-tillbehor-slutbleck","8":"product_tag-safetron-20","9":"product_tag-safetron-tillbehor-600-serien","10":"product_tag-safetron-tillbehor-motorlas-6000-serien","11":"product_shipping_class-tunga-paket","12":"pa_brands-7safetron","13":"tm-no-options","15":"first","16":"instock","17":"sale","18":"featured","19":"taxable","20":"shipping-taxable","21":"product-type-simple"},"acf":[],"_links":{"self":[{"href":"https:\/\/stonehouse.se\/en\/wp-json\/wp\/v2\/product\/29617","targetHints":{"allow":["GET"]}}],"collection":[{"href":"https:\/\/stonehouse.se\/en\/wp-json\/wp\/v2\/product"}],"about":[{"href":"https:\/\/stonehouse.se\/en\/wp-json\/wp\/v2\/types\/product"}],"wp:featuredmedia":[{"embeddable":true,"href":"https:\/\/stonehouse.se\/en\/wp-json\/wp\/v2\/media\/83317"}],"wp:attachment":[{"href":"https:\/\/stonehouse.se\/en\/wp-json\/wp\/v2\/media?parent=29617"}],"wp:term":[{"taxonomy":"product_brand","embeddable":true,"href":"https:\/\/stonehouse.se\/en\/wp-json\/wp\/v2\/product_brand?post=29617"},{"taxonomy":"product_cat","embeddable":true,"href":"https:\/\/stonehouse.se\/en\/wp-json\/wp\/v2\/product_cat?post=29617"},{"taxonomy":"product_tag","embeddable":true,"href":"https:\/\/stonehouse.se\/en\/wp-json\/wp\/v2\/product_tag?post=29617"}],"curies":[{"name":"wp","href":"https:\/\/api.w.org\/{rel}","templated":true}]}}