
{"id":29698,"date":"2022-07-04T10:03:36","date_gmt":"2022-07-04T08:03:36","guid":{"rendered":"https:\/\/stonehouse.se\/produkt\/nodutrymningsbeslag-796-vanster-krom\/"},"modified":"2025-12-31T20:22:10","modified_gmt":"2025-12-31T19:22:10","slug":"nodutrymningsbeslag-796-vanster-krom","status":"publish","type":"product","link":"https:\/\/stonehouse.se\/en\/product\/nodutrymningsbeslag-796-vanster-krom\/","title":{"rendered":"Safetron N\u00f6dutrymningsbeslag 796 v\u00e4nster krom"},"content":{"rendered":"<p>SAFETRON 796 f\u00f6r v\u00e4nsterh\u00e4ngda d\u00f6rrar. N\u00f6dbeslaget \u00e4r avsedd f\u00f6r slagd\u00f6rrar av modulutf\u00f6rande i utrymningsv\u00e4gar d\u00e4r inga s\u00e4rskilda krav p\u00e5 panikutrymning f\u00f6religger. SAFETRON 796 \u00e4r godk\u00e4nd som n\u00f6dbeslag ihop med SAFETRON 6200 och 6600. L\u00e5set \u00f6ppnas med ett handgrepp, vilket inneb\u00e4r en s\u00e4ker utrymning.<\/p>\n<p>OBS! V\u00e4nster\/h\u00f6ger avser h\u00e4ngning p\u00e5 d\u00f6rr.<\/p>\n<p>\u2022 F\u00f6r v\u00e4nsterh\u00e4ngda d\u00f6rrar<br \/>\n<br \/>\n\u2022 Krom<br \/>\n<br \/>\n\u2022 Godk\u00e4nd enhet tillsammans med SAFETRON 6100 &amp; 6600<br \/>\n<br \/>\n\u2022 796 \u00e4r certifierad och CE-m\u00e4rkt enligt SS-EN 179:2008<br \/>\n<br \/>\n\u2022 796 \u00e4r certifierad enligt SSF 3522 klass 2B tillsammans med 6100 &amp; 6600.<br \/>\n<br \/>\n\u2022 \u00c5terinrymning \u00e4r valbar i motorl\u00e5sets styrenhet<br \/>\n<br \/>\n\u2022 Mikrobrytare f\u00f6r larmfunktion<br \/>\n<br \/>\n\u2022 P\u00e5 utsidan monteras rund cylinder<br \/>\n<br \/>\n\u2022 F\u00f6r d\u00f6rrtjocklek 42-90 mm, dorndjup 50 mm<br \/>\n<br \/>\n\u2022 D\u00f6rren kan alltid \u00f6ppnas fr\u00e5n insidan via utrymningshandtaget<br \/>\n<br \/>\n\u2022 Utrymningshandtaget kan plomberas med sigilltr\u00e5d<\/p>","protected":false},"excerpt":{"rendered":"<p>SAFETRON 796 f\u00f6r v\u00e4nsterh\u00e4ngda d\u00f6rrar. N\u00f6dbeslaget \u00e4r avsedd f\u00f6r slagd\u00f6rrar av modulutf\u00f6rande i utrymningsv\u00e4gar d\u00e4r inga s\u00e4rskilda krav p\u00e5 panikutrymning<\/p>","protected":false},"featured_media":83023,"template":"","meta":{"_acf_changed":false},"product_brand":[],"product_cat":[447],"product_tag":[3727,1819,3363],"class_list":{"0":"post-29698","1":"product","2":"type-product","3":"status-publish","4":"has-post-thumbnail","6":"product_cat-las-tillbehor-safetron","7":"product_tag-safetron-20","8":"product_tag-safetron-nodutrymningsbeslag-for-motorlas","9":"product_tag-vanster","10":"product_shipping_class-tunga-paket","11":"pa_brands-7safetron","12":"tm-no-options","14":"first","15":"instock","16":"sale","17":"featured","18":"taxable","19":"shipping-taxable","20":"product-type-simple"},"acf":[],"_links":{"self":[{"href":"https:\/\/stonehouse.se\/en\/wp-json\/wp\/v2\/product\/29698","targetHints":{"allow":["GET"]}}],"collection":[{"href":"https:\/\/stonehouse.se\/en\/wp-json\/wp\/v2\/product"}],"about":[{"href":"https:\/\/stonehouse.se\/en\/wp-json\/wp\/v2\/types\/product"}],"wp:featuredmedia":[{"embeddable":true,"href":"https:\/\/stonehouse.se\/en\/wp-json\/wp\/v2\/media\/83023"}],"wp:attachment":[{"href":"https:\/\/stonehouse.se\/en\/wp-json\/wp\/v2\/media?parent=29698"}],"wp:term":[{"taxonomy":"product_brand","embeddable":true,"href":"https:\/\/stonehouse.se\/en\/wp-json\/wp\/v2\/product_brand?post=29698"},{"taxonomy":"product_cat","embeddable":true,"href":"https:\/\/stonehouse.se\/en\/wp-json\/wp\/v2\/product_cat?post=29698"},{"taxonomy":"product_tag","embeddable":true,"href":"https:\/\/stonehouse.se\/en\/wp-json\/wp\/v2\/product_tag?post=29698"}],"curies":[{"name":"wp","href":"https:\/\/api.w.org\/{rel}","templated":true}]}}