
{"id":30010,"date":"2022-07-04T10:03:25","date_gmt":"2022-07-04T08:03:25","guid":{"rendered":"https:\/\/stonehouse.se\/produkt\/nodutrymningsbeslag-794-hoger-krom\/"},"modified":"2025-12-31T20:20:11","modified_gmt":"2025-12-31T19:20:11","slug":"nodutrymningsbeslag-794-hoger-krom","status":"publish","type":"product","link":"https:\/\/stonehouse.se\/en\/product\/nodutrymningsbeslag-794-hoger-krom\/","title":{"rendered":"Safetron N\u00f6dutrymningsbeslag 794 h\u00f6ger krom"},"content":{"rendered":"<p>SAFETRON 794 i krom f\u00f6r h\u00f6gerh\u00e4ngda d\u00f6rrar. SAFETRON 794 \u00e4r anpassat f\u00f6r slagd\u00f6rrar i modulprofilutf\u00f6rande med krav p\u00e5 n\u00f6dutrymning. SAFETRON 794 \u00e4r godk\u00e4nt som n\u00f6dutrymningsbeh\u00f6r ihop med SAFETRON SL620 och SL630 och monteras p\u00e5 insidan. <\/p>\n<p>SAFETRON 794 monteras p\u00e5 cylinderpositionen och anv\u00e4nds tillsammans med SAFETRON SL620 eller SL630 n\u00e4r l\u00e5set \u00e4r st\u00e4llt i enkel funktion, d.v.s. n\u00e4r elektrisk aktivering kr\u00e4vs fr\u00e5n b\u00e4gge sidor om d\u00f6rren men d\u00e4r krav p\u00e5 n\u00f6dutrymning f\u00f6religger.<\/p>\n<p>\u00c5terinrymning kan s\u00e4kerst\u00e4llas tillsammans med SL630 samt SL621 genom tillbeh\u00f6ret SAFETRON REC (Re-entry card) i kombination med SAFETRON 794. Aktivering sker d\u00e5 fr\u00e5n den inbyggda mikrobrytaren i 794 som via SAFETRON REC bryter str\u00f6mmen till l\u00e5sets trycke som d\u00e5 blir mekaniskt aktiverat tack vare den omv\u00e4nda funktionen. \u00c5terst\u00e4llning sker via en potentialfri slutning till SAFETRON REC. <\/p>\n<p>\u2022 Certifierad enligt SS-EN 179:2008<br \/>\n<br \/>\n\u2022 Krom<br \/>\n<br \/>\n\u2022 Mikrobrytare som standard<br \/>\n<br \/>\n\u2022 H\u00f6ger avser d\u00f6rrh\u00e4ngning<br \/>\n<br \/>\n\u2022 Monteras p\u00e5 cylinderpositionen<br \/>\n<br \/>\n\u2022 \u00d6gla f\u00f6r plombtr\u00e5d<br \/>\n<br \/>\n\u2022 F\u00f6r d\u00f6rrtjocklek 42-90 mm, dorndjup 50 mm<br \/>\n<br \/>\n\u2022 Kan anv\u00e4ndas med rund- och ovalcylindrar<\/p>","protected":false},"excerpt":{"rendered":"<p>SAFETRON 794 i krom f\u00f6r h\u00f6gerh\u00e4ngda d\u00f6rrar. SAFETRON 794 \u00e4r anpassat f\u00f6r slagd\u00f6rrar i modulprofilutf\u00f6rande med krav p\u00e5 n\u00f6dutrymning. SAFETRON<\/p>","protected":false},"featured_media":83027,"template":"","meta":{"_acf_changed":false},"product_brand":[],"product_cat":[447],"product_tag":[3426,3727,1820],"class_list":{"0":"post-30010","1":"product","2":"type-product","3":"status-publish","4":"has-post-thumbnail","6":"product_cat-las-tillbehor-safetron","7":"product_tag-omstallbar-rattvand-omvand","8":"product_tag-safetron-20","9":"product_tag-safetron-nodutrymningsbeslag-for-eltryckeslas","10":"product_shipping_class-tunga-paket","11":"pa_brands-7safetron","12":"tm-no-options","14":"first","15":"instock","16":"sale","17":"featured","18":"taxable","19":"shipping-taxable","20":"product-type-simple"},"acf":[],"_links":{"self":[{"href":"https:\/\/stonehouse.se\/en\/wp-json\/wp\/v2\/product\/30010","targetHints":{"allow":["GET"]}}],"collection":[{"href":"https:\/\/stonehouse.se\/en\/wp-json\/wp\/v2\/product"}],"about":[{"href":"https:\/\/stonehouse.se\/en\/wp-json\/wp\/v2\/types\/product"}],"wp:featuredmedia":[{"embeddable":true,"href":"https:\/\/stonehouse.se\/en\/wp-json\/wp\/v2\/media\/83027"}],"wp:attachment":[{"href":"https:\/\/stonehouse.se\/en\/wp-json\/wp\/v2\/media?parent=30010"}],"wp:term":[{"taxonomy":"product_brand","embeddable":true,"href":"https:\/\/stonehouse.se\/en\/wp-json\/wp\/v2\/product_brand?post=30010"},{"taxonomy":"product_cat","embeddable":true,"href":"https:\/\/stonehouse.se\/en\/wp-json\/wp\/v2\/product_cat?post=30010"},{"taxonomy":"product_tag","embeddable":true,"href":"https:\/\/stonehouse.se\/en\/wp-json\/wp\/v2\/product_tag?post=30010"}],"curies":[{"name":"wp","href":"https:\/\/api.w.org\/{rel}","templated":true}]}}