
{"id":30179,"date":"2022-07-04T10:04:37","date_gmt":"2022-07-04T08:04:37","guid":{"rendered":"https:\/\/stonehouse.se\/produkt\/nodutrymningsbeslag-793-nickelsakert\/"},"modified":"2025-12-31T20:22:28","modified_gmt":"2025-12-31T19:22:28","slug":"nodutrymningsbeslag-793-nickelsakert","status":"publish","type":"product","link":"https:\/\/stonehouse.se\/en\/product\/nodutrymningsbeslag-793-nickelsakert\/","title":{"rendered":"N\u00f6dutrymningsbeslag 793 nickels\u00e4kert"},"content":{"rendered":"<p>SAFETRON\u00a0793 i blank nickels\u00e4ker ytbehandling f\u00f6r h\u00f6gerh\u00e4ngda eller v\u00e4nsterh\u00e4ngda d\u00f6rrar. SAFETRON 793 \u00e4r anpassat f\u00f6r slagd\u00f6rrar i modulprofilutf\u00f6rande med krav p\u00e5 n\u00f6dutrymning. SAFETRON 793 \u00e4r godk\u00e4nt som n\u00f6dutrymningsbeh\u00f6r ihop med SAFETRON SL620 och monteras p\u00e5 insidan. N\u00f6dutrymningsbeh\u00f6ret \u00f6ppnar l\u00e5set med ett handgrepp och ger en s\u00e4ker utrymning. <\/p>\n<p>SAFETRON 793 monteras p\u00e5 tryckespositionen och anv\u00e4nds tillsammans med SL620 n\u00e4r l\u00e5set \u00e4r st\u00e4llt i splitfunktion.<\/p>\n<p>Ytbehandlingen \u00e4r nickels\u00e4ker och uppfyller kraven f\u00f6r nickelallergi enligt EU-direktiv 94\/27\/EG.<\/p>\n<p>\u2022 Certifierad enligt SS-EN 179:2008<br \/>\n<br \/>\n\u2022 Nickels\u00e4ker ytbehandling<br \/>\n<br \/>\n\u2022 H\u00f6ger avser d\u00f6rrh\u00e4ngning<br \/>\n<br \/>\n\u2022 Monteras p\u00e5 tryckespositionen<br \/>\n<br \/>\n\u2022 F\u00f6r d\u00f6rrtjocklek 42-90 mm, dorndjup 50 mm<br \/>\n<br \/>\n\u2022 Kan anv\u00e4ndas med rund- och ovalcylindrar<\/p>","protected":false},"excerpt":{"rendered":"<p>SAFETRON\u00a0793 i blank nickels\u00e4ker ytbehandling f\u00f6r h\u00f6gerh\u00e4ngda eller v\u00e4nsterh\u00e4ngda d\u00f6rrar. SAFETRON 793 \u00e4r anpassat f\u00f6r slagd\u00f6rrar i modulprofilutf\u00f6rande med krav<\/p>","protected":false},"featured_media":83180,"template":"","meta":{"_acf_changed":false},"product_brand":[],"product_cat":[447],"product_tag":[3426,3727,1820],"class_list":{"0":"post-30179","1":"product","2":"type-product","3":"status-publish","4":"has-post-thumbnail","6":"product_cat-las-tillbehor-safetron","7":"product_tag-omstallbar-rattvand-omvand","8":"product_tag-safetron-20","9":"product_tag-safetron-nodutrymningsbeslag-for-eltryckeslas","10":"product_shipping_class-tunga-paket","11":"pa_brands-7safetron","12":"tm-no-options","14":"first","15":"instock","16":"sale","17":"featured","18":"taxable","19":"shipping-taxable","20":"product-type-simple"},"acf":[],"_links":{"self":[{"href":"https:\/\/stonehouse.se\/en\/wp-json\/wp\/v2\/product\/30179","targetHints":{"allow":["GET"]}}],"collection":[{"href":"https:\/\/stonehouse.se\/en\/wp-json\/wp\/v2\/product"}],"about":[{"href":"https:\/\/stonehouse.se\/en\/wp-json\/wp\/v2\/types\/product"}],"wp:featuredmedia":[{"embeddable":true,"href":"https:\/\/stonehouse.se\/en\/wp-json\/wp\/v2\/media\/83180"}],"wp:attachment":[{"href":"https:\/\/stonehouse.se\/en\/wp-json\/wp\/v2\/media?parent=30179"}],"wp:term":[{"taxonomy":"product_brand","embeddable":true,"href":"https:\/\/stonehouse.se\/en\/wp-json\/wp\/v2\/product_brand?post=30179"},{"taxonomy":"product_cat","embeddable":true,"href":"https:\/\/stonehouse.se\/en\/wp-json\/wp\/v2\/product_cat?post=30179"},{"taxonomy":"product_tag","embeddable":true,"href":"https:\/\/stonehouse.se\/en\/wp-json\/wp\/v2\/product_tag?post=30179"}],"curies":[{"name":"wp","href":"https:\/\/api.w.org\/{rel}","templated":true}]}}