
{"id":30347,"date":"2022-07-04T10:43:24","date_gmt":"2022-07-04T08:43:24","guid":{"rendered":"https:\/\/stonehouse.se\/produkt\/monteringsstolpe-sa51v\/"},"modified":"2026-01-12T13:10:05","modified_gmt":"2026-01-12T12:10:05","slug":"monteringsstolpe-sa51v","status":"publish","type":"product","link":"https:\/\/stonehouse.se\/en\/product\/monteringsstolpe-sa51v\/","title":{"rendered":"Safetron Monteringsstolpe SA51V"},"content":{"rendered":"<p>Vinklad monteringsstolpe i rostfritt st\u00e5l f\u00f6r SAFETRON elslutbleck i standardserien: ES17 \/ ES19. Anpassad f\u00f6r tr\u00e4- och metallkarmar, anv\u00e4nds tillsammans med dubbel- eller enkelfall\u00e5s av typen connect\/evolution eller modul. <\/p>\n<p>\u2022 F\u00f6r v\u00e4nsterh\u00e4ngda d\u00f6rrar<br \/>\n<br \/>\n\u2022 Motsvarande s\u00e4kerhetsslutbleck modul 1887-1<br \/>\n<br \/>\n\u2022 Motsvarande ST 4006H\/V<br \/>\n<br \/>\n\u2022 Pl\u00f6sm\u00e5tt: 12 mm<br \/>\n<br \/>\n\u2022 M\u00e5tt: (hxb) 200x40x15 mm<\/p>","protected":false},"excerpt":{"rendered":"<p>Vinklad monteringsstolpe i rostfritt st\u00e5l f\u00f6r SAFETRON elslutbleck i standardserien: ES17 \/ ES19. Anpassad f\u00f6r tr\u00e4- och metallkarmar, anv\u00e4nds tillsammans<\/p>","protected":false},"featured_media":83329,"template":"","meta":{"_acf_changed":false},"product_brand":[],"product_cat":[447],"product_tag":[1798,3727],"class_list":{"0":"post-30347","1":"product","2":"type-product","3":"status-publish","4":"has-post-thumbnail","6":"product_cat-las-tillbehor-safetron","7":"product_tag-safetron-montagestolpar-es17-es19-sa-modell","8":"product_tag-safetron-20","9":"product_shipping_class-tunga-paket","10":"pa_brands-7safetron","11":"tm-no-options","13":"first","14":"instock","15":"sale","16":"featured","17":"taxable","18":"shipping-taxable","19":"product-type-simple"},"acf":[],"_links":{"self":[{"href":"https:\/\/stonehouse.se\/en\/wp-json\/wp\/v2\/product\/30347","targetHints":{"allow":["GET"]}}],"collection":[{"href":"https:\/\/stonehouse.se\/en\/wp-json\/wp\/v2\/product"}],"about":[{"href":"https:\/\/stonehouse.se\/en\/wp-json\/wp\/v2\/types\/product"}],"wp:featuredmedia":[{"embeddable":true,"href":"https:\/\/stonehouse.se\/en\/wp-json\/wp\/v2\/media\/83329"}],"wp:attachment":[{"href":"https:\/\/stonehouse.se\/en\/wp-json\/wp\/v2\/media?parent=30347"}],"wp:term":[{"taxonomy":"product_brand","embeddable":true,"href":"https:\/\/stonehouse.se\/en\/wp-json\/wp\/v2\/product_brand?post=30347"},{"taxonomy":"product_cat","embeddable":true,"href":"https:\/\/stonehouse.se\/en\/wp-json\/wp\/v2\/product_cat?post=30347"},{"taxonomy":"product_tag","embeddable":true,"href":"https:\/\/stonehouse.se\/en\/wp-json\/wp\/v2\/product_tag?post=30347"}],"curies":[{"name":"wp","href":"https:\/\/api.w.org\/{rel}","templated":true}]}}