
{"id":30515,"date":"2022-07-04T10:04:07","date_gmt":"2022-07-04T08:04:07","guid":{"rendered":"https:\/\/stonehouse.se\/produkt\/relakort-rec\/"},"modified":"2026-04-07T13:09:19","modified_gmt":"2026-04-07T11:09:19","slug":"relakort-rec","status":"publish","type":"product","link":"https:\/\/stonehouse.se\/en\/product\/relakort-rec\/","title":{"rendered":"Safetron Rel\u00e4kort REC"},"content":{"rendered":"<p>SAFETRON REC \u00e4r ett rel\u00e4kort vilket hanterar \u00e5terinrymning i kombination med SAFETRON SL621 eller SAFETRON SL630 n\u00e4r dessa anv\u00e4nds med n\u00f6dutrymningsbeslag 794. <\/p>\n<p>Tryckesfunktionen i SL621 och SL630 har omv\u00e4nd funktion och d\u00e4rigenom aktiveras \u00e5terinrymning genom nedbrytning av sp\u00e4nningen till d\u00f6rrmilj\u00f6n. Nedbrytningen kan ske genom aktiverat brandlarm eller genom aktiverat n\u00f6dbeslag 794 som ansluts till SAFETRON REC. <\/p>\n<p>Aktiveringen till trycket ansluts via rel\u00e4kortet REC, n\u00f6dutrymningsbeh\u00f6rets mikrobrytare ansluts till rel\u00e4kortet. Vid aktiverat n\u00f6dutrymningsbeslag v\u00e4xlar det latchande rel\u00e4et vilket bryter sp\u00e4nningen till trycket som d\u00e5 f\u00f6rs\u00e4tts i ett mekaniskt p\u00e5kopplat l\u00e4ge och d\u00e4rmed medger \u00e5terinrymning. <\/p>\n<p>\u00c5terst\u00e4llning sker genom potentialfri slutning till rel\u00e4kortet. SAFETRON REC har larmutg\u00e5ngar NO\/NC f\u00f6r att signalera aktiverad \u00e5terinrymning.<\/p>","protected":false},"excerpt":{"rendered":"<p>SAFETRON REC \u00e4r ett rel\u00e4kort vilket hanterar \u00e5terinrymning i kombination med SAFETRON SL621 eller SAFETRON SL630 n\u00e4r dessa anv\u00e4nds med<\/p>","protected":false},"featured_media":82991,"template":"","meta":{"_acf_changed":false},"product_brand":[],"product_cat":[447],"product_tag":[1635,3727,1805],"class_list":{"0":"post-30515","1":"product","2":"type-product","3":"status-publish","4":"has-post-thumbnail","6":"product_cat-las-tillbehor-safetron","7":"product_tag-ellas-tillbehor-styrenheter","8":"product_tag-safetron-20","9":"product_tag-safetron-tillbehor-600-serien","10":"product_shipping_class-postnord-varubrev","11":"pa_brands-7safetron","12":"tm-no-options","14":"first","15":"instock","16":"sale","17":"featured","18":"taxable","19":"shipping-taxable","20":"product-type-simple"},"acf":[],"_links":{"self":[{"href":"https:\/\/stonehouse.se\/en\/wp-json\/wp\/v2\/product\/30515","targetHints":{"allow":["GET"]}}],"collection":[{"href":"https:\/\/stonehouse.se\/en\/wp-json\/wp\/v2\/product"}],"about":[{"href":"https:\/\/stonehouse.se\/en\/wp-json\/wp\/v2\/types\/product"}],"wp:featuredmedia":[{"embeddable":true,"href":"https:\/\/stonehouse.se\/en\/wp-json\/wp\/v2\/media\/82991"}],"wp:attachment":[{"href":"https:\/\/stonehouse.se\/en\/wp-json\/wp\/v2\/media?parent=30515"}],"wp:term":[{"taxonomy":"product_brand","embeddable":true,"href":"https:\/\/stonehouse.se\/en\/wp-json\/wp\/v2\/product_brand?post=30515"},{"taxonomy":"product_cat","embeddable":true,"href":"https:\/\/stonehouse.se\/en\/wp-json\/wp\/v2\/product_cat?post=30515"},{"taxonomy":"product_tag","embeddable":true,"href":"https:\/\/stonehouse.se\/en\/wp-json\/wp\/v2\/product_tag?post=30515"}],"curies":[{"name":"wp","href":"https:\/\/api.w.org\/{rel}","templated":true}]}}