
{"id":30741,"date":"2022-07-04T10:13:02","date_gmt":"2022-07-04T08:13:02","guid":{"rendered":"https:\/\/stonehouse.se\/produkt\/slutbleck-107-7\/"},"modified":"2026-01-12T13:23:21","modified_gmt":"2026-01-12T12:23:21","slug":"slutbleck-107-7","status":"publish","type":"product","link":"https:\/\/stonehouse.se\/en\/product\/slutbleck-107-7\/","title":{"rendered":"Safetron Slutbleck 107-7"},"content":{"rendered":"<p>Slutbleck 107-7 \u00e4r anpassad f\u00f6r anv\u00e4ndning i tr\u00e4, aluminium eller st\u00e5lkarmar.<\/p>\n<p>Levereras komplett med justerbar magnet. Tillverkad i rostfritt st\u00e5l.<\/p>\n<p>Slutbleck 107-7 kan anv\u00e4ndas i urtag f\u00f6rberedda f\u00f6r elslutbleck med montagestolpe SA31-15 \/ ST4001-15 d\u00e4r man ist\u00e4llet vill anv\u00e4nda eltryckesl\u00e5s eller motorl\u00e5s. <\/p>\n<p>Slutbleck 107-7 kan anv\u00e4ndas med dessa produkter:<br \/>\n<br \/>\n\u2022 SAFETRON SL620<br \/>\n<br \/>\n\u2022 SAFETRON SL630<br \/>\n<br \/>\n\u2022 SAFETRON 6500<br \/>\n<br \/>\n\u2022 SAFETRON 6600<\/p>","protected":false},"excerpt":{"rendered":"<p>Slutbleck 107-7 \u00e4r anpassad f\u00f6r anv\u00e4ndning i tr\u00e4, aluminium eller st\u00e5lkarmar. Levereras komplett med justerbar magnet. Tillverkad i rostfritt st\u00e5l.<\/p>","protected":false},"featured_media":83349,"template":"","meta":{"_acf_changed":false},"product_brand":[],"product_cat":[447],"product_tag":[1637,3727,1805,1808],"class_list":{"0":"post-30741","1":"product","2":"type-product","3":"status-publish","4":"has-post-thumbnail","6":"product_cat-las-tillbehor-safetron","7":"product_tag-ellas-tillbehor-slutbleck","8":"product_tag-safetron-20","9":"product_tag-safetron-tillbehor-600-serien","10":"product_tag-safetron-tillbehor-motorlas-6000-serien","11":"product_shipping_class-tunga-paket","12":"pa_brands-7safetron","13":"tm-no-options","15":"first","16":"instock","17":"sale","18":"featured","19":"taxable","20":"shipping-taxable","21":"product-type-simple"},"acf":[],"_links":{"self":[{"href":"https:\/\/stonehouse.se\/en\/wp-json\/wp\/v2\/product\/30741","targetHints":{"allow":["GET"]}}],"collection":[{"href":"https:\/\/stonehouse.se\/en\/wp-json\/wp\/v2\/product"}],"about":[{"href":"https:\/\/stonehouse.se\/en\/wp-json\/wp\/v2\/types\/product"}],"wp:featuredmedia":[{"embeddable":true,"href":"https:\/\/stonehouse.se\/en\/wp-json\/wp\/v2\/media\/83349"}],"wp:attachment":[{"href":"https:\/\/stonehouse.se\/en\/wp-json\/wp\/v2\/media?parent=30741"}],"wp:term":[{"taxonomy":"product_brand","embeddable":true,"href":"https:\/\/stonehouse.se\/en\/wp-json\/wp\/v2\/product_brand?post=30741"},{"taxonomy":"product_cat","embeddable":true,"href":"https:\/\/stonehouse.se\/en\/wp-json\/wp\/v2\/product_cat?post=30741"},{"taxonomy":"product_tag","embeddable":true,"href":"https:\/\/stonehouse.se\/en\/wp-json\/wp\/v2\/product_tag?post=30741"}],"curies":[{"name":"wp","href":"https:\/\/api.w.org\/{rel}","templated":true}]}}