
{"id":30897,"date":"2022-07-04T10:08:35","date_gmt":"2022-07-04T08:08:35","guid":{"rendered":"https:\/\/stonehouse.se\/produkt\/slutbleck-107-5\/"},"modified":"2026-01-12T13:15:40","modified_gmt":"2026-01-12T12:15:40","slug":"slutbleck-107-5","status":"publish","type":"product","link":"https:\/\/stonehouse.se\/en\/product\/slutbleck-107-5\/","title":{"rendered":"Safetron Slutbleck 107-5"},"content":{"rendered":"<p>Slutbleck 107-5 i smalprofilutf\u00f6rande \u00e4r anpassad f\u00f6r anv\u00e4ndning i tr\u00e4, aluminium eller st\u00e5lkarmar.<\/p>\n<p>Slutbleck 107-5 \u00e4r certifierad enligt SSF 3522 l\u00e5sklass 5. Levereras komplett med justerbar magnet. Tillverkad i rostfritt st\u00e5l.<\/p>\n<p>Slutbleck 107-5 anv\u00e4nds tillsammans med SAFETRON 6500.<\/p>","protected":false},"excerpt":{"rendered":"<p>Slutbleck 107-5 i smalprofilutf\u00f6rande \u00e4r anpassad f\u00f6r anv\u00e4ndning i tr\u00e4, aluminium eller st\u00e5lkarmar. Slutbleck 107-5 \u00e4r certifierad enligt SSF 3522<\/p>","protected":false},"featured_media":83085,"template":"","meta":{"_acf_changed":false},"product_brand":[],"product_cat":[447],"product_tag":[1637,3727,1805],"class_list":{"0":"post-30897","1":"product","2":"type-product","3":"status-publish","4":"has-post-thumbnail","6":"product_cat-las-tillbehor-safetron","7":"product_tag-ellas-tillbehor-slutbleck","8":"product_tag-safetron-20","9":"product_tag-safetron-tillbehor-600-serien","10":"product_shipping_class-tunga-paket","11":"pa_brands-7safetron","12":"tm-no-options","14":"first","15":"instock","16":"sale","17":"featured","18":"taxable","19":"shipping-taxable","20":"product-type-simple"},"acf":[],"_links":{"self":[{"href":"https:\/\/stonehouse.se\/en\/wp-json\/wp\/v2\/product\/30897","targetHints":{"allow":["GET"]}}],"collection":[{"href":"https:\/\/stonehouse.se\/en\/wp-json\/wp\/v2\/product"}],"about":[{"href":"https:\/\/stonehouse.se\/en\/wp-json\/wp\/v2\/types\/product"}],"wp:featuredmedia":[{"embeddable":true,"href":"https:\/\/stonehouse.se\/en\/wp-json\/wp\/v2\/media\/83085"}],"wp:attachment":[{"href":"https:\/\/stonehouse.se\/en\/wp-json\/wp\/v2\/media?parent=30897"}],"wp:term":[{"taxonomy":"product_brand","embeddable":true,"href":"https:\/\/stonehouse.se\/en\/wp-json\/wp\/v2\/product_brand?post=30897"},{"taxonomy":"product_cat","embeddable":true,"href":"https:\/\/stonehouse.se\/en\/wp-json\/wp\/v2\/product_cat?post=30897"},{"taxonomy":"product_tag","embeddable":true,"href":"https:\/\/stonehouse.se\/en\/wp-json\/wp\/v2\/product_tag?post=30897"}],"curies":[{"name":"wp","href":"https:\/\/api.w.org\/{rel}","templated":true}]}}