
{"id":30946,"date":"2022-07-04T10:07:01","date_gmt":"2022-07-04T08:07:01","guid":{"rendered":"https:\/\/stonehouse.se\/produkt\/slutbleck-106-6\/"},"modified":"2025-12-31T20:20:26","modified_gmt":"2025-12-31T19:20:26","slug":"slutbleck-106-6","status":"publish","type":"product","link":"https:\/\/stonehouse.se\/en\/product\/slutbleck-106-6\/","title":{"rendered":"Safetron Slutbleck 106-6"},"content":{"rendered":"<p>Slutbleck 106-6 \u00e4r anpassad f\u00f6r anv\u00e4ndning i SAPA profilsystem 2086 tillsammans med motorl\u00e5s i 5000 eller 6000 serierna samt SAFETRON eltryckesl\u00e5s.<\/p>\n<p>Slutbleck 106-6 har justerbar brygga vilket inneb\u00e4r att b\u00e5de ASSA connect samt classic kolvplaceringar passar med detta slutbleck. Levereras komplett med justerbar magnet. Tillverkad i rostfritt st\u00e5l.<\/p>\n<p>Bredd: 58mm<br \/>\n<br \/>\nL\u00e4ngd: 200mm<br \/>\n<br \/>\nDjup: 27mm<br \/>\n<br \/>\nPl\u00f6sm\u00e5tt: 27.5 mm<\/p>","protected":false},"excerpt":{"rendered":"<p>Slutbleck 106-6 \u00e4r anpassad f\u00f6r anv\u00e4ndning i SAPA profilsystem 2086 tillsammans med motorl\u00e5s i 5000 eller 6000 serierna samt SAFETRON<\/p>","protected":false},"featured_media":83176,"template":"","meta":{"_acf_changed":false},"product_brand":[],"product_cat":[447],"product_tag":[1637,3727,1809],"class_list":{"0":"post-30946","1":"product","2":"type-product","3":"status-publish","4":"has-post-thumbnail","6":"product_cat-las-tillbehor-safetron","7":"product_tag-ellas-tillbehor-slutbleck","8":"product_tag-safetron-20","9":"product_tag-safetron-tillbehor-motorlas-5000-serien","10":"product_shipping_class-tunga-paket","11":"pa_brands-7safetron","12":"tm-no-options","14":"first","15":"instock","16":"sale","17":"featured","18":"taxable","19":"shipping-taxable","20":"product-type-simple"},"acf":[],"_links":{"self":[{"href":"https:\/\/stonehouse.se\/en\/wp-json\/wp\/v2\/product\/30946","targetHints":{"allow":["GET"]}}],"collection":[{"href":"https:\/\/stonehouse.se\/en\/wp-json\/wp\/v2\/product"}],"about":[{"href":"https:\/\/stonehouse.se\/en\/wp-json\/wp\/v2\/types\/product"}],"wp:featuredmedia":[{"embeddable":true,"href":"https:\/\/stonehouse.se\/en\/wp-json\/wp\/v2\/media\/83176"}],"wp:attachment":[{"href":"https:\/\/stonehouse.se\/en\/wp-json\/wp\/v2\/media?parent=30946"}],"wp:term":[{"taxonomy":"product_brand","embeddable":true,"href":"https:\/\/stonehouse.se\/en\/wp-json\/wp\/v2\/product_brand?post=30946"},{"taxonomy":"product_cat","embeddable":true,"href":"https:\/\/stonehouse.se\/en\/wp-json\/wp\/v2\/product_cat?post=30946"},{"taxonomy":"product_tag","embeddable":true,"href":"https:\/\/stonehouse.se\/en\/wp-json\/wp\/v2\/product_tag?post=30946"}],"curies":[{"name":"wp","href":"https:\/\/api.w.org\/{rel}","templated":true}]}}