
{"id":31259,"date":"2022-06-29T13:06:27","date_gmt":"2022-06-29T11:06:27","guid":{"rendered":"https:\/\/stonehouse.se\/produkt\/byglingspl-2x-1-5-par-sl\/"},"modified":"2026-04-08T16:46:57","modified_gmt":"2026-04-08T14:46:57","slug":"byglingspl-2x-1-5-par-sl","status":"publish","type":"product","link":"https:\/\/stonehouse.se\/en\/product\/byglingspl-2x-1-5-par-sl\/","title":{"rendered":"Byglingspl. 2X 1-5 Par Sl"},"content":{"rendered":"<p>Byglingsplint med separat anslutningsplint f\u00f6r inkommande matarkabel parallellkopplad med separat anslutningsplint f\u00f6r utg\u00e5ende spridningskablar. Ett par in till 10 par ut eller 1 par in till 5 par ut 2 sektioner. Separat anslutningsplint f\u00f6r sk\u00e4rm.<\/p>","protected":false},"excerpt":{"rendered":"<p>Byglingsplint med separat anslutningsplint f\u00f6r inkommande matarkabel parallellkopplad med separat anslutningsplint f\u00f6r utg\u00e5ende spridningskablar. Ett par in till 10 par<\/p>","protected":false},"featured_media":83245,"template":"","meta":{"_acf_changed":false},"product_brand":[],"product_cat":[470],"product_tag":[1544],"class_list":{"0":"post-31259","1":"product","2":"type-product","3":"status-publish","4":"has-post-thumbnail","6":"product_cat-plint-larm-telebox","7":"product_tag-box-bygling-buss","8":"product_shipping_class-postnord-varubrev","9":"pa_brands-alarmtech","10":"tm-no-options","12":"first","13":"outofstock","14":"sale","15":"taxable","16":"shipping-taxable","17":"product-type-simple"},"acf":[],"_links":{"self":[{"href":"https:\/\/stonehouse.se\/en\/wp-json\/wp\/v2\/product\/31259","targetHints":{"allow":["GET"]}}],"collection":[{"href":"https:\/\/stonehouse.se\/en\/wp-json\/wp\/v2\/product"}],"about":[{"href":"https:\/\/stonehouse.se\/en\/wp-json\/wp\/v2\/types\/product"}],"wp:featuredmedia":[{"embeddable":true,"href":"https:\/\/stonehouse.se\/en\/wp-json\/wp\/v2\/media\/83245"}],"wp:attachment":[{"href":"https:\/\/stonehouse.se\/en\/wp-json\/wp\/v2\/media?parent=31259"}],"wp:term":[{"taxonomy":"product_brand","embeddable":true,"href":"https:\/\/stonehouse.se\/en\/wp-json\/wp\/v2\/product_brand?post=31259"},{"taxonomy":"product_cat","embeddable":true,"href":"https:\/\/stonehouse.se\/en\/wp-json\/wp\/v2\/product_cat?post=31259"},{"taxonomy":"product_tag","embeddable":true,"href":"https:\/\/stonehouse.se\/en\/wp-json\/wp\/v2\/product_tag?post=31259"}],"curies":[{"name":"wp","href":"https:\/\/api.w.org\/{rel}","templated":true}]}}