
{"id":31273,"date":"2022-06-29T12:55:20","date_gmt":"2022-06-29T10:55:20","guid":{"rendered":"https:\/\/stonehouse.se\/produkt\/sakringsplint-1-in-4-ut\/"},"modified":"2026-04-08T16:51:02","modified_gmt":"2026-04-08T14:51:02","slug":"sakringsplint-1-in-4-ut","status":"publish","type":"product","link":"https:\/\/stonehouse.se\/en\/product\/sakringsplint-1-in-4-ut\/","title":{"rendered":"S\u00e4kringsplint 1 In &#8211; 4 Ut"},"content":{"rendered":"<p>Str\u00f6mmatning med separat anslutningsplint f\u00f6r: Inkommande matarkablar. Utg\u00e5ende matarkabel. Internanslutna avs\u00e4krade (+) spridningskablar. Separat anslutningsplint f\u00f6r sk\u00e4rm.<\/p>","protected":false},"excerpt":{"rendered":"<p>Str\u00f6mmatning med separat anslutningsplint f\u00f6r: Inkommande matarkablar. Utg\u00e5ende matarkabel. Internanslutna avs\u00e4krade (+) spridningskablar. Separat anslutningsplint f\u00f6r sk\u00e4rm.<\/p>","protected":false},"featured_media":83051,"template":"","meta":{"_acf_changed":false},"product_brand":[],"product_cat":[1830],"product_tag":[1565],"class_list":{"0":"post-31273","1":"product","2":"type-product","3":"status-publish","4":"has-post-thumbnail","6":"product_cat-relakort-elektronik","7":"product_tag-rela-sakringsmodul","8":"product_shipping_class-postnord-varubrev","9":"tm-no-options","11":"first","12":"instock","13":"sale","14":"taxable","15":"shipping-taxable","16":"product-type-simple"},"acf":[],"_links":{"self":[{"href":"https:\/\/stonehouse.se\/en\/wp-json\/wp\/v2\/product\/31273","targetHints":{"allow":["GET"]}}],"collection":[{"href":"https:\/\/stonehouse.se\/en\/wp-json\/wp\/v2\/product"}],"about":[{"href":"https:\/\/stonehouse.se\/en\/wp-json\/wp\/v2\/types\/product"}],"wp:featuredmedia":[{"embeddable":true,"href":"https:\/\/stonehouse.se\/en\/wp-json\/wp\/v2\/media\/83051"}],"wp:attachment":[{"href":"https:\/\/stonehouse.se\/en\/wp-json\/wp\/v2\/media?parent=31273"}],"wp:term":[{"taxonomy":"product_brand","embeddable":true,"href":"https:\/\/stonehouse.se\/en\/wp-json\/wp\/v2\/product_brand?post=31273"},{"taxonomy":"product_cat","embeddable":true,"href":"https:\/\/stonehouse.se\/en\/wp-json\/wp\/v2\/product_cat?post=31273"},{"taxonomy":"product_tag","embeddable":true,"href":"https:\/\/stonehouse.se\/en\/wp-json\/wp\/v2\/product_tag?post=31273"}],"curies":[{"name":"wp","href":"https:\/\/api.w.org\/{rel}","templated":true}]}}