
{"id":31277,"date":"2022-06-29T12:53:36","date_gmt":"2022-06-29T10:53:36","guid":{"rendered":"https:\/\/stonehouse.se\/produkt\/vaggdistans-q10x6mm-x40st\/"},"modified":"2026-04-08T16:34:34","modified_gmt":"2026-04-08T14:34:34","slug":"vaggdistans-q10x6mm-x40st","status":"publish","type":"product","link":"https:\/\/stonehouse.se\/en\/product\/vaggdistans-q10x6mm-x40st\/","title":{"rendered":"V\u00e4ggdistans Q10X6Mm X40St"},"content":{"rendered":"<p>F\u00f6renklar kabeldragningen in bakom boxen\/l\u00e5dan. Kan staplas p\u00e5 varandra och fungerar med 2581.13 som \u00e4r 13mm l\u00e5ng. Diameter \u00e4r 10,4mm, centrerat skruvh\u00e5l om 3,8mm diameter. Levereras 40st\/f\u00f6rpackning utan skruv och plugg.<\/p>","protected":false},"excerpt":{"rendered":"<p>F\u00f6renklar kabeldragningen in bakom boxen\/l\u00e5dan. Kan staplas p\u00e5 varandra och fungerar med 2581.13 som \u00e4r 13mm l\u00e5ng. Diameter \u00e4r 10,4mm,<\/p>","protected":false},"featured_media":83281,"template":"","meta":{"_acf_changed":false},"product_brand":[],"product_cat":[470],"product_tag":[1543],"class_list":{"0":"post-31277","1":"product","2":"type-product","3":"status-publish","4":"has-post-thumbnail","6":"product_cat-plint-larm-telebox","7":"product_tag-box-tillbehor","8":"product_shipping_class-postnord-varubrev","9":"pa_brands-alarmtech","10":"tm-no-options","12":"first","13":"instock","14":"sale","15":"taxable","16":"shipping-taxable","17":"product-type-simple"},"acf":[],"_links":{"self":[{"href":"https:\/\/stonehouse.se\/en\/wp-json\/wp\/v2\/product\/31277","targetHints":{"allow":["GET"]}}],"collection":[{"href":"https:\/\/stonehouse.se\/en\/wp-json\/wp\/v2\/product"}],"about":[{"href":"https:\/\/stonehouse.se\/en\/wp-json\/wp\/v2\/types\/product"}],"wp:featuredmedia":[{"embeddable":true,"href":"https:\/\/stonehouse.se\/en\/wp-json\/wp\/v2\/media\/83281"}],"wp:attachment":[{"href":"https:\/\/stonehouse.se\/en\/wp-json\/wp\/v2\/media?parent=31277"}],"wp:term":[{"taxonomy":"product_brand","embeddable":true,"href":"https:\/\/stonehouse.se\/en\/wp-json\/wp\/v2\/product_brand?post=31277"},{"taxonomy":"product_cat","embeddable":true,"href":"https:\/\/stonehouse.se\/en\/wp-json\/wp\/v2\/product_cat?post=31277"},{"taxonomy":"product_tag","embeddable":true,"href":"https:\/\/stonehouse.se\/en\/wp-json\/wp\/v2\/product_tag?post=31277"}],"curies":[{"name":"wp","href":"https:\/\/api.w.org\/{rel}","templated":true}]}}