
{"id":31279,"date":"2022-06-29T12:52:33","date_gmt":"2022-06-29T10:52:33","guid":{"rendered":"https:\/\/stonehouse.se\/produkt\/plintdistans-15mm-20st\/"},"modified":"2026-04-01T17:10:29","modified_gmt":"2026-04-01T15:10:29","slug":"plintdistans-15mm-20st","status":"publish","type":"product","link":"https:\/\/stonehouse.se\/en\/product\/plintdistans-15mm-20st\/","title":{"rendered":"Plintdistans 15Mm 20St"},"content":{"rendered":"<p>F\u00f6r montage av bl.a. kopplings-, rel\u00e4 eller modulplintar i pl\u00e5tboxar av olika storlek.<\/p>","protected":false},"excerpt":{"rendered":"<p>F\u00f6r montage av bl.a. kopplings-, rel\u00e4 eller modulplintar i pl\u00e5tboxar av olika storlek.<\/p>","protected":false},"featured_media":83279,"template":"","meta":{"_acf_changed":false},"product_brand":[],"product_cat":[470],"product_tag":[1543],"class_list":{"0":"post-31279","1":"product","2":"type-product","3":"status-publish","4":"has-post-thumbnail","6":"product_cat-plint-larm-telebox","7":"product_tag-box-tillbehor","8":"product_shipping_class-postnord-varubrev","9":"pa_brands-alarmtech","10":"tm-no-options","12":"first","13":"instock","14":"sale","15":"taxable","16":"shipping-taxable","17":"product-type-simple"},"acf":[],"_links":{"self":[{"href":"https:\/\/stonehouse.se\/en\/wp-json\/wp\/v2\/product\/31279","targetHints":{"allow":["GET"]}}],"collection":[{"href":"https:\/\/stonehouse.se\/en\/wp-json\/wp\/v2\/product"}],"about":[{"href":"https:\/\/stonehouse.se\/en\/wp-json\/wp\/v2\/types\/product"}],"wp:featuredmedia":[{"embeddable":true,"href":"https:\/\/stonehouse.se\/en\/wp-json\/wp\/v2\/media\/83279"}],"wp:attachment":[{"href":"https:\/\/stonehouse.se\/en\/wp-json\/wp\/v2\/media?parent=31279"}],"wp:term":[{"taxonomy":"product_brand","embeddable":true,"href":"https:\/\/stonehouse.se\/en\/wp-json\/wp\/v2\/product_brand?post=31279"},{"taxonomy":"product_cat","embeddable":true,"href":"https:\/\/stonehouse.se\/en\/wp-json\/wp\/v2\/product_cat?post=31279"},{"taxonomy":"product_tag","embeddable":true,"href":"https:\/\/stonehouse.se\/en\/wp-json\/wp\/v2\/product_tag?post=31279"}],"curies":[{"name":"wp","href":"https:\/\/api.w.org\/{rel}","templated":true}]}}