
{"id":31280,"date":"2022-06-29T12:51:40","date_gmt":"2022-06-29T10:51:40","guid":{"rendered":"https:\/\/stonehouse.se\/produkt\/kk-linjal-19\/"},"modified":"2026-04-08T16:35:56","modified_gmt":"2026-04-08T14:35:56","slug":"kk-linjal-19","status":"publish","type":"product","link":"https:\/\/stonehouse.se\/en\/product\/kk-linjal-19\/","title":{"rendered":"Kk-Linjal 19&#8243;"},"content":{"rendered":"<p>Levereras med plintdistanser f\u00f6rmonterade. Komplettera med kabelskydd 0901.21 (Enr.5015239) f\u00f6r genomf\u00f6ring av kablar genom linjalens h\u00e5l och\/eller v\u00e4ggsigneringsskylt 3121.01 (Enr. 5015560). Se \u00e4ven KK-l\u00e5da med lock, 3120.03 (E5015352).<\/p>","protected":false},"excerpt":{"rendered":"<p>Levereras med plintdistanser f\u00f6rmonterade. Komplettera med kabelskydd 0901.21 (Enr.5015239) f\u00f6r genomf\u00f6ring av kablar genom linjalens h\u00e5l och\/eller v\u00e4ggsigneringsskylt 3121.01 (Enr.<\/p>","protected":false},"featured_media":83463,"template":"","meta":{"_acf_changed":false},"product_brand":[],"product_cat":[470],"product_tag":[1545],"class_list":{"0":"post-31280","1":"product","2":"type-product","3":"status-publish","4":"has-post-thumbnail","6":"product_cat-plint-larm-telebox","7":"product_tag-box-19-med-tillbehor","8":"product_shipping_class-tunga-paket","9":"pa_brands-alarmtech","10":"tm-no-options","12":"first","13":"instock","14":"sale","15":"taxable","16":"shipping-taxable","17":"product-type-simple"},"acf":[],"_links":{"self":[{"href":"https:\/\/stonehouse.se\/en\/wp-json\/wp\/v2\/product\/31280","targetHints":{"allow":["GET"]}}],"collection":[{"href":"https:\/\/stonehouse.se\/en\/wp-json\/wp\/v2\/product"}],"about":[{"href":"https:\/\/stonehouse.se\/en\/wp-json\/wp\/v2\/types\/product"}],"wp:featuredmedia":[{"embeddable":true,"href":"https:\/\/stonehouse.se\/en\/wp-json\/wp\/v2\/media\/83463"}],"wp:attachment":[{"href":"https:\/\/stonehouse.se\/en\/wp-json\/wp\/v2\/media?parent=31280"}],"wp:term":[{"taxonomy":"product_brand","embeddable":true,"href":"https:\/\/stonehouse.se\/en\/wp-json\/wp\/v2\/product_brand?post=31280"},{"taxonomy":"product_cat","embeddable":true,"href":"https:\/\/stonehouse.se\/en\/wp-json\/wp\/v2\/product_cat?post=31280"},{"taxonomy":"product_tag","embeddable":true,"href":"https:\/\/stonehouse.se\/en\/wp-json\/wp\/v2\/product_tag?post=31280"}],"curies":[{"name":"wp","href":"https:\/\/api.w.org\/{rel}","templated":true}]}}