
{"id":31285,"date":"2022-06-29T12:50:09","date_gmt":"2022-06-29T10:50:09","guid":{"rendered":"https:\/\/stonehouse.se\/produkt\/reservfjader-12mm-fatum\/"},"modified":"2026-04-08T16:37:12","modified_gmt":"2026-04-08T14:37:12","slug":"reservfjader-12mm-fatum","status":"publish","type":"product","link":"https:\/\/stonehouse.se\/en\/product\/reservfjader-12mm-fatum\/","title":{"rendered":"Reservfj\u00e4der 12Mm Fatum"},"content":{"rendered":"<p>Extra fj\u00e4drar till Fatum-seriens mini- och modulplintar samt plintar f\u00f6r inf\u00e4llnad. 12mm l\u00e5nga f\u00f6rpackade 20st\/p\u00e5se<\/p>","protected":false},"excerpt":{"rendered":"<p>Extra fj\u00e4drar till Fatum-seriens mini- och modulplintar samt plintar f\u00f6r inf\u00e4llnad. 12mm l\u00e5nga f\u00f6rpackade 20st\/p\u00e5se<\/p>","protected":false},"featured_media":83199,"template":"","meta":{"_acf_changed":false},"product_brand":[],"product_cat":[470],"product_tag":[1543],"class_list":{"0":"post-31285","1":"product","2":"type-product","3":"status-publish","4":"has-post-thumbnail","6":"product_cat-plint-larm-telebox","7":"product_tag-box-tillbehor","8":"product_shipping_class-postnord-varubrev","9":"pa_brands-alarmtech","10":"tm-no-options","12":"first","13":"instock","14":"sale","15":"taxable","16":"shipping-taxable","17":"product-type-simple"},"acf":[],"_links":{"self":[{"href":"https:\/\/stonehouse.se\/en\/wp-json\/wp\/v2\/product\/31285","targetHints":{"allow":["GET"]}}],"collection":[{"href":"https:\/\/stonehouse.se\/en\/wp-json\/wp\/v2\/product"}],"about":[{"href":"https:\/\/stonehouse.se\/en\/wp-json\/wp\/v2\/types\/product"}],"wp:featuredmedia":[{"embeddable":true,"href":"https:\/\/stonehouse.se\/en\/wp-json\/wp\/v2\/media\/83199"}],"wp:attachment":[{"href":"https:\/\/stonehouse.se\/en\/wp-json\/wp\/v2\/media?parent=31285"}],"wp:term":[{"taxonomy":"product_brand","embeddable":true,"href":"https:\/\/stonehouse.se\/en\/wp-json\/wp\/v2\/product_brand?post=31285"},{"taxonomy":"product_cat","embeddable":true,"href":"https:\/\/stonehouse.se\/en\/wp-json\/wp\/v2\/product_cat?post=31285"},{"taxonomy":"product_tag","embeddable":true,"href":"https:\/\/stonehouse.se\/en\/wp-json\/wp\/v2\/product_tag?post=31285"}],"curies":[{"name":"wp","href":"https:\/\/api.w.org\/{rel}","templated":true}]}}