
{"id":31287,"date":"2022-06-29T12:49:00","date_gmt":"2022-06-29T10:49:00","guid":{"rendered":"https:\/\/stonehouse.se\/produkt\/karmoverforing-dl-6\/"},"modified":"2026-04-08T16:50:06","modified_gmt":"2026-04-08T14:50:06","slug":"karmoverforing-dl-6","status":"publish","type":"product","link":"https:\/\/stonehouse.se\/en\/product\/karmoverforing-dl-6\/","title":{"rendered":"Karm\u00f6verf\u00f6ring Dl 6 med spiral"},"content":{"rendered":"<p>Karm\u00f6verf\u00f6ring med spiralsladd som har modularkontakter i b\u00e5da \u00e4ndarna av \u00f6verf\u00f6ringen f\u00f6r att underl\u00e4tta montering. Medlevererade kopplingsdosor har riktiga skruvplintar f\u00f6r en s\u00e4ker och snygg installation.<\/p>","protected":false},"excerpt":{"rendered":"<p>Karm\u00f6verf\u00f6ring med spiralsladd som har modularkontakter i b\u00e5da \u00e4ndarna av \u00f6verf\u00f6ringen f\u00f6r att underl\u00e4tta montering. Medlevererade kopplingsdosor har riktiga skruvplintar<\/p>","protected":false},"featured_media":83330,"template":"","meta":{"_acf_changed":false},"product_brand":[],"product_cat":[469],"product_tag":[],"class_list":{"0":"post-31287","1":"product","2":"type-product","3":"status-publish","4":"has-post-thumbnail","6":"product_cat-kabeloverforing","7":"product_shipping_class-postnord-varubrev","8":"pa_farg-vit","9":"tm-no-options","11":"first","12":"instock","13":"sale","14":"taxable","15":"shipping-taxable","16":"product-type-simple"},"acf":[],"_links":{"self":[{"href":"https:\/\/stonehouse.se\/en\/wp-json\/wp\/v2\/product\/31287","targetHints":{"allow":["GET"]}}],"collection":[{"href":"https:\/\/stonehouse.se\/en\/wp-json\/wp\/v2\/product"}],"about":[{"href":"https:\/\/stonehouse.se\/en\/wp-json\/wp\/v2\/types\/product"}],"wp:featuredmedia":[{"embeddable":true,"href":"https:\/\/stonehouse.se\/en\/wp-json\/wp\/v2\/media\/83330"}],"wp:attachment":[{"href":"https:\/\/stonehouse.se\/en\/wp-json\/wp\/v2\/media?parent=31287"}],"wp:term":[{"taxonomy":"product_brand","embeddable":true,"href":"https:\/\/stonehouse.se\/en\/wp-json\/wp\/v2\/product_brand?post=31287"},{"taxonomy":"product_cat","embeddable":true,"href":"https:\/\/stonehouse.se\/en\/wp-json\/wp\/v2\/product_cat?post=31287"},{"taxonomy":"product_tag","embeddable":true,"href":"https:\/\/stonehouse.se\/en\/wp-json\/wp\/v2\/product_tag?post=31287"}],"curies":[{"name":"wp","href":"https:\/\/api.w.org\/{rel}","templated":true}]}}