
{"id":31289,"date":"2022-06-29T12:46:19","date_gmt":"2022-06-29T10:46:19","guid":{"rendered":"https:\/\/stonehouse.se\/produkt\/ir-detektor-pdm-i18\/"},"modified":"2026-04-08T16:41:10","modified_gmt":"2026-04-08T14:41:10","slug":"ir-detektor-pdm-i18","status":"publish","type":"product","link":"https:\/\/stonehouse.se\/en\/product\/ir-detektor-pdm-i18\/","title":{"rendered":"Vanderbilt ACRE PDM-I18 &#8211; 18 meter vidvinkel"},"content":{"rendered":"<h1>IR-Detektor PDM-I18 &#8211; 18 meter vidvinkel<\/h1>\n<p data-start=\"299\" data-end=\"1081\">IR-Detektor PDM-I18 \u00e4r en modern och elegant designad r\u00f6relsedetektor med 18 meter vidvinkel, vilket g\u00f6r den idealisk f\u00f6r en rad olika installationer.<\/p>\n<p data-start=\"299\" data-end=\"1081\">Med den vidareutvecklade Visatec-algoritmen och den patenterade MAGIC-spegeln, ger PDM-I18 p\u00e5litlig detektering av inkr\u00e4ktare och h\u00f6gsta s\u00e4kerhet mot obefogade larm.<br data-start=\"645\" data-end=\"648\" \/>Installationen har tagits i beaktning med ett nytt g\u00e5ngtestf\u00f6rfarande och ett nytt EOL-system, vilket g\u00f6r installationstiden otroligt kort och effektiv.<br data-start=\"800\" data-end=\"803\" \/>PDM-I18 \u00e4r utrustad med en matningssp\u00e4nning p\u00e5 9-16 VDC och en str\u00f6mf\u00f6rbrukning p\u00e5 max 4,7 mA (LED ON), vilket g\u00f6r den b\u00e5de energieffektiv och tillf\u00f6rlitlig.<\/p>\n<p data-start=\"299\" data-end=\"1081\">Den \u00e4r certifierad enligt SBSC-intyg 13-333, klass 1-2, vilket s\u00e4kerst\u00e4ller att den uppfyller de h\u00f6gsta s\u00e4kerhetskraven.<\/p>\n<p data-start=\"1083\" data-end=\"1113\"><strong data-start=\"1083\" data-end=\"1111\">Funktioner och f\u00f6rdelar:<\/strong><\/p>\n<ul data-start=\"1114\" data-end=\"1512\">\n<li data-start=\"1114\" data-end=\"1173\">\n<p data-start=\"1116\" data-end=\"1173\">18 meter vidvinkel f\u00f6r omfattande och exakt detektering<\/p>\n<\/li>\n<li data-start=\"1174\" data-end=\"1255\">\n<p data-start=\"1176\" data-end=\"1255\">Patenterad MAGIC spegel och Visatec-algoritm f\u00f6r h\u00f6g s\u00e4kerhet och noggrannhet<\/p>\n<\/li>\n<li data-start=\"1256\" data-end=\"1321\">\n<p data-start=\"1258\" data-end=\"1321\">Snabb installation med nytt g\u00e5ngtestf\u00f6rfarande och EOL-system<\/p>\n<\/li>\n<li data-start=\"1322\" data-end=\"1370\">\n<p data-start=\"1324\" data-end=\"1370\">L\u00e5g str\u00f6mf\u00f6rbrukning (max 4,7 mA vid LED ON)<\/p>\n<\/li>\n<li data-start=\"1371\" data-end=\"1439\">\n<p data-start=\"1373\" data-end=\"1439\">Certifierad enligt SBSC-intyg 13-333, klass 1-2 f\u00f6r h\u00f6g s\u00e4kerhet<\/p>\n<\/li>\n<li data-start=\"1440\" data-end=\"1512\">\n<p data-start=\"1442\" data-end=\"1512\">Kompakt och modern design f\u00f6r enkel integration i olika installationer<\/p>\n<\/li>\n<\/ul>\n<p data-start=\"1514\" data-end=\"1545\"><strong data-start=\"1514\" data-end=\"1543\">Tekniska specifikationer:<\/strong><\/p>\n<ul data-start=\"1546\" data-end=\"1729\">\n<li data-start=\"1546\" data-end=\"1578\">\n<p data-start=\"1548\" data-end=\"1578\">T\u00e4ckning: 18 meter vidvinkel<\/p>\n<\/li>\n<li data-start=\"1579\" data-end=\"1611\">\n<p data-start=\"1581\" data-end=\"1611\">Sp\u00e4nningsmatning: 9 &#8211; 16 VDC<\/p>\n<\/li>\n<li data-start=\"1612\" data-end=\"1653\">\n<p data-start=\"1614\" data-end=\"1653\">Str\u00f6mf\u00f6rbrukning: max 4,7 mA (LED ON)<\/p>\n<\/li>\n<li data-start=\"1654\" data-end=\"1687\">\n<p data-start=\"1656\" data-end=\"1687\">SBSC-intyg: 13-333, klass 1-2<\/p>\n<\/li>\n<li data-start=\"1688\" data-end=\"1729\">\n<p data-start=\"1690\" data-end=\"1729\">M\u00e5tt: Standardm\u00e5tt f\u00f6r PIR-detektorer<\/p>\n<\/li>\n<\/ul>","protected":false},"excerpt":{"rendered":"<p>MAGIC r\u00f6relsedetektor med 18 meter vidvinkel, Visatec-algoritm och l\u00e5g str\u00f6mf\u00f6rbrukning.<\/p>\n<p>H\u00f6g s\u00e4kerhet mot obefogade larm och snabb installation.<\/p>","protected":false},"featured_media":83295,"template":"","meta":{"_acf_changed":false},"product_brand":[],"product_cat":[2615,352,2618],"product_tag":[1459,1747,1848],"class_list":{"0":"post-31289","1":"product","2":"type-product","3":"status-publish","4":"has-post-thumbnail","6":"product_cat-rorelse-detektorer","7":"product_cat-outlet","8":"product_cat-kampanjer","9":"product_tag-rorelsedetektor-ir-detektorer","10":"product_tag-rel-larmgivare","11":"product_tag-sbsc-larmklass2","12":"product_shipping_class-postnord-varubrev","13":"pa_brands-6vanderbilt","14":"tm-no-options","16":"first","17":"instock","18":"sale","19":"featured","20":"taxable","21":"shipping-taxable","22":"product-type-simple"},"acf":[],"_links":{"self":[{"href":"https:\/\/stonehouse.se\/en\/wp-json\/wp\/v2\/product\/31289","targetHints":{"allow":["GET"]}}],"collection":[{"href":"https:\/\/stonehouse.se\/en\/wp-json\/wp\/v2\/product"}],"about":[{"href":"https:\/\/stonehouse.se\/en\/wp-json\/wp\/v2\/types\/product"}],"wp:featuredmedia":[{"embeddable":true,"href":"https:\/\/stonehouse.se\/en\/wp-json\/wp\/v2\/media\/83295"}],"wp:attachment":[{"href":"https:\/\/stonehouse.se\/en\/wp-json\/wp\/v2\/media?parent=31289"}],"wp:term":[{"taxonomy":"product_brand","embeddable":true,"href":"https:\/\/stonehouse.se\/en\/wp-json\/wp\/v2\/product_brand?post=31289"},{"taxonomy":"product_cat","embeddable":true,"href":"https:\/\/stonehouse.se\/en\/wp-json\/wp\/v2\/product_cat?post=31289"},{"taxonomy":"product_tag","embeddable":true,"href":"https:\/\/stonehouse.se\/en\/wp-json\/wp\/v2\/product_tag?post=31289"}],"curies":[{"name":"wp","href":"https:\/\/api.w.org\/{rel}","templated":true}]}}