
{"id":31291,"date":"2022-06-29T12:45:25","date_gmt":"2022-06-29T10:45:25","guid":{"rendered":"https:\/\/stonehouse.se\/produkt\/ir-detektor-pdm-i12t\/"},"modified":"2026-04-08T16:53:59","modified_gmt":"2026-04-08T14:53:59","slug":"ir-detektor-pdm-i12t","status":"publish","type":"product","link":"https:\/\/stonehouse.se\/en\/product\/ir-detektor-pdm-i12t\/","title":{"rendered":"Vanderbilt ACRE PDM-I12T Antimask &#8211; 12 meter vidvinkel"},"content":{"rendered":"<h1>IR-Detektor PDM-I12T Antimask &#8211; 12 meter vidvinkel<\/h1>\n<p data-start=\"330\" data-end=\"1423\">IR-Detektor PDM-I12T Antimask \u00e4r en modern och elegant designad r\u00f6relsedetektor som kombinerar den patenterade MAGIC-spegeln och en vidareutvecklad Visatec-algoritm f\u00f6r exakt och p\u00e5litlig detektion av inkr\u00e4ktare.<\/p>\n<p data-start=\"330\" data-end=\"1423\">Med ett t\u00e4ckningsomr\u00e5de p\u00e5 12 meter vidvinkel och realtids antimaskfunktion, ger PDM-I12T h\u00f6g s\u00e4kerhet och minimerar risken f\u00f6r falsklarm i b\u00e5de privata och kommersiella milj\u00f6er.<br data-start=\"751\" data-end=\"754\" \/>Den avancerade MAGIC-spegeln s\u00e4kerst\u00e4ller att detektorn effektivt f\u00e5ngar och f\u00f6ljer inkr\u00e4ktare, samtidigt som den patenterade Visatec-algoritmen g\u00f6r det m\u00f6jligt f\u00f6r PDM-I12T att filtrera bort o\u00f6nskade signaler och objekt som inte utg\u00f6r ett hot.<br data-start=\"998\" data-end=\"1001\" \/>PDM-I12T \u00e4r ocks\u00e5 utrustad med ett anv\u00e4ndarv\u00e4nligt installationskoncept, inklusive ett nytt g\u00e5ngtestf\u00f6rfarande och ett EOL-system som g\u00f6r installationen snabb och enkel.<\/p>\n<p data-start=\"330\" data-end=\"1423\">Med en l\u00e5g str\u00f6mf\u00f6rbrukning p\u00e5 max 6,6 mA (LED ON) och en sp\u00e4nningsmatning p\u00e5 9-16 VDC, \u00e4r detektorn b\u00e5de energieffektiv och p\u00e5litlig.<\/p>\n<p data-start=\"330\" data-end=\"1423\">Den \u00e4r certifierad enligt SBSC-intyg 13-332, klass 3-4, vilket garanterar att den uppfyller h\u00f6ga s\u00e4kerhetsstandarder.<\/p>\n<p data-start=\"1425\" data-end=\"1455\"><strong data-start=\"1425\" data-end=\"1453\">Funktioner och f\u00f6rdelar:<\/strong><\/p>\n<ul data-start=\"1456\" data-end=\"1905\">\n<li data-start=\"1456\" data-end=\"1513\">\n<p data-start=\"1458\" data-end=\"1513\">12 meter vidvinkel f\u00f6r effektiv och exakt detektering<\/p>\n<\/li>\n<li data-start=\"1514\" data-end=\"1587\">\n<p data-start=\"1516\" data-end=\"1587\">Realtids antimaskfunktion f\u00f6r att f\u00f6rhindra sabotage och \u00f6vert\u00e4ckning<\/p>\n<\/li>\n<li data-start=\"1588\" data-end=\"1661\">\n<p data-start=\"1590\" data-end=\"1661\">MAGIC spegeloptik och Visatec-algoritm f\u00f6r h\u00f6g s\u00e4kerhet och precision<\/p>\n<\/li>\n<li data-start=\"1662\" data-end=\"1710\">\n<p data-start=\"1664\" data-end=\"1710\">L\u00e5g str\u00f6mf\u00f6rbrukning (max 6,6 mA vid LED ON)<\/p>\n<\/li>\n<li data-start=\"1711\" data-end=\"1776\">\n<p data-start=\"1713\" data-end=\"1776\">Nytt g\u00e5ngtestf\u00f6rfarande och EOL-system f\u00f6r snabb installation<\/p>\n<\/li>\n<li data-start=\"1777\" data-end=\"1845\">\n<p data-start=\"1779\" data-end=\"1845\">Certifierad enligt SBSC-intyg 13-332, klass 3-4 f\u00f6r h\u00f6g s\u00e4kerhet<\/p>\n<\/li>\n<li data-start=\"1846\" data-end=\"1905\">\n<p data-start=\"1848\" data-end=\"1905\">Kompakt och elegant design som passar alla installationer<\/p>\n<\/li>\n<\/ul>\n<p data-start=\"1907\" data-end=\"1938\"><strong data-start=\"1907\" data-end=\"1936\">Tekniska specifikationer:<\/strong><\/p>\n<ul data-start=\"1939\" data-end=\"2210\">\n<li data-start=\"1939\" data-end=\"1971\">\n<p data-start=\"1941\" data-end=\"1971\">T\u00e4ckning: 12 meter vidvinkel<\/p>\n<\/li>\n<li data-start=\"1972\" data-end=\"2004\">\n<p data-start=\"1974\" data-end=\"2004\">Sp\u00e4nningsmatning: 9 &#8211; 16 VDC<\/p>\n<\/li>\n<li data-start=\"2005\" data-end=\"2046\">\n<p data-start=\"2007\" data-end=\"2046\">Str\u00f6mf\u00f6rbrukning: max 6,6 mA (LED ON)<\/p>\n<\/li>\n<li data-start=\"2047\" data-end=\"2063\">\n<p data-start=\"2049\" data-end=\"2063\">Antimask: Ja<\/p>\n<\/li>\n<li data-start=\"2064\" data-end=\"2109\">\n<p data-start=\"2066\" data-end=\"2109\">Godk\u00e4nnande: SBSC-intyg 13-332, klass 3-4<\/p>\n<\/li>\n<li data-start=\"2110\" data-end=\"2159\">\n<p data-start=\"2112\" data-end=\"2159\">M\u00e5tt: Standardm\u00e5tt f\u00f6r PIR\/Mikrov\u00e5gdetektorer<\/p>\n<\/li>\n<li data-start=\"2160\" data-end=\"2210\">\n<p data-start=\"2162\" data-end=\"2210\">Temperaturintervall: Standard f\u00f6r PIR-detektorer<\/p>\n<\/li>\n<\/ul>","protected":false},"excerpt":{"rendered":"<p>MAGIC r\u00f6relsedetektor med 12 meter vidvinkel och realtids antimaskfunktion.<\/p>\n<p>Visatec-algoritm och h\u00f6g s\u00e4kerhet f\u00f6r exakt detektering och p\u00e5litlig prestanda.<\/p>","protected":false},"featured_media":83260,"template":"","meta":{"_acf_changed":false},"product_brand":[],"product_cat":[2615,352,2618],"product_tag":[1459,1846],"class_list":{"0":"post-31291","1":"product","2":"type-product","3":"status-publish","4":"has-post-thumbnail","6":"product_cat-rorelse-detektorer","7":"product_cat-outlet","8":"product_cat-kampanjer","9":"product_tag-rorelsedetektor-ir-detektorer","10":"product_tag-sbsc-larmklass3","11":"product_shipping_class-postnord-varubrev","12":"pa_brands-6vanderbilt","13":"tm-no-options","15":"first","16":"instock","17":"sale","18":"featured","19":"taxable","20":"shipping-taxable","21":"product-type-simple"},"acf":[],"_links":{"self":[{"href":"https:\/\/stonehouse.se\/en\/wp-json\/wp\/v2\/product\/31291","targetHints":{"allow":["GET"]}}],"collection":[{"href":"https:\/\/stonehouse.se\/en\/wp-json\/wp\/v2\/product"}],"about":[{"href":"https:\/\/stonehouse.se\/en\/wp-json\/wp\/v2\/types\/product"}],"wp:featuredmedia":[{"embeddable":true,"href":"https:\/\/stonehouse.se\/en\/wp-json\/wp\/v2\/media\/83260"}],"wp:attachment":[{"href":"https:\/\/stonehouse.se\/en\/wp-json\/wp\/v2\/media?parent=31291"}],"wp:term":[{"taxonomy":"product_brand","embeddable":true,"href":"https:\/\/stonehouse.se\/en\/wp-json\/wp\/v2\/product_brand?post=31291"},{"taxonomy":"product_cat","embeddable":true,"href":"https:\/\/stonehouse.se\/en\/wp-json\/wp\/v2\/product_cat?post=31291"},{"taxonomy":"product_tag","embeddable":true,"href":"https:\/\/stonehouse.se\/en\/wp-json\/wp\/v2\/product_tag?post=31291"}],"curies":[{"name":"wp","href":"https:\/\/api.w.org\/{rel}","templated":true}]}}