
{"id":31295,"date":"2022-06-29T13:12:19","date_gmt":"2022-06-29T11:12:19","guid":{"rendered":"https:\/\/stonehouse.se\/produkt\/kopplingsdosa-utomhus-i-metall\/"},"modified":"2026-04-08T16:49:55","modified_gmt":"2026-04-08T14:49:55","slug":"kopplingsdosa-utomhus-i-metall","status":"publish","type":"product","link":"https:\/\/stonehouse.se\/en\/product\/kopplingsdosa-utomhus-i-metall\/","title":{"rendered":"Kopplingsdosa &#8211; Anslutningsplint Utomhus I Metall"},"content":{"rendered":"<p>Kopplingsdosa i metall med 24 skruvterminaler med hissfunktion samt intern v\u00e4rme f\u00f6r kalla milj\u00f6er. F\u00f6r larm-, passer och kamerasystem. Kabeling\u00e5ng i UV-resistent plast f\u00f6r kabeldiameter 4,5-10mm. Kabelavlastingsskydd samt sabotagekontakt. Vitlackerad metall.<\/p>","protected":false},"excerpt":{"rendered":"<p>Larmbox &#8211; Larmdosa &#8211; Kopplingsdosa<\/p>","protected":false},"featured_media":83401,"template":"","meta":{"_acf_changed":false},"product_brand":[],"product_cat":[468],"product_tag":[1557],"class_list":{"0":"post-31295","1":"product","2":"type-product","3":"status-publish","4":"has-post-thumbnail","6":"product_cat-larmdosor","7":"product_tag-sabplint-utomhus-ovr","8":"product_shipping_class-tunga-paket","9":"pa_brands-alarmtech","10":"pa_farg-vit","11":"tm-no-options","13":"first","14":"outofstock","15":"sale","16":"taxable","17":"shipping-taxable","18":"product-type-simple"},"acf":[],"_links":{"self":[{"href":"https:\/\/stonehouse.se\/en\/wp-json\/wp\/v2\/product\/31295","targetHints":{"allow":["GET"]}}],"collection":[{"href":"https:\/\/stonehouse.se\/en\/wp-json\/wp\/v2\/product"}],"about":[{"href":"https:\/\/stonehouse.se\/en\/wp-json\/wp\/v2\/types\/product"}],"wp:featuredmedia":[{"embeddable":true,"href":"https:\/\/stonehouse.se\/en\/wp-json\/wp\/v2\/media\/83401"}],"wp:attachment":[{"href":"https:\/\/stonehouse.se\/en\/wp-json\/wp\/v2\/media?parent=31295"}],"wp:term":[{"taxonomy":"product_brand","embeddable":true,"href":"https:\/\/stonehouse.se\/en\/wp-json\/wp\/v2\/product_brand?post=31295"},{"taxonomy":"product_cat","embeddable":true,"href":"https:\/\/stonehouse.se\/en\/wp-json\/wp\/v2\/product_cat?post=31295"},{"taxonomy":"product_tag","embeddable":true,"href":"https:\/\/stonehouse.se\/en\/wp-json\/wp\/v2\/product_tag?post=31295"}],"curies":[{"name":"wp","href":"https:\/\/api.w.org\/{rel}","templated":true}]}}