
{"id":31306,"date":"2022-06-29T13:09:57","date_gmt":"2022-06-29T11:09:57","guid":{"rendered":"https:\/\/stonehouse.se\/produkt\/larmset-k-dosa-16pol-sl-sk\/"},"modified":"2026-04-08T16:50:13","modified_gmt":"2026-04-08T14:50:13","slug":"larmset-k-dosa-16pol-sl-sk","status":"publish","type":"product","link":"https:\/\/stonehouse.se\/en\/product\/larmset-k-dosa-16pol-sl-sk\/","title":{"rendered":"Kopplingsdosa &#8211; Anslutningsplint K-Dosa 16Pol Sl\/Sk"},"content":{"rendered":"<p>Anslutningsplint f\u00f6r montering inf\u00e4lld i kopplingsdosa (ytterm\u00e5tt 82mm) med c\/c 67mm h\u00e5lavst\u00e5nd f\u00f6r skruv. Plint med 16st slitsterminaler (LSA) f\u00f6r inkommande tr\u00e5d (0,4-0,7mm , area 0,14-0,4mm2) och 16 st skruvterminaler med hissfunktion f\u00f6r utg\u00e5ende kabel (f\u00f6r flerkardelig tr\u00e5d om 0,14-1mm2). Levereras med ett kvadratiskt t\u00e4cklock 92&#215;92 mm vit UL94-V0 plast.<\/p>","protected":false},"excerpt":{"rendered":"<p>Larmbox &#8211; Larmdosa &#8211; Kopplingsdosa<\/p>","protected":false},"featured_media":83413,"template":"","meta":{"_acf_changed":false},"product_brand":[],"product_cat":[468],"product_tag":[1548,1554],"class_list":{"0":"post-31306","1":"product","2":"type-product","3":"status-publish","4":"has-post-thumbnail","6":"product_cat-larmdosor","7":"product_tag-dosa-16-polig","8":"product_tag-dosa-for-kopplingsdosa-k-dosa","9":"product_shipping_class-postnord-varubrev","10":"pa_brands-alarmtech","11":"pa_farg-ovrigt","12":"tm-no-options","14":"first","15":"outofstock","16":"sale","17":"taxable","18":"shipping-taxable","19":"product-type-simple"},"acf":[],"_links":{"self":[{"href":"https:\/\/stonehouse.se\/en\/wp-json\/wp\/v2\/product\/31306","targetHints":{"allow":["GET"]}}],"collection":[{"href":"https:\/\/stonehouse.se\/en\/wp-json\/wp\/v2\/product"}],"about":[{"href":"https:\/\/stonehouse.se\/en\/wp-json\/wp\/v2\/types\/product"}],"wp:featuredmedia":[{"embeddable":true,"href":"https:\/\/stonehouse.se\/en\/wp-json\/wp\/v2\/media\/83413"}],"wp:attachment":[{"href":"https:\/\/stonehouse.se\/en\/wp-json\/wp\/v2\/media?parent=31306"}],"wp:term":[{"taxonomy":"product_brand","embeddable":true,"href":"https:\/\/stonehouse.se\/en\/wp-json\/wp\/v2\/product_brand?post=31306"},{"taxonomy":"product_cat","embeddable":true,"href":"https:\/\/stonehouse.se\/en\/wp-json\/wp\/v2\/product_cat?post=31306"},{"taxonomy":"product_tag","embeddable":true,"href":"https:\/\/stonehouse.se\/en\/wp-json\/wp\/v2\/product_tag?post=31306"}],"curies":[{"name":"wp","href":"https:\/\/api.w.org\/{rel}","templated":true}]}}