
{"id":31317,"date":"2022-06-29T13:06:43","date_gmt":"2022-06-29T11:06:43","guid":{"rendered":"https:\/\/stonehouse.se\/produkt\/bussplint-3x-1-3-par-avsak\/"},"modified":"2026-04-08T16:50:44","modified_gmt":"2026-04-08T14:50:44","slug":"bussplint-3x-1-3-par-avsak","status":"publish","type":"product","link":"https:\/\/stonehouse.se\/en\/product\/bussplint-3x-1-3-par-avsak\/","title":{"rendered":"Bussplint 3X 1-3 Par Avs\u00e4k"},"content":{"rendered":"<p>Bussplint 6 polig: 3&#215;1 par ing\u00e5ende kabel som sprids p\u00e5 3 x 3 par ut. Den tredje paret \u00e4r avs\u00e4krat p\u00e5 tv\u00e5 st\u00e4llen d\u00e4r de tv\u00e5 sista utg\u00e5ende paren (08+09) \u00e4r avs\u00e4krade. Slitsterminaler (LSA) f\u00f6r f\u00f6r 0,4-0,7mm tr\u00e5ddiameter (area 0,12-0,4mm2). Separat terminal f\u00f6r sk\u00e4rmanslutning. Komplettera med signeringsplint 3131.01 (Enr. 5015386). Plinten passar i Fatums plast- och pl\u00e5tprogram.<\/p>","protected":false},"excerpt":{"rendered":"<p>Bussplint 6 polig: 3&#215;1 par ing\u00e5ende kabel som sprids p\u00e5 3 x 3 par ut. Den tredje paret \u00e4r avs\u00e4krat<\/p>","protected":false},"featured_media":83242,"template":"","meta":{"_acf_changed":false},"product_brand":[],"product_cat":[470],"product_tag":[1544],"class_list":{"0":"post-31317","1":"product","2":"type-product","3":"status-publish","4":"has-post-thumbnail","6":"product_cat-plint-larm-telebox","7":"product_tag-box-bygling-buss","8":"product_shipping_class-postnord-varubrev","9":"pa_brands-alarmtech","10":"tm-no-options","12":"first","13":"outofstock","14":"sale","15":"taxable","16":"shipping-taxable","17":"product-type-simple"},"acf":[],"_links":{"self":[{"href":"https:\/\/stonehouse.se\/en\/wp-json\/wp\/v2\/product\/31317","targetHints":{"allow":["GET"]}}],"collection":[{"href":"https:\/\/stonehouse.se\/en\/wp-json\/wp\/v2\/product"}],"about":[{"href":"https:\/\/stonehouse.se\/en\/wp-json\/wp\/v2\/types\/product"}],"wp:featuredmedia":[{"embeddable":true,"href":"https:\/\/stonehouse.se\/en\/wp-json\/wp\/v2\/media\/83242"}],"wp:attachment":[{"href":"https:\/\/stonehouse.se\/en\/wp-json\/wp\/v2\/media?parent=31317"}],"wp:term":[{"taxonomy":"product_brand","embeddable":true,"href":"https:\/\/stonehouse.se\/en\/wp-json\/wp\/v2\/product_brand?post=31317"},{"taxonomy":"product_cat","embeddable":true,"href":"https:\/\/stonehouse.se\/en\/wp-json\/wp\/v2\/product_cat?post=31317"},{"taxonomy":"product_tag","embeddable":true,"href":"https:\/\/stonehouse.se\/en\/wp-json\/wp\/v2\/product_tag?post=31317"}],"curies":[{"name":"wp","href":"https:\/\/api.w.org\/{rel}","templated":true}]}}