
{"id":31318,"date":"2022-06-29T13:06:05","date_gmt":"2022-06-29T11:06:05","guid":{"rendered":"https:\/\/stonehouse.se\/produkt\/kopplingsbox-19-utdragb\/"},"modified":"2026-04-08T16:48:25","modified_gmt":"2026-04-08T14:48:25","slug":"kopplingsbox-19-utdragb","status":"publish","type":"product","link":"https:\/\/stonehouse.se\/en\/product\/kopplingsbox-19-utdragb\/","title":{"rendered":"Kopplingsbox 19&#8243; Utdragb"},"content":{"rendered":"<p>M\u00f6jligg\u00f6r bekv\u00e4m installation av kopplingsplintar horisontellt, med plats f\u00f6r upp till 10 Fatum modulplintar. Storlek p\u00e5 metall\u00e5dan 44x485x220mm (HxBxD), vitt pulverlackerat lock. Kabelutg\u00e5ngar i bakkant. Levereras med plintdistanser och kabelskydd. Komplettera eventuellt med v\u00e4ggsigneringsbricka 3132.01 (5015560) eller fler plintdistanser, tex art.Nr. 2591.12 eller 2591.15 (Enr. 5015374, 5015376). Finns \u00e4ven f\u00f6r Lenel kort, se 3310.021 (Enr 5010292).<\/p>","protected":false},"excerpt":{"rendered":"<p>M\u00f6jligg\u00f6r bekv\u00e4m installation av kopplingsplintar horisontellt, med plats f\u00f6r upp till 10 Fatum modulplintar. Storlek p\u00e5 metall\u00e5dan 44x485x220mm (HxBxD), vitt<\/p>","protected":false},"featured_media":83248,"template":"","meta":{"_acf_changed":false},"product_brand":[],"product_cat":[470],"product_tag":[1545],"class_list":{"0":"post-31318","1":"product","2":"type-product","3":"status-publish","4":"has-post-thumbnail","6":"product_cat-plint-larm-telebox","7":"product_tag-box-19-med-tillbehor","8":"product_shipping_class-postnord-varubrev","9":"pa_brands-alarmtech","10":"tm-no-options","12":"first","13":"outofstock","14":"sale","15":"taxable","16":"shipping-taxable","17":"product-type-simple"},"acf":[],"_links":{"self":[{"href":"https:\/\/stonehouse.se\/en\/wp-json\/wp\/v2\/product\/31318","targetHints":{"allow":["GET"]}}],"collection":[{"href":"https:\/\/stonehouse.se\/en\/wp-json\/wp\/v2\/product"}],"about":[{"href":"https:\/\/stonehouse.se\/en\/wp-json\/wp\/v2\/types\/product"}],"wp:featuredmedia":[{"embeddable":true,"href":"https:\/\/stonehouse.se\/en\/wp-json\/wp\/v2\/media\/83248"}],"wp:attachment":[{"href":"https:\/\/stonehouse.se\/en\/wp-json\/wp\/v2\/media?parent=31318"}],"wp:term":[{"taxonomy":"product_brand","embeddable":true,"href":"https:\/\/stonehouse.se\/en\/wp-json\/wp\/v2\/product_brand?post=31318"},{"taxonomy":"product_cat","embeddable":true,"href":"https:\/\/stonehouse.se\/en\/wp-json\/wp\/v2\/product_cat?post=31318"},{"taxonomy":"product_tag","embeddable":true,"href":"https:\/\/stonehouse.se\/en\/wp-json\/wp\/v2\/product_tag?post=31318"}],"curies":[{"name":"wp","href":"https:\/\/api.w.org\/{rel}","templated":true}]}}