
{"id":31321,"date":"2022-06-29T13:04:51","date_gmt":"2022-06-29T11:04:51","guid":{"rendered":"https:\/\/stonehouse.se\/produkt\/minibox-tom-1-plint-2\/"},"modified":"2026-04-08T17:00:52","modified_gmt":"2026-04-08T15:00:52","slug":"minibox-tom-1-plint-2","status":"publish","type":"product","link":"https:\/\/stonehouse.se\/en\/product\/minibox-tom-1-plint-2\/","title":{"rendered":"Kopplingsdosa &#8211; Anslutningsplint Tom 1 Plint"},"content":{"rendered":"<p>Tom l\u00e5da med helt lock i r\u00f6d plast som uppfyller UL94-V0. Inkluderar en skruv f\u00f6r locket och en skruv till plinten. H\u00e5l f\u00f6r kabeln finns p\u00e5 baksidan av l\u00e5dan. Komplettera g\u00e4rna med stapelbara distanser: 6mm 2581.06 (5015236) eller 13mm 2581.13 (5015238) samt v\u00e4ggsigneringskylt 3132.01 (5015560).<\/p>","protected":false},"excerpt":{"rendered":"<p>Larmbox &#8211; Larmdosa &#8211; Kopplingsdosa<\/p>","protected":false},"featured_media":83143,"template":"","meta":{"_acf_changed":false},"product_brand":[],"product_cat":[468],"product_tag":[],"class_list":{"0":"post-31321","1":"product","2":"type-product","3":"status-publish","4":"has-post-thumbnail","6":"product_cat-larmdosor","7":"product_shipping_class-postnord-varubrev","8":"pa_brands-alarmtech","9":"tm-no-options","11":"first","12":"outofstock","13":"sale","14":"taxable","15":"shipping-taxable","16":"product-type-simple"},"acf":[],"_links":{"self":[{"href":"https:\/\/stonehouse.se\/en\/wp-json\/wp\/v2\/product\/31321","targetHints":{"allow":["GET"]}}],"collection":[{"href":"https:\/\/stonehouse.se\/en\/wp-json\/wp\/v2\/product"}],"about":[{"href":"https:\/\/stonehouse.se\/en\/wp-json\/wp\/v2\/types\/product"}],"wp:featuredmedia":[{"embeddable":true,"href":"https:\/\/stonehouse.se\/en\/wp-json\/wp\/v2\/media\/83143"}],"wp:attachment":[{"href":"https:\/\/stonehouse.se\/en\/wp-json\/wp\/v2\/media?parent=31321"}],"wp:term":[{"taxonomy":"product_brand","embeddable":true,"href":"https:\/\/stonehouse.se\/en\/wp-json\/wp\/v2\/product_brand?post=31321"},{"taxonomy":"product_cat","embeddable":true,"href":"https:\/\/stonehouse.se\/en\/wp-json\/wp\/v2\/product_cat?post=31321"},{"taxonomy":"product_tag","embeddable":true,"href":"https:\/\/stonehouse.se\/en\/wp-json\/wp\/v2\/product_tag?post=31321"}],"curies":[{"name":"wp","href":"https:\/\/api.w.org\/{rel}","templated":true}]}}